{"id":2951,"date":"2020-10-03T07:40:04","date_gmt":"2020-10-03T07:40:04","guid":{"rendered":"https:\/\/spaziointeriore.com\/casaeditrice\/shop\/antar-yatra\/"},"modified":"2022-06-28T14:20:59","modified_gmt":"2022-06-28T14:20:59","slug":"antar-yatra","status":"publish","type":"product","link":"https:\/\/www.spaziointeriore.com\/casaeditrice\/catalogo\/antar-yatra\/","title":{"rendered":"ANTAR YATRA"},"content":{"rendered":"<p>Antar Yatra. Il viaggio interiore \u00e8 un\u2019opera particolare, nella quale le parole si fondono in immagini e si muovono ritmicamente fino a creare una sorta di musica, in modo da scavalcare ogni logica razionale e riattivare nel lettore l\u2019intelligenza intuitiva, quella forma di intelligenza superiore che sola gli consente di compiere il salto nello sconosciuto che gli appartiene. Antar Yatra \u00e8 lasciare una vita \u201cad aria condizionata\u201d per seguire una vita condizionata dalla Natura, per trovare con felicit\u00e0 i momenti di stacco dai doveri quotidiani e dedicarsi a se stessi e ritrovare un\u2019energia pura, sana, che spinge a vivere appieno abbandonando ogni automatismo. Seguendo l\u2019avvicendarsi dei cicli delle stagioni e cullando il lettore tra gli insegnamenti delle pi\u00f9 antiche tradizioni religiose orientali, e le difficolt\u00e0 e i pericoli della vita moderna, in queste pagine \u2013 anche grazie ai mantra riportati e ad alcuni esercizi proposti \u2013 \u00e8 possibile ritrovare il pieno contatto con quella realt\u00e0 interiore che ti avvicina al Divino, che ti d\u00e0 gioia, che ti cancella tutti i dubbi.<\/p>\n<p><em>\u00abLe parole non riescono a raccontare quel che si prova dentro. Da sempre l\u2019umanit\u00e0 sensibile ha cercato di esprimere con un quadro, un poema, una poesia, un brano musicale, quella realt\u00e0 interiore che ti avvicina al Divino, che ti d\u00e0 gioia, che ti fa sentire che \u00e8 Vero, che ti cancella tutti i dubbi. Le opere ti portano vicino, molto vicino, ma sta a te fare il salto nello sconosciuto. Senza esperienza diretta non lo potrai mai capire. Arte e scritture sacre ti stimolano a guardare in alto nella giusta direzione, con volont\u00e0, primo seme del pensiero, quella volont\u00e0 in cui si congiungono esistente e non esistente. Intraprendi Antar Yatra. Il cammino interiore non \u00e8 intellettuale, \u00e8 senza logica, \u00e8 soltanto intuitivo\u00bb<\/em>.<\/p>\n","protected":false},"excerpt":{"rendered":"<p>Antar Yatra. Il viaggio interiore \u00e8 un&#8217;opera particolare, nella quale le parole si fondono in immagini e si muovono ritmicamente fino a creare una sorta di musica, in modo da scavalcare ogni logica razionale e riattivare nel lettore l&#8217;intelligenza intuitiva, quella forma di intelligenza superiore che sola gli consente di compiere il salto nello sconosciuto che gli appartiene. Antar Yatra \u00e8 lasciare una vita &#8220;ad aria condizionata&#8221; per seguire una vita condizionata dalla Natura, per trovare con felicit\u00e0 i momenti di stacco dai doveri quotidiani e dedicarsi a se stessi e ritrovare un&#8217;energia pura, sana, che spinge a vivere appieno abbandonando ogni automatismo.<\/p>\n","protected":false},"featured_media":3891,"template":"","meta":{"_acf_changed":false},"product_brand":[],"product_cat":[146,149,90,214],"product_tag":[],"class_list":{"0":"post-2951","1":"product","2":"type-product","3":"status-publish","4":"has-post-thumbnail","6":"product_cat-fuori-collana","7":"product_cat-letteratura-di-risveglio-cat","8":"product_cat-ricerca-interiore-cat","9":"product_cat-sri-niwas-e-padma-tripathi-cat","11":"first","12":"instock","13":"shipping-taxable","14":"purchasable","15":"product-type-simple"},"acf":[],"_links":{"self":[{"href":"https:\/\/www.spaziointeriore.com\/casaeditrice\/wp-json\/wp\/v2\/product\/2951","targetHints":{"allow":["GET"]}}],"collection":[{"href":"https:\/\/www.spaziointeriore.com\/casaeditrice\/wp-json\/wp\/v2\/product"}],"about":[{"href":"https:\/\/www.spaziointeriore.com\/casaeditrice\/wp-json\/wp\/v2\/types\/product"}],"wp:featuredmedia":[{"embeddable":true,"href":"https:\/\/www.spaziointeriore.com\/casaeditrice\/wp-json\/wp\/v2\/media\/3891"}],"wp:attachment":[{"href":"https:\/\/www.spaziointeriore.com\/casaeditrice\/wp-json\/wp\/v2\/media?parent=2951"}],"wp:term":[{"taxonomy":"product_brand","embeddable":true,"href":"https:\/\/www.spaziointeriore.com\/casaeditrice\/wp-json\/wp\/v2\/product_brand?post=2951"},{"taxonomy":"product_cat","embeddable":true,"href":"https:\/\/www.spaziointeriore.com\/casaeditrice\/wp-json\/wp\/v2\/product_cat?post=2951"},{"taxonomy":"product_tag","embeddable":true,"href":"https:\/\/www.spaziointeriore.com\/casaeditrice\/wp-json\/wp\/v2\/product_tag?post=2951"}],"curies":[{"name":"wp","href":"https:\/\/api.w.org\/{rel}","templated":true}]}}