{"id":2956,"date":"2020-10-03T07:40:05","date_gmt":"2020-10-03T07:40:05","guid":{"rendered":"https:\/\/spaziointeriore.com\/casaeditrice\/shop\/sesso-eroico-furore\/"},"modified":"2022-02-07T15:42:10","modified_gmt":"2022-02-07T15:42:10","slug":"sesso-eroico-furore","status":"publish","type":"product","link":"https:\/\/www.spaziointeriore.com\/casaeditrice\/catalogo\/sesso-eroico-furore\/","title":{"rendered":"SESSO EROICO FURORE"},"content":{"rendered":"<p>Il sesso \u00e8 croce e delizia dell\u2019umanit\u00e0 dalla notte dei tempi, ma in pochi ne conoscono il potenziale evolutivo e ancor meno sanno come sfruttarlo per operare una vera crescita interiore ed energetica. Analizzando, con taglio lucido e acuto, gli aspetti ancora oggi pi\u00f9 spinosi e controversi \u2013 dall\u2019immaginario all\u2019identit\u00e0 sessuale, dal sesso nella terza et\u00e0 alle cosiddette perversioni \u2013 Crimaldi restituisce al sesso la sua dimensione di forza per la realizzazione personale e lo sviluppo sessuale e ricostruisce il proficuo rapporto tra sesso ed evoluzione psicospirituale. Un libro senz\u2019altro <em>unpolitically correct<\/em>, ma proprio per questo in grado di smuovere il lettore in profondit\u00e0, sgretolando blocchi e tab\u00f9, offrendo nuove prospettive, affrontando il disagio pi\u00f9 o meno cosciente legato alla sfera del sesso e tramutandolo in potenziale evolutivo. \u00c8 solo riprendendo la dimensione umana, viscerale, sporca, conflittuale, ma anche travolgente, eccitante, passionale del sesso che possiamo scoprire il valore della vita e della creativit\u00e0 presente in ognuno di noi.<\/p>\n<p><em>\u00abUn percorso spirituale \u00e8 un viaggio verso la libert\u00e0, l\u2019indipendenza emotiva e culturale, una ricerca di senso che si trova attraverso l\u2019incontro con la propria solitudine, ma anche con gli altri, provando a mantenere sempre un atteggiamento di apertura e disponibilit\u00e0, ma mai di sudditanza o simbiosi. Pertanto la dimensione spirituale nella sessualit\u00e0 nasce dal superamento del pregiudizio di genere, dalla ricerca dell\u2019altro come compagno di un percorso che tramite la scoperta del piacere reciproco porta al raggiungimento di un appagamento fisico fonte di benessere e di equilibrio psicologico. Il rapporto sessuale, se finalizzato alla ricerca del piacere e non vissuto come dovere, \u00e8 sempre apportatore di una carica creativa, di un\u2019energia fisica e mentale in grado di farci fare grandi cose, aiutando cos\u00ec a trovare il senso profondo della nostra esistenza\u00bb<\/em>.<\/p>\n","protected":false},"excerpt":{"rendered":"<p>Un libro sul sesso senz&#8217;altro unpolitically-correct, ma proprio per questo in grado di smuovere il lettore in profondit\u00e0, sgretolando blocchi e tab\u00f9, offrendo nuove prospettive, affrontando il disagio legato alla sfera del sesso e tramutandolo in potenziale evolutivo.<\/p>\n","protected":false},"featured_media":3895,"template":"","meta":{"_acf_changed":false},"product_brand":[],"product_cat":[141,167,89,93],"product_tag":[],"class_list":{"0":"post-2956","1":"product","2":"type-product","3":"status-publish","4":"has-post-thumbnail","6":"product_cat-luxor","7":"product_cat-paolo-crimaldi-cat","8":"product_cat-psicologia-transpersonale-cat","9":"product_cat-sessualita-cat","11":"first","12":"instock","13":"shipping-taxable","14":"purchasable","15":"product-type-simple"},"acf":[],"_links":{"self":[{"href":"https:\/\/www.spaziointeriore.com\/casaeditrice\/wp-json\/wp\/v2\/product\/2956","targetHints":{"allow":["GET"]}}],"collection":[{"href":"https:\/\/www.spaziointeriore.com\/casaeditrice\/wp-json\/wp\/v2\/product"}],"about":[{"href":"https:\/\/www.spaziointeriore.com\/casaeditrice\/wp-json\/wp\/v2\/types\/product"}],"wp:featuredmedia":[{"embeddable":true,"href":"https:\/\/www.spaziointeriore.com\/casaeditrice\/wp-json\/wp\/v2\/media\/3895"}],"wp:attachment":[{"href":"https:\/\/www.spaziointeriore.com\/casaeditrice\/wp-json\/wp\/v2\/media?parent=2956"}],"wp:term":[{"taxonomy":"product_brand","embeddable":true,"href":"https:\/\/www.spaziointeriore.com\/casaeditrice\/wp-json\/wp\/v2\/product_brand?post=2956"},{"taxonomy":"product_cat","embeddable":true,"href":"https:\/\/www.spaziointeriore.com\/casaeditrice\/wp-json\/wp\/v2\/product_cat?post=2956"},{"taxonomy":"product_tag","embeddable":true,"href":"https:\/\/www.spaziointeriore.com\/casaeditrice\/wp-json\/wp\/v2\/product_tag?post=2956"}],"curies":[{"name":"wp","href":"https:\/\/api.w.org\/{rel}","templated":true}]}}