{"id":2961,"date":"2020-10-03T07:40:05","date_gmt":"2020-10-03T07:40:05","guid":{"rendered":"https:\/\/spaziointeriore.com\/casaeditrice\/shop\/il-libro-della-grandezza\/"},"modified":"2023-10-19T09:41:21","modified_gmt":"2023-10-19T09:41:21","slug":"il-libro-della-grandezza","status":"publish","type":"product","link":"https:\/\/www.spaziointeriore.com\/casaeditrice\/catalogo\/il-libro-della-grandezza\/","title":{"rendered":"IL LIBRO DELLA GRANDEZZA"},"content":{"rendered":"<p>C\u2019\u00e8 una reale grandezza in ognuno di noi, che prescinde dalla nostra volont\u00e0 e dal nostro ego, e che spesso si mostra nelle situazioni di difficolt\u00e0, donandoci il potere e la forza di restare centrati anche in mezzo a un ciclone. Attraverso un profondo e illuminante dialogo con i propri Maestri Invisibili, Panatta ci accompagna a riscoprirla e con essa a ricontattare l\u2019essenza pi\u00f9 vera e potente che alberga nel profondo di ogni essere umano.<br \/>\nUn libro dedicato a tutti coloro che prendono la vita come una serie continua di possibilit\u00e0 e occasioni per essere di pi\u00f9, comprendere di pi\u00f9 e scoprire di pi\u00f9 sul rapporto fra l\u2019interno e l\u2019esterno. Un viaggio delicato e appassionante dentro la nostra personale grandezza, in grado di rendere pi\u00f9 chiara quella meravigliosa dinamica che si instaura tra i propri maestri invisibili e la vita quotidiana e che ci conduce a riscoprire che il rapporto con lo spirito, lungi dall\u2019essere un gioco fantastico, pu\u00f2 concretamente migliorare e dare pi\u00f9 potere sulla vita reale, rivelandosi il pi\u00f9 potente strumento di crescita.<\/p>\n<p><em>\u00abLa grandezza non tollera le proiezioni n\u00e9 i paragoni. La grandezza vi spinge invece a guardare lontano, fuori dagli schemi e dalle convenzioni e tu l\u2019hai accolta ma solo in minima parte, perch\u00e9 come fanno quasi tutti hai continuato a guardare indietro e a chiederti \u201cE se sbagliassi a non essere come tutti gli altri?\u201d Queste domande uccidono la grandezza, oltre che la serenit\u00e0\u00bb<\/em>.<\/p>\n","protected":false},"excerpt":{"rendered":"<p>Attraverso un profondo e illuminante dialogo con i propri Maestri Invisibili, Panatta ci accompagna a riscoprire la nostra grandezza e a ricontattare l\u2019essenza pi\u00f9 vera e potente che alberga nel profondo di ogni essere umano.<\/p>\n","protected":false},"featured_media":3899,"template":"","meta":{"_acf_changed":false},"product_brand":[],"product_cat":[153,140],"product_tag":[],"class_list":{"0":"post-2961","1":"product","2":"type-product","3":"status-publish","4":"has-post-thumbnail","6":"product_cat-andrea-panatta-cat","7":"product_cat-lanterne","9":"first","10":"instock","11":"shipping-taxable","12":"purchasable","13":"product-type-simple"},"acf":[],"_links":{"self":[{"href":"https:\/\/www.spaziointeriore.com\/casaeditrice\/wp-json\/wp\/v2\/product\/2961","targetHints":{"allow":["GET"]}}],"collection":[{"href":"https:\/\/www.spaziointeriore.com\/casaeditrice\/wp-json\/wp\/v2\/product"}],"about":[{"href":"https:\/\/www.spaziointeriore.com\/casaeditrice\/wp-json\/wp\/v2\/types\/product"}],"wp:featuredmedia":[{"embeddable":true,"href":"https:\/\/www.spaziointeriore.com\/casaeditrice\/wp-json\/wp\/v2\/media\/3899"}],"wp:attachment":[{"href":"https:\/\/www.spaziointeriore.com\/casaeditrice\/wp-json\/wp\/v2\/media?parent=2961"}],"wp:term":[{"taxonomy":"product_brand","embeddable":true,"href":"https:\/\/www.spaziointeriore.com\/casaeditrice\/wp-json\/wp\/v2\/product_brand?post=2961"},{"taxonomy":"product_cat","embeddable":true,"href":"https:\/\/www.spaziointeriore.com\/casaeditrice\/wp-json\/wp\/v2\/product_cat?post=2961"},{"taxonomy":"product_tag","embeddable":true,"href":"https:\/\/www.spaziointeriore.com\/casaeditrice\/wp-json\/wp\/v2\/product_tag?post=2961"}],"curies":[{"name":"wp","href":"https:\/\/api.w.org\/{rel}","templated":true}]}}