{"id":2963,"date":"2020-10-03T07:40:05","date_gmt":"2020-10-03T07:40:05","guid":{"rendered":"https:\/\/spaziointeriore.com\/casaeditrice\/shop\/hybrids\/"},"modified":"2022-02-07T11:57:55","modified_gmt":"2022-02-07T11:57:55","slug":"hybrids","status":"publish","type":"product","link":"https:\/\/www.spaziointeriore.com\/casaeditrice\/catalogo\/hybrids\/","title":{"rendered":"HYBRIDS"},"content":{"rendered":"<p>Passione e curiosit\u00e0 per Elfi, Draghi, Goblin, Angeli e molti altri, ci accompagnano da sempre. In queste pagine assolutamente fuori dall\u2019ordinario, l\u2019autrice \u2013 coadiuvata dal Leprecauno Lloyd \u2013 illustra al lettore le caratteristiche primarie degli Elementali, dei Cugini Umani e degli Esseri Siderali, mostrandogli come queste creature siano presenti tra noi molto pi\u00f9 di quanto avremmo mai osato immaginare. Fornendo informazioni precise e puntuali, corredate da numerose testimonianze, Helliwell ci accompagna infatti alla scoperta delle caratteristiche delle varie tipologie di ibridi umani (gli individui con un retaggio da Elementale), fornendo una risposta alla diffusa sensazione di essere diversi in un mondo umano. Il libro include anche un questionario per aiutare il lettore a stabilire se sia anch\u2019egli un ibrido e a quale categoria appartenga, nonch\u00e9 delle indicazioni utili per usarne le relative caratteristiche in modo da vivere la vita al massimo del suo potenziale. E tu che leggi, davvero pensi ancora di essere umano?<\/p>\n<p><em>\u00abPenso che il tempo sia maturo per introdurre la possibilit\u00e0 che non tutti gli umani siano completamente umani. Accettare questa possibilit\u00e0 ci porta a una comprensione pi\u00f9 profonda delle nostre differenze e dei doni che ciascuno di noi pu\u00f2 offrire al mondo. Trasforma il nostro mondo da uno schermo bianco e nero a una tavolozza di colori vari e intensi, mentre scopriamo i nostri talenti, le nostre debolezze, le ragioni per vivere e come co-creare insieme questo meraviglioso pianeta\u00bb<\/em>.<\/p>\n","protected":false},"excerpt":{"rendered":"<p>Un libro imperdibile per tutti gli appassionati del mondo degli esseri Elementali \u2013 dagli Elfi agli Angeli ai Draghi \u2013 che con gioia e stupore avranno modo di scoprire come queste creature siano molto pi\u00f9 presenti tra noi di quanto abbiano mai osato immaginare!<\/p>\n","protected":false},"featured_media":4430,"template":"","meta":{"_acf_changed":false},"product_brand":[],"product_cat":[68,90,92,179],"product_tag":[],"class_list":{"0":"post-2963","1":"product","2":"type-product","3":"status-publish","4":"has-post-thumbnail","6":"product_cat-nonordinari","7":"product_cat-ricerca-interiore-cat","8":"product_cat-scienze-di-confine-cat","9":"product_cat-tanis-helliwell-cat","11":"first","12":"instock","13":"shipping-taxable","14":"purchasable","15":"product-type-simple"},"acf":[],"_links":{"self":[{"href":"https:\/\/www.spaziointeriore.com\/casaeditrice\/wp-json\/wp\/v2\/product\/2963","targetHints":{"allow":["GET"]}}],"collection":[{"href":"https:\/\/www.spaziointeriore.com\/casaeditrice\/wp-json\/wp\/v2\/product"}],"about":[{"href":"https:\/\/www.spaziointeriore.com\/casaeditrice\/wp-json\/wp\/v2\/types\/product"}],"wp:featuredmedia":[{"embeddable":true,"href":"https:\/\/www.spaziointeriore.com\/casaeditrice\/wp-json\/wp\/v2\/media\/4430"}],"wp:attachment":[{"href":"https:\/\/www.spaziointeriore.com\/casaeditrice\/wp-json\/wp\/v2\/media?parent=2963"}],"wp:term":[{"taxonomy":"product_brand","embeddable":true,"href":"https:\/\/www.spaziointeriore.com\/casaeditrice\/wp-json\/wp\/v2\/product_brand?post=2963"},{"taxonomy":"product_cat","embeddable":true,"href":"https:\/\/www.spaziointeriore.com\/casaeditrice\/wp-json\/wp\/v2\/product_cat?post=2963"},{"taxonomy":"product_tag","embeddable":true,"href":"https:\/\/www.spaziointeriore.com\/casaeditrice\/wp-json\/wp\/v2\/product_tag?post=2963"}],"curies":[{"name":"wp","href":"https:\/\/api.w.org\/{rel}","templated":true}]}}