{"id":4226,"date":"2020-10-03T07:40:05","date_gmt":"2020-10-03T07:40:05","guid":{"rendered":"https:\/\/spaziointeriore.com\/casaeditrice\/shop\/simbologia-di-giove\/"},"modified":"2022-05-16T12:08:34","modified_gmt":"2022-05-16T12:08:34","slug":"simbologia-di-giove","status":"publish","type":"product","link":"https:\/\/www.spaziointeriore.com\/casaeditrice\/catalogo\/simbologia-di-giove\/","title":{"rendered":"SIMBOLOGIA DI GIOVE"},"content":{"rendered":"<p>\nGiove simboleggia il principio di crescita ed espansione dell\u2019Io, poich\u00e9 il suo compito \u00e8 di spingerlo ad avventurarsi verso il mondo esterno alla conquista di visibilit\u00e0 e integrazione sociale, ed \u00e8 altres\u00ec uno dei pianeti di collegamento che, insieme a Saturno, fa da ponte tra il mondo personale e quello transpersonale. Un archetipo dunque fondamentale, che consente all\u2019individuo di vivere al meglio delle proprie possibilit\u00e0 immaginando e creando per se stesso \u201cil migliore dei mondi possibili\u201d. Lidia Fassio ci offre di Giove un\u2019analisi chiara quanto profonda ed esaustiva, andando ad esaminarne non solo il simbolismo, le funzioni psichiche, i transiti e il rapporto con gli elementi e i segni, ma anche la collocazione nelle dodici case e gli aspetti che forma con gli altri pianeti. Una guida teorico-pratica che si rivela preziosa, tanto per il neofita quanto per l\u2019esperto di astrologia, poich\u00e9 fornisce la chiave per la piena comprensione di questo archetipo e perci\u00f2 per una sua efficace e precisa lettura nell\u2019ambito del tema natale.<\/p>\n<p><em>\u00abGiove simboleggia l\u2019ottimismo, la prosperit\u00e0, il desiderio di possesso a pi\u00f9 livelli nonch\u00e9 l\u2019adattamento sociale alla cultura e al mondo in cui si vive; il suo \u00e8 un desiderio di arricchimento e di miglioramento in ogni campo: materiale, culturale, psicologico e spirituale. \u00c8 la molla che da sempre ha spinto gli uomini a non accontentarsi e ad avventurarsi cercando di conquistare qualcosa di pi\u00f9 e di meglio. Essere in sintonia con Giove significa vivere al meglio delle proprie possibilit\u00e0 immaginando e creando per se stessi \u201cil migliore dei mondi possibili\u201d\u00bb<\/em>.<\/p>\n","protected":false},"excerpt":{"rendered":"<p>Giove simboleggia il principio di crescita ed espansione dell\u2019Io, poich\u00e9 il suo compito \u00e8 di spingerlo ad avventurarsi verso il mondo esterno alla conquista di visibilit\u00e0 e integrazione sociale, ed [&hellip;]<\/p>\n","protected":false},"featured_media":4250,"template":"","meta":{"_acf_changed":false},"product_brand":[],"product_cat":[83,140,173],"product_tag":[],"class_list":{"0":"post-4226","1":"product","2":"type-product","3":"status-publish","4":"has-post-thumbnail","6":"product_cat-astrologia-cat","7":"product_cat-lanterne","8":"product_cat-lidia-fassio-cat","10":"first","11":"instock","12":"shipping-taxable","13":"purchasable","14":"product-type-simple"},"acf":[],"_links":{"self":[{"href":"https:\/\/www.spaziointeriore.com\/casaeditrice\/wp-json\/wp\/v2\/product\/4226","targetHints":{"allow":["GET"]}}],"collection":[{"href":"https:\/\/www.spaziointeriore.com\/casaeditrice\/wp-json\/wp\/v2\/product"}],"about":[{"href":"https:\/\/www.spaziointeriore.com\/casaeditrice\/wp-json\/wp\/v2\/types\/product"}],"wp:featuredmedia":[{"embeddable":true,"href":"https:\/\/www.spaziointeriore.com\/casaeditrice\/wp-json\/wp\/v2\/media\/4250"}],"wp:attachment":[{"href":"https:\/\/www.spaziointeriore.com\/casaeditrice\/wp-json\/wp\/v2\/media?parent=4226"}],"wp:term":[{"taxonomy":"product_brand","embeddable":true,"href":"https:\/\/www.spaziointeriore.com\/casaeditrice\/wp-json\/wp\/v2\/product_brand?post=4226"},{"taxonomy":"product_cat","embeddable":true,"href":"https:\/\/www.spaziointeriore.com\/casaeditrice\/wp-json\/wp\/v2\/product_cat?post=4226"},{"taxonomy":"product_tag","embeddable":true,"href":"https:\/\/www.spaziointeriore.com\/casaeditrice\/wp-json\/wp\/v2\/product_tag?post=4226"}],"curies":[{"name":"wp","href":"https:\/\/api.w.org\/{rel}","templated":true}]}}