{"id":4253,"date":"2020-09-24T09:44:04","date_gmt":"2020-09-24T09:44:04","guid":{"rendered":"https:\/\/spaziointeriore.com\/casaeditrice\/shop\/cheope-la-fabbrica-dellimmortalita\/"},"modified":"2021-06-10T11:23:33","modified_gmt":"2021-06-10T11:23:33","slug":"cheope-la-fabbrica-dellimmortalita","status":"publish","type":"product","link":"https:\/\/www.spaziointeriore.com\/casaeditrice\/catalogo\/cheope-la-fabbrica-dellimmortalita\/","title":{"rendered":"CHEOPE &#8211; LA FABBRICA DELL\u2019IMMORTALIT\u00c0"},"content":{"rendered":"<p>Una profonda immersione fino al cuore pi\u00f9 misterioso dei grandi enigmi della civilt\u00e0 umana per scoprire da <em>chi<\/em> e <em>perch\u00e9<\/em> fu costruita la Piramide di Cheope. Malanga passa a un vaglio impietoso le tante \u2013 troppe! \u2013 lacune, omissioni e contraddizioni della \u201cstoria ufficiale\u201d e non, fino a sgretolare completamente la versione che ci hanno sempre raccontato, offrendoci un\u2019elettrizzante ricostruzione che fa leva sulle evidenze scientifiche e utilizza la logica del buonsenso privo di paraocchi. Esiste infatti una profonda connessione \u2013 misteriosa, ma paradossalmente sotto gli occhi di chiunque abbia davvero voglia di vedere \u2013 che lega le Piramidi di Giza e le altre inspiegabili costruzioni megalitiche sparse in tutto il mondo, con gli esseri umani dai crani allungati, le razze aliene e un\u2019antica civilt\u00e0 prediluviana. Un <em>fil rouge<\/em> che Malanga segue in modo implacabile e instancabile schivando i depistaggi dei poteri forti, scavando sotto gli insabbiamenti, mettendo in discussione ogni certezza preconfezionata, fino a ricostruire, pagina dopo pagina, la storia di chi eravamo: una conoscenza indispensabile per comprendere in che direzione ci stiamo muovendo e quindi riappropriarci della libert\u00e0 di decidere del nostro futuro.<\/p>\n<p><em>\u00abNell\u2019antichit\u00e0 una stirpe umana, dotata di conoscenza dell\u2019esistenza della parte animica ma priva di essa, tecnicamente e spiritualmente evoluta, praticava sugli esseri umani dotati di anima, ma privi di conoscenza di s\u00e9, le stesse nefandezze che oggi, a specchio, ritroviamo nel comportamento degli alieni e dei nostri occulti governanti. Ecco perch\u00e9 dovevo tornare indietro nel tempo: per rendermi conto che l\u2019inconsapevolezza umana della razza dei crani allungati, aveva, a specchio, prodotto una civilt\u00e0 odierna in cui gli errori di consapevolezza dei nostri antenati prediluviani ci avevano portato a specchiarci nei bisogni degli alieni\u00bb<\/em>.<\/p>\n","protected":false},"excerpt":{"rendered":"<p>Malanga apre nuovi orizzonti e fornisce inaspettati strumenti di indagine volti a svelare uno dei pi\u00f9 grandi enigmi della storia dell\u2019umanit\u00e0: da chi, e soprattutto, con quale scopo fu costruita la Piramide di Cheope?<\/p>\n","protected":false},"featured_media":4254,"template":"","meta":{"_acf_changed":false},"product_brand":[],"product_cat":[185,68,92],"product_tag":[],"class_list":{"0":"post-4253","1":"product","2":"type-product","3":"status-publish","4":"has-post-thumbnail","6":"product_cat-corrado-malanga-cat","7":"product_cat-nonordinari","8":"product_cat-scienze-di-confine-cat","10":"first","11":"instock","12":"shipping-taxable","13":"purchasable","14":"product-type-simple"},"acf":[],"_links":{"self":[{"href":"https:\/\/www.spaziointeriore.com\/casaeditrice\/wp-json\/wp\/v2\/product\/4253","targetHints":{"allow":["GET"]}}],"collection":[{"href":"https:\/\/www.spaziointeriore.com\/casaeditrice\/wp-json\/wp\/v2\/product"}],"about":[{"href":"https:\/\/www.spaziointeriore.com\/casaeditrice\/wp-json\/wp\/v2\/types\/product"}],"wp:featuredmedia":[{"embeddable":true,"href":"https:\/\/www.spaziointeriore.com\/casaeditrice\/wp-json\/wp\/v2\/media\/4254"}],"wp:attachment":[{"href":"https:\/\/www.spaziointeriore.com\/casaeditrice\/wp-json\/wp\/v2\/media?parent=4253"}],"wp:term":[{"taxonomy":"product_brand","embeddable":true,"href":"https:\/\/www.spaziointeriore.com\/casaeditrice\/wp-json\/wp\/v2\/product_brand?post=4253"},{"taxonomy":"product_cat","embeddable":true,"href":"https:\/\/www.spaziointeriore.com\/casaeditrice\/wp-json\/wp\/v2\/product_cat?post=4253"},{"taxonomy":"product_tag","embeddable":true,"href":"https:\/\/www.spaziointeriore.com\/casaeditrice\/wp-json\/wp\/v2\/product_tag?post=4253"}],"curies":[{"name":"wp","href":"https:\/\/api.w.org\/{rel}","templated":true}]}}