{"id":4637,"date":"2020-10-03T07:25:53","date_gmt":"2020-10-03T07:25:53","guid":{"rendered":"https:\/\/spaziointeriore.com\/casaeditrice\/shop\/sex-drugs-magick\/"},"modified":"2025-07-16T08:24:59","modified_gmt":"2025-07-16T08:24:59","slug":"sex-drugs-magick","status":"publish","type":"product","link":"https:\/\/www.spaziointeriore.com\/casaeditrice\/catalogo\/sex-drugs-magick\/","title":{"rendered":"SEX DRUGS &amp; MAGICK"},"content":{"rendered":"<p>Un libro pi\u00f9 che mai attuale, in grado di fornire una panoramica ampia e dettagliata sulle interconnessioni \u2013 positive e negative \u2013 tra sesso, droghe e pratiche esoteriche, sugli usi (e abusi) tradizionali e moderni di questa triade e sulle reazioni evergreen delle istituzioni governative di fronte al desiderio umano di scoprire ci\u00f2 che \u00e8 oltre la realt\u00e0 ordinaria. Una trattazione senz\u2019altro \u201cdotta\u201d, stando alla puntualit\u00e0 e precisione dei contenuti e delle informazioni, ma che si rivela pirotecnica e avvolgente grazie all\u2019impareggiabile stile di Wilson, ricco di humor, cinismo, stupore e sagacia. Lasciarsi avvolgere e \u2013 perch\u00e9 no? \u2013 sconvolgere da queste pagine, che \u201cvanno gi\u00f9\u201d come nettare degli D\u00e8i dissetando il nostro bisogno di sapere, significa intraprendere uno dei viaggi pi\u00f9 utili e divertenti alla scoperta di luci e ombre del connubio esistente tra sesso, droghe e magia. Una vera esperienza di picco che lascer\u00e0 il solo rimpianto di essere giunti troppo in fretta all\u2019ultima pagina.<\/p>\n<p><em>\u00abForse in ognuno di noi ci sono risorse latenti di coraggio, creativit\u00e0 e pi\u00f9 elevata intelligenza. Pu\u00f2 darsi che non siamo ancora morti, ma solo ipnotizzati da filosofie morbose e moribonde. Forse i poteri della mente umana non si sono mai sprigionati pienamente a causa dei giochi paleolitici, neolitici, feudali, capitalisti o socialisti. Forse i limiti che sembrano restringere le nostre possibilit\u00e0 sono solo cattive abitudini che siamo in grado di trascendere totalmente. E forse la mente umana pu\u00f2 essere usata con divertimento e profitto. Coloro che sono fermamente decisi nel considerare queste idee eretiche e blasfeme potrebbero trarre profitto dalla lettura delle pagine che seguono\u00bb<\/em>.<\/p>\n","protected":false},"excerpt":{"rendered":"<p>Un\u2019affascinante quanto approfondita disamina degli usi (e abusi) tradizionali e moderni del legame tra sesso, droghe e pratiche esoteriche: un libro divertente e arricchente per chiunque voglia davvero conoscere questi sentieri proibiti verso la trascendenza.<\/p>\n","protected":false},"featured_media":4639,"template":"","meta":{"_acf_changed":false},"product_brand":[],"product_cat":[227,149,228,142,91,90,241,93],"product_tag":[],"class_list":{"0":"post-4637","1":"product","2":"type-product","3":"status-publish","4":"has-post-thumbnail","6":"product_cat-esoterismo-cat","7":"product_cat-letteratura-di-risveglio-cat","8":"product_cat-magia-cat","9":"product_cat-portali","10":"product_cat-psichedelia-cat","11":"product_cat-ricerca-interiore-cat","12":"product_cat-robert-anton-wilson-cat","13":"product_cat-sessualita-cat","15":"first","16":"instock","17":"shipping-taxable","18":"purchasable","19":"product-type-simple"},"acf":[],"_links":{"self":[{"href":"https:\/\/www.spaziointeriore.com\/casaeditrice\/wp-json\/wp\/v2\/product\/4637","targetHints":{"allow":["GET"]}}],"collection":[{"href":"https:\/\/www.spaziointeriore.com\/casaeditrice\/wp-json\/wp\/v2\/product"}],"about":[{"href":"https:\/\/www.spaziointeriore.com\/casaeditrice\/wp-json\/wp\/v2\/types\/product"}],"wp:featuredmedia":[{"embeddable":true,"href":"https:\/\/www.spaziointeriore.com\/casaeditrice\/wp-json\/wp\/v2\/media\/4639"}],"wp:attachment":[{"href":"https:\/\/www.spaziointeriore.com\/casaeditrice\/wp-json\/wp\/v2\/media?parent=4637"}],"wp:term":[{"taxonomy":"product_brand","embeddable":true,"href":"https:\/\/www.spaziointeriore.com\/casaeditrice\/wp-json\/wp\/v2\/product_brand?post=4637"},{"taxonomy":"product_cat","embeddable":true,"href":"https:\/\/www.spaziointeriore.com\/casaeditrice\/wp-json\/wp\/v2\/product_cat?post=4637"},{"taxonomy":"product_tag","embeddable":true,"href":"https:\/\/www.spaziointeriore.com\/casaeditrice\/wp-json\/wp\/v2\/product_tag?post=4637"}],"curies":[{"name":"wp","href":"https:\/\/api.w.org\/{rel}","templated":true}]}}