{"id":4949,"date":"2020-12-18T08:48:21","date_gmt":"2020-12-18T08:48:21","guid":{"rendered":"https:\/\/spaziointeriore.com\/casaeditrice\/catalogo\/simbologia-della-luna-2-ed\/"},"modified":"2021-06-10T11:26:01","modified_gmt":"2021-06-10T11:26:01","slug":"simbologia-della-luna-2-ed","status":"publish","type":"product","link":"https:\/\/www.spaziointeriore.com\/casaeditrice\/catalogo\/simbologia-della-luna-2-ed\/","title":{"rendered":"SIMBOLOGIA DELLA LUNA"},"content":{"rendered":"<p>La Luna \u00e8 l\u2019archetipo della Grande Madre, la parte pi\u00f9 naturale e istintiva del femminile, che si esprime nella riproduzione e nell\u2019attaccamento alla famiglia, al clan, alla vita, ma soprattutto alla terra. Lidia Fassio, attraverso un\u2019indagine del simbolismo, delle funzioni psichiche e del rapporto con i segni e gli elementi, analizza in modo esaustivo tutti gli aspetti della Luna come principio di vita, andando a scandagliare le profondit\u00e0 dell\u2019Io nel rapporto con le proprie radici e offrendo la straordinaria possibilit\u00e0 di leggere negli aspetti legati alla Luna il modo in cui ciascuno di noi \u00e8 in grado di vivere questo archetipo e di relazionarsi con il proprio mondo interiore e con gli altri. Un libro essenziale per ogni appassionato di astrologia \u2013 neofita o esperto \u2013 che, nell\u2019unire la ricerca mitologica a quella astropsicologica, d\u00e0 l\u2019opportunit\u00e0 di conoscere la Luna in profondit\u00e0 e di scorgere, anche solo per un momento, un lato nascosto di se stesso.<\/p>\n<p><em>\u00ab\u00c8 la Luna a ricordarci che la vita \u00e8 relazione e partecipazione, e ogni essere umano sa che questo modo di vedere le cose racchiude una grande verit\u00e0. Nessuno pu\u00f2 nascere senza una relazione e, in seguito, non pu\u00f2 vivere senza che qualcuno si prenda cura e sia in rapporto intimo con lui\u00bb<\/em>.<\/p>\n","protected":false},"excerpt":{"rendered":"<p>Un volume interamente dedicato all\u2019archetipo astrologico della Luna, di cui Lidia Fassio, attraverso un\u2019analisi esaustiva e brillante, esamina la cruciale importanza nelle relazioni umane e nella ricerca del proprio autentico Io.<\/p>\n","protected":false},"featured_media":4950,"template":"","meta":{"_acf_changed":false},"product_brand":[],"product_cat":[83,140,173],"product_tag":[],"class_list":{"0":"post-4949","1":"product","2":"type-product","3":"status-publish","4":"has-post-thumbnail","6":"product_cat-astrologia-cat","7":"product_cat-lanterne","8":"product_cat-lidia-fassio-cat","10":"first","11":"instock","12":"shipping-taxable","13":"purchasable","14":"product-type-simple"},"acf":[],"_links":{"self":[{"href":"https:\/\/www.spaziointeriore.com\/casaeditrice\/wp-json\/wp\/v2\/product\/4949","targetHints":{"allow":["GET"]}}],"collection":[{"href":"https:\/\/www.spaziointeriore.com\/casaeditrice\/wp-json\/wp\/v2\/product"}],"about":[{"href":"https:\/\/www.spaziointeriore.com\/casaeditrice\/wp-json\/wp\/v2\/types\/product"}],"wp:featuredmedia":[{"embeddable":true,"href":"https:\/\/www.spaziointeriore.com\/casaeditrice\/wp-json\/wp\/v2\/media\/4950"}],"wp:attachment":[{"href":"https:\/\/www.spaziointeriore.com\/casaeditrice\/wp-json\/wp\/v2\/media?parent=4949"}],"wp:term":[{"taxonomy":"product_brand","embeddable":true,"href":"https:\/\/www.spaziointeriore.com\/casaeditrice\/wp-json\/wp\/v2\/product_brand?post=4949"},{"taxonomy":"product_cat","embeddable":true,"href":"https:\/\/www.spaziointeriore.com\/casaeditrice\/wp-json\/wp\/v2\/product_cat?post=4949"},{"taxonomy":"product_tag","embeddable":true,"href":"https:\/\/www.spaziointeriore.com\/casaeditrice\/wp-json\/wp\/v2\/product_tag?post=4949"}],"curies":[{"name":"wp","href":"https:\/\/api.w.org\/{rel}","templated":true}]}}