{"id":4987,"date":"2021-02-02T12:01:32","date_gmt":"2021-02-02T12:01:32","guid":{"rendered":"https:\/\/spaziointeriore.com\/casaeditrice\/catalogo\/shaman\/"},"modified":"2024-01-22T12:02:24","modified_gmt":"2024-01-22T12:02:24","slug":"shaman","status":"publish","type":"product","link":"https:\/\/www.spaziointeriore.com\/casaeditrice\/catalogo\/shaman\/","title":{"rendered":"SHAMAN"},"content":{"rendered":"<p>Il percorso sciamanico consiste in una serie di iniziazioni attraverso cui lo sciamano impara a essere se stesso e a coltivare e approfondire la connessione con la terra, gli spiriti e il Grande Mistero che anima ogni cosa. Lo sciamano ci ricorda il ritmo della vita che sta danzando dentro di noi e ci invita a seguirlo e ad abbracciare il nostro potere, manifestando nel mondo la nostra personale visione. Gli sciamani non sono pi\u00f9 guaritori isolati in luoghi lontani e inaccessibili: il loro spirito si sta riversando in tutte le aree delle nostre societ\u00e0, ispirando il lavoro di insegnanti, artisti, attivisti e uomini d\u2019affari. \u00abL\u2019evoluzione dello sciamano moderno, il ritorno dello sciamanesimo nel mondo industrializzato e l\u2019aumento di interesse verso le pratiche sciamaniche sono tutti modi per ricordare il posto che occupiamo nella rete della vita, la nostra dipendenza da quella rete e le responsabilit\u00e0 che abbiamo nei suoi confronti\u00bb scrive l\u2019autore nell\u2019introduzione.<\/p>\n<p><em>Shaman <\/em>\u00e8 una guida pratica che combina storie tratte dalle esperienze di vita di Ya&#8217;acov Darling Khan (sciamano occidentale che ha raccontato la sua iniziazione in <em>Giaguaro nel corpo, farfalla nel cuore<\/em>) con esercizi di trasformazione e rituali progettati per i moderni ricercatori spirituali. Uno degli scopi principali del libro \u00e8 di educare il lettore a usare consapevolmente il rituale per attivare dei cambiamenti concreti nella propria esistenza quotidiana, sperimentando un nuovo modo di connettersi al ciclo della vita attraverso gli insegnamenti e le pratiche sciamaniche.<\/p>\n<p><em>\u00abLo Sciamano Interiore sa come piantare i semi della propria visione nel terreno fertile che \u00e8 il continuo miracolo della vita di ogni giorno. \u00c8 consapevole di come i traumi del passato condizionano il nostro presente, e di quanta potenza acquistiamo dalla trasformazione di quel passato; sa che il futuro non \u00e8 qualcosa che ci accadr\u00e0, ma qualcosa che creeremo insieme. Comprende la legge della reciprocit\u00e0 e l\u2019equilibrio dinamico del dare e ricevere, e sa che la nostra sopravvivenza dipende dalla misura in cui riconosciamo e ci assumiamo la responsabilit\u00e0 per l\u2019influsso che esercitiamo su quell\u2019equilibrio. Lo Sciamano Interiore sa che esiste un collegamento tra ci\u00f2 che immaginiamo e ci\u00f2 che ci accade. \u00c8 consapevole del potere del libero arbitrio che ci \u00e8 stato dato su questa Terra, ed \u00e8 pronto ad aiutarci affinch\u00e9 possiamo appropriarci di quel potere e utilizzarlo per il bene supremo\u00bb<\/em>.<\/p>\n","protected":false},"excerpt":{"rendered":"<p>Una guida pratica per i moderni ricercatori spirituali con esercizi di trasformazione e rituali per attivare cambiamenti concreti nella propria esistenza quotidiana e sperimentare un nuovo modo di connettersi al ciclo della vita.<\/p>\n","protected":false},"featured_media":4988,"template":"","meta":{"_acf_changed":false},"product_brand":[],"product_cat":[86,95,68,90,230,101],"product_tag":[],"class_list":{"0":"post-4987","1":"product","2":"type-product","3":"status-publish","4":"has-post-thumbnail","6":"product_cat-dimensioni-della-coscienza-cat","7":"product_cat-guarigione-olistica-cat","8":"product_cat-nonordinari","9":"product_cat-ricerca-interiore-cat","10":"product_cat-sciamanesimo-cat","11":"product_cat-yaacov-darling-khan-cat","13":"first","14":"instock","15":"shipping-taxable","16":"purchasable","17":"product-type-simple"},"acf":[],"_links":{"self":[{"href":"https:\/\/www.spaziointeriore.com\/casaeditrice\/wp-json\/wp\/v2\/product\/4987","targetHints":{"allow":["GET"]}}],"collection":[{"href":"https:\/\/www.spaziointeriore.com\/casaeditrice\/wp-json\/wp\/v2\/product"}],"about":[{"href":"https:\/\/www.spaziointeriore.com\/casaeditrice\/wp-json\/wp\/v2\/types\/product"}],"wp:featuredmedia":[{"embeddable":true,"href":"https:\/\/www.spaziointeriore.com\/casaeditrice\/wp-json\/wp\/v2\/media\/4988"}],"wp:attachment":[{"href":"https:\/\/www.spaziointeriore.com\/casaeditrice\/wp-json\/wp\/v2\/media?parent=4987"}],"wp:term":[{"taxonomy":"product_brand","embeddable":true,"href":"https:\/\/www.spaziointeriore.com\/casaeditrice\/wp-json\/wp\/v2\/product_brand?post=4987"},{"taxonomy":"product_cat","embeddable":true,"href":"https:\/\/www.spaziointeriore.com\/casaeditrice\/wp-json\/wp\/v2\/product_cat?post=4987"},{"taxonomy":"product_tag","embeddable":true,"href":"https:\/\/www.spaziointeriore.com\/casaeditrice\/wp-json\/wp\/v2\/product_tag?post=4987"}],"curies":[{"name":"wp","href":"https:\/\/api.w.org\/{rel}","templated":true}]}}