{"id":5018,"date":"2021-04-13T11:57:18","date_gmt":"2021-04-13T11:57:18","guid":{"rendered":"https:\/\/spaziointeriore.com\/casaeditrice\/catalogo\/il-punto-di-vista-non-e-un-piano-bar\/"},"modified":"2022-02-07T15:47:29","modified_gmt":"2022-02-07T15:47:29","slug":"il-punto-di-vista-non-e-un-piano-bar","status":"publish","type":"product","link":"https:\/\/www.spaziointeriore.com\/casaeditrice\/catalogo\/il-punto-di-vista-non-e-un-piano-bar\/","title":{"rendered":"IL PUNTO DI VISTA NON \u00c8 UN PIANO BAR"},"content":{"rendered":"<p>In un momento come quello attuale, dove tramite i social network, i giornali e i mass media in generale, chiunque si sente legittimato a dar fiato alla bocca, Villone ci richiama con veemenza a riflettere sul fatto che un punto di vista non \u00e8 \u201cun piano bar\u201d dove ci si pu\u00f2 limitare a una chiacchiera frivola e per lo pi\u00f9 senza conseguenze, ma costituisce la manifestazione del nostro pensiero e \u2013 soprattutto \u2013 delle nostre azioni e omissioni, di cui siamo chiamati a prenderci la piena responsabilit\u00e0. La sua \u00e8 una vera invettiva contro l\u2019umanit\u00e0 dormiente, un fragore ancestrale volto a risvegliare l\u2019umanit\u00e0 addormentata dentro di noi e a restituirle l\u2019alto rango, il potere e il ruolo che le competono. Un pamphlet sovversivo e graffiante, una denuncia sociale, etica, politica e spirituale del modo in cui stiamo vivendo mossa dall\u2019urgenza di scuotere l\u2019essere umano dal suo sonnolento torpore prima che, risvegliandosi, trovi intorno a s\u00e9 solo le macerie del mondo che fu. Quelle di Villone sono parole dure e verit\u00e0 scomode, sono la lingua che batte dove il dente duole, frutto per\u00f2 di un amore viscerale per l\u2019umanit\u00e0 e della fondata speranza che l\u2019uomo sveglio imboccher\u00e0 la strada giusta.<\/p>\n<p><em>\u00abContinuate pure a dibattervi e a odiare, non vi servir\u00e0 a nulla. L\u2019unica vera via d\u2019uscita sar\u00e0 la rinuncia a questa ridicola farsa che vi fa credere di poter <em>avere<\/em>, mentre non fa altro che togliervi la possibilit\u00e0 di <em>essere\u00bb<\/em>.<\/em><\/p>\n","protected":false},"excerpt":{"rendered":"<p>Un pamphlet sovversivo e graffiante, una denuncia sociale, etica, politica e spirituale del modo in cui stiamo vivendo mossa dall\u2019urgenza di scuotere l\u2019essere umano dal suo sonnolento torpore prima che, risvegliandosi, trovi intorno a s\u00e9 solo le macerie del mondo che fu.<\/p>\n","protected":false},"featured_media":5019,"template":"","meta":{"_acf_changed":false},"product_brand":[],"product_cat":[137,244],"product_tag":[],"class_list":{"0":"post-5018","1":"product","2":"type-product","3":"status-publish","4":"has-post-thumbnail","6":"product_cat-amuleti","7":"product_cat-mauro-villone-cat","9":"first","10":"instock","11":"shipping-taxable","12":"purchasable","13":"product-type-simple"},"acf":[],"_links":{"self":[{"href":"https:\/\/www.spaziointeriore.com\/casaeditrice\/wp-json\/wp\/v2\/product\/5018","targetHints":{"allow":["GET"]}}],"collection":[{"href":"https:\/\/www.spaziointeriore.com\/casaeditrice\/wp-json\/wp\/v2\/product"}],"about":[{"href":"https:\/\/www.spaziointeriore.com\/casaeditrice\/wp-json\/wp\/v2\/types\/product"}],"wp:featuredmedia":[{"embeddable":true,"href":"https:\/\/www.spaziointeriore.com\/casaeditrice\/wp-json\/wp\/v2\/media\/5019"}],"wp:attachment":[{"href":"https:\/\/www.spaziointeriore.com\/casaeditrice\/wp-json\/wp\/v2\/media?parent=5018"}],"wp:term":[{"taxonomy":"product_brand","embeddable":true,"href":"https:\/\/www.spaziointeriore.com\/casaeditrice\/wp-json\/wp\/v2\/product_brand?post=5018"},{"taxonomy":"product_cat","embeddable":true,"href":"https:\/\/www.spaziointeriore.com\/casaeditrice\/wp-json\/wp\/v2\/product_cat?post=5018"},{"taxonomy":"product_tag","embeddable":true,"href":"https:\/\/www.spaziointeriore.com\/casaeditrice\/wp-json\/wp\/v2\/product_tag?post=5018"}],"curies":[{"name":"wp","href":"https:\/\/api.w.org\/{rel}","templated":true}]}}