{"id":5074,"date":"2021-05-10T09:01:32","date_gmt":"2021-05-10T09:01:32","guid":{"rendered":"https:\/\/www.spaziointeriore.org\/casaeditrice\/catalogo\/istruzioni-per-maghi-erranti-3-0\/"},"modified":"2026-03-13T08:34:26","modified_gmt":"2026-03-13T08:34:26","slug":"istruzioni-per-maghi-erranti-3-0","status":"publish","type":"product","link":"https:\/\/www.spaziointeriore.com\/casaeditrice\/catalogo\/istruzioni-per-maghi-erranti-3-0\/","title":{"rendered":"ISTRUZIONI PER MAGHI ERRANTI 3.0"},"content":{"rendered":"<p>La rivoluzione dei maghi erranti giunge alla sua terza, fondamentale tappa. A. Panatta, dopo aver condotto il lettore a comprendere cosa sia la sfocatura, l&#8217;insieme di storie che ci raccontiamo e che ostacolano una piena centratura, e dopo aver spiegato come squarciare il suo velo per rispondere alla fondamentale domanda \u00abChi sono io?\u00bb, accompagna il mago errante in un nuovo passaggio evolutivo: \u00abDov\u2019\u00e8 che sto andando?\u00bb C\u2019\u00e8 infatti una doppia via da seguire affinch\u00e9 un mago errante resti nel flusso: quella del pulire la via dalle ombre della sfocatura e quella del seminare il campo della consapevolezza con i propri ideali, talenti e aspirazioni. Un duplice sentiero che pu\u00f2 essere ricongiunto solo attraverso un elemento fondamentale: l\u2019equilibrio. Panatta, in questo nuovo capitolo di <em>Istruzioni per maghi erranti<\/em>, guida quindi il lettore a scoprire e rimuovere gli ostacoli al raggiungimento di tale equilibrio, aggiungendo numerosi esercizi pratici che consentono di conservarlo e di procedere con passo sicuro sul duplice sentiero che conduce alla piena realizzazione di S\u00e9.<\/p>\n<p><em>\u00abUn mago errante percorre un\u2019unica strada che in realt\u00e0 \u00e8 doppia: quella del togliere ci\u00f2 che non serve pi\u00f9 e quella dell\u2019aggiungere ci\u00f2 che serve ora\u00bb<\/em>.<\/p>\n","protected":false},"excerpt":{"rendered":"<p>Terza, fondamentale tappa della rivoluzione silenziosa dei maghi erranti, questo volume spiega cosa sia il \u201cduplice sentiero\u201d e, anche grazie a numerosi esercizi pratici, come ottenere e conservare l\u2019equilibrio interiore indispensabile per ricongiungerlo e percorrerlo.<\/p>\n","protected":false},"featured_media":5075,"template":"","meta":{"_acf_changed":false},"product_brand":[],"product_cat":[137,153,90],"product_tag":[],"class_list":{"0":"post-5074","1":"product","2":"type-product","3":"status-publish","4":"has-post-thumbnail","6":"product_cat-amuleti","7":"product_cat-andrea-panatta-cat","8":"product_cat-ricerca-interiore-cat","10":"first","11":"instock","12":"shipping-taxable","13":"purchasable","14":"product-type-simple"},"acf":[],"_links":{"self":[{"href":"https:\/\/www.spaziointeriore.com\/casaeditrice\/wp-json\/wp\/v2\/product\/5074","targetHints":{"allow":["GET"]}}],"collection":[{"href":"https:\/\/www.spaziointeriore.com\/casaeditrice\/wp-json\/wp\/v2\/product"}],"about":[{"href":"https:\/\/www.spaziointeriore.com\/casaeditrice\/wp-json\/wp\/v2\/types\/product"}],"wp:featuredmedia":[{"embeddable":true,"href":"https:\/\/www.spaziointeriore.com\/casaeditrice\/wp-json\/wp\/v2\/media\/5075"}],"wp:attachment":[{"href":"https:\/\/www.spaziointeriore.com\/casaeditrice\/wp-json\/wp\/v2\/media?parent=5074"}],"wp:term":[{"taxonomy":"product_brand","embeddable":true,"href":"https:\/\/www.spaziointeriore.com\/casaeditrice\/wp-json\/wp\/v2\/product_brand?post=5074"},{"taxonomy":"product_cat","embeddable":true,"href":"https:\/\/www.spaziointeriore.com\/casaeditrice\/wp-json\/wp\/v2\/product_cat?post=5074"},{"taxonomy":"product_tag","embeddable":true,"href":"https:\/\/www.spaziointeriore.com\/casaeditrice\/wp-json\/wp\/v2\/product_tag?post=5074"}],"curies":[{"name":"wp","href":"https:\/\/api.w.org\/{rel}","templated":true}]}}