{"id":5079,"date":"2021-05-11T14:09:41","date_gmt":"2021-05-11T14:09:41","guid":{"rendered":"https:\/\/www.spaziointeriore.org\/casaeditrice\/catalogo\/sticazzi\/"},"modified":"2026-03-13T08:31:38","modified_gmt":"2026-03-13T08:31:38","slug":"sticazzi","status":"publish","type":"product","link":"https:\/\/www.spaziointeriore.com\/casaeditrice\/catalogo\/sticazzi\/","title":{"rendered":"STICAZZI"},"content":{"rendered":"<p>\u00abLo Sticazzi non \u00e8 una filosofia di vita, \u00e8 vita vera in movimento, \u00e8 amore in azione. Un\u2019espressione che t\u2019illumina, una parola sacra che ti protegge da ogni tuo mostro, da ogni catena, da ogni blocco, da ogni ferita\u00bb. In un mondo sempre pi\u00f9 pesante, dove ogni cosa ha acquisito una gravit\u00e0 tale da schiacciare ogni impeto alla vitalit\u00e0 e alla gioia, A. Pietrangeli indica al lettore la suprema via della leggerezza e lo accompagna, con allegria e irriverenza, ma anche con profondit\u00e0 e puntualit\u00e0, a scoprire il potere insito nello \u201cSticazzi\u201d. Tutto va sempre bene nel magico mondo dello Sticazzi, perch\u00e9 non \u00e8 mai un vero fregarsene, ma uno scegliere coscientemente da cosa ci si vuole ripulire e Andrea mostra \u2013 esperienza personale alla mano \u2013 in che modo lo Sticazzi possa davvero migliorare sensibilmente la qualit\u00e0 della vita nei pi\u00f9 svariati ambiti: dalla famiglia ai social, dai soldi alla malattia, dal cibo a Dio. Una lettura piacevole e illuminante, una vera boccata d\u2019aria fresca in un mondo sempre pi\u00f9 rinchiuso dentro mura asfissianti. Provare per credere! No? Sticazzi!<\/p>\n<p><em>\u00abIl veleno \u00e8 anche l\u2019antidoto. \u00c8 tutto il male che ti serve all\u2019inizio per ufficializzare pi\u00f9 avanti l\u2019esistenza del bene. Te lo dico ancora meglio: tutto quello che vedi di sbagliato \u00e8 in realt\u00e0 giusto. Puoi solo imparare a spostare lo sguardo. Come? Con lo Sticazzi, ovvio! S\u00ec, Sticazzi! e se tutto ci\u00f2 ti sembra un grande inganno\u2026 tranquillizzati.\u00a0Lo \u00e8\u00bb<\/em>.<\/p>\n","protected":false},"excerpt":{"rendered":"<p>Lo Sticazzi non \u00e8 filosofia di vita, \u00e8 vita pura in azione. La lettura ideale (ed efficace!) per chiunque voglia imboccare la suprema via della leggerezza e cos\u00ec liberarsi dalle pesantezze che si porta dentro<\/p>\n","protected":false},"featured_media":5080,"template":"","meta":{"_acf_changed":false},"product_brand":[],"product_cat":[199,146,149,90],"product_tag":[],"class_list":{"0":"post-5079","1":"product","2":"type-product","3":"status-publish","4":"has-post-thumbnail","6":"product_cat-andrea-pietrangeli-cat","7":"product_cat-fuori-collana","8":"product_cat-letteratura-di-risveglio-cat","9":"product_cat-ricerca-interiore-cat","11":"first","12":"instock","13":"shipping-taxable","14":"purchasable","15":"product-type-simple"},"acf":[],"_links":{"self":[{"href":"https:\/\/www.spaziointeriore.com\/casaeditrice\/wp-json\/wp\/v2\/product\/5079","targetHints":{"allow":["GET"]}}],"collection":[{"href":"https:\/\/www.spaziointeriore.com\/casaeditrice\/wp-json\/wp\/v2\/product"}],"about":[{"href":"https:\/\/www.spaziointeriore.com\/casaeditrice\/wp-json\/wp\/v2\/types\/product"}],"wp:featuredmedia":[{"embeddable":true,"href":"https:\/\/www.spaziointeriore.com\/casaeditrice\/wp-json\/wp\/v2\/media\/5080"}],"wp:attachment":[{"href":"https:\/\/www.spaziointeriore.com\/casaeditrice\/wp-json\/wp\/v2\/media?parent=5079"}],"wp:term":[{"taxonomy":"product_brand","embeddable":true,"href":"https:\/\/www.spaziointeriore.com\/casaeditrice\/wp-json\/wp\/v2\/product_brand?post=5079"},{"taxonomy":"product_cat","embeddable":true,"href":"https:\/\/www.spaziointeriore.com\/casaeditrice\/wp-json\/wp\/v2\/product_cat?post=5079"},{"taxonomy":"product_tag","embeddable":true,"href":"https:\/\/www.spaziointeriore.com\/casaeditrice\/wp-json\/wp\/v2\/product_tag?post=5079"}],"curies":[{"name":"wp","href":"https:\/\/api.w.org\/{rel}","templated":true}]}}