{"id":5185,"date":"2021-07-27T14:35:57","date_gmt":"2021-07-27T14:35:57","guid":{"rendered":"https:\/\/www.spaziointeriore.com\/casaeditrice\/catalogo\/spiritualita-critica\/"},"modified":"2022-05-16T12:07:18","modified_gmt":"2022-05-16T12:07:18","slug":"spiritualita-critica","status":"publish","type":"product","link":"https:\/\/www.spaziointeriore.com\/casaeditrice\/catalogo\/spiritualita-critica\/","title":{"rendered":"SPIRITUALIT\u00c0 CRITICA"},"content":{"rendered":"<p><em>Spiritualit\u00e0 Critica<\/em> \u00e8 un racconto personale eppure anche impersonale, uno spaccato di quelle contraddizioni e vicoli ciechi in cui tutti i ricercatori olistici contemporanei si sono prima o poi imbattuti.<br \/>\nIl teatro \u00e8 la metafora che fa da sfondo a riflessioni sul denaro, sulle tecniche, sulle metodologie, sulla viscosa atmosfera che si respira negli ambienti olistici, figli del movimento new age, sulle terminologie impiegate, sui dogmi che possono trasformare un percorso di ricerca in una mera autocelebrazione di se stessi e delle proprie credenze. Sullo stesso palcoscenico vengono anche messe in scena domande, dubbi e interrogativi che potrebbero stimolare il lettore a creare la propria visione, spingendolo a non accontentarsi delle verit\u00e0 assolute che talvolta vengono propinate ma, piuttosto, invitandolo a riaccendere il proprio inestimabile spirito critico. Uno spettacolo ironico e riflessivo da assaporare tra le pagine.<\/p>\n<p>NOEGO \u00e8 un collettivo di ricercatori, sia affermati che sconosciuti al grande pubblico, che scelgono di scrivere in anonimato per far circolare idee e proposte in grado di diffondere una maggiore consapevolezza, e non per \u201cvendere\u201d o fare pubblicit\u00e0 a se stessi, a un corso, a una tecnica registrata. Noego \u00e8 quindi la scelta di dissolvere il proprio nome affinch\u00e9 l\u2019Essenza e il messaggio dell\u2019autore si manifestino in piena autenticit\u00e0 e integrit\u00e0 attraverso le sue parole, e una sfida al lettore chiamato a ritrovare se stesso nelle pagine che legge e non in chi le ha scritte.<\/p>\n<p><em>\u00abA nient\u2019altro assisterete qui se non alla creazione della mia opera teatrale. Potr\u00e0 piacervi o disgustarvi, annoiarvi o farvi ridere, in ogni caso non \u00e8 richiesta alcuna sospensione del dubbio o del giudizio. Non \u00e8 chiesto di credere, ma solo di ascoltare, e pi\u00f9 criticamente parteciperete alla rappresentazione, pi\u00f9 utile ed edificante potr\u00e0 essere per voi, sia pure per demolirla dall\u2019inizio alla fine.<br \/>\nSi apra il sipario\u00bb<\/em>.<\/p>\n","protected":false},"excerpt":{"rendered":"<p>Attraverso la metafora del teatro, questo libro d\u00e0 vita alla rappresentazione di uno spaccato di quelle contraddizioni e vicoli ciechi in cui tutti i ricercatori olistici contemporanei si sono prima o poi imbattuti.<\/p>\n","protected":false},"featured_media":5186,"template":"","meta":{"_acf_changed":false},"product_brand":[],"product_cat":[227,149,248,249,90,92],"product_tag":[],"class_list":{"0":"post-5185","1":"product","2":"type-product","3":"status-publish","4":"has-post-thumbnail","6":"product_cat-esoterismo-cat","7":"product_cat-letteratura-di-risveglio-cat","8":"product_cat-noego","9":"product_cat-noego-cat","10":"product_cat-ricerca-interiore-cat","11":"product_cat-scienze-di-confine-cat","13":"first","14":"instock","15":"shipping-taxable","16":"purchasable","17":"product-type-simple"},"acf":[],"_links":{"self":[{"href":"https:\/\/www.spaziointeriore.com\/casaeditrice\/wp-json\/wp\/v2\/product\/5185","targetHints":{"allow":["GET"]}}],"collection":[{"href":"https:\/\/www.spaziointeriore.com\/casaeditrice\/wp-json\/wp\/v2\/product"}],"about":[{"href":"https:\/\/www.spaziointeriore.com\/casaeditrice\/wp-json\/wp\/v2\/types\/product"}],"wp:featuredmedia":[{"embeddable":true,"href":"https:\/\/www.spaziointeriore.com\/casaeditrice\/wp-json\/wp\/v2\/media\/5186"}],"wp:attachment":[{"href":"https:\/\/www.spaziointeriore.com\/casaeditrice\/wp-json\/wp\/v2\/media?parent=5185"}],"wp:term":[{"taxonomy":"product_brand","embeddable":true,"href":"https:\/\/www.spaziointeriore.com\/casaeditrice\/wp-json\/wp\/v2\/product_brand?post=5185"},{"taxonomy":"product_cat","embeddable":true,"href":"https:\/\/www.spaziointeriore.com\/casaeditrice\/wp-json\/wp\/v2\/product_cat?post=5185"},{"taxonomy":"product_tag","embeddable":true,"href":"https:\/\/www.spaziointeriore.com\/casaeditrice\/wp-json\/wp\/v2\/product_tag?post=5185"}],"curies":[{"name":"wp","href":"https:\/\/api.w.org\/{rel}","templated":true}]}}