{"id":5191,"date":"2021-09-16T08:33:17","date_gmt":"2021-09-16T08:33:17","guid":{"rendered":"https:\/\/www.spaziointeriore.com\/casaeditrice\/catalogo\/trilogia-della-coscienza\/"},"modified":"2022-05-16T12:06:54","modified_gmt":"2022-05-16T12:06:54","slug":"trilogia-della-coscienza","status":"publish","type":"product","link":"https:\/\/www.spaziointeriore.com\/casaeditrice\/catalogo\/trilogia-della-coscienza\/","title":{"rendered":"TRILOGIA DELLA COSCIENZA"},"content":{"rendered":"<p>\u00abQuesto volume realizza a valle ci\u00f2 che non sarebbe stato possibile fare a monte: raggruppare e restituire continuit\u00e0 alle tre ricerche di <em>Genesi, Evideon<\/em> e <em>La geometria sacra in Evideo<\/em>n\u00bb. Malanga presenta cos\u00ec la <em>Trilogia della Coscienza<\/em>, che raccoglie i principali passaggi della sua ricerca in merito alla natura della Coscienza e dell\u2019Universo.<br \/>\nIn <em>Genesi<\/em>, sulla base delle sue indagini sul fenomeno delle interferenze aliene, l\u2019autore elabora una teoria straordinariamente originale per spiegare l\u2019origine della vita su questo pianeta e il senso ultimo dell\u2019esistenza umana, mettendo altres\u00ec in relazione queste rivelazioni con le pi\u00f9 importanti scoperte della fisica quantistica e con le parole dei testi sacri e delle tradizioni esoteriche di tutte le culture antiche. Dall\u2019esame del mito si evince come l\u2019Uomo \u2013 che si trova su questo pianeta per fare esperienza della dualit\u00e0 sotto forma di divisione \u2013 sia il creatore inconsapevole del Tutto e degli D\u00e8i, i quali rappresentano, a specchio, ci\u00f2 che egli non ha ancora compreso di se stesso. In <em>Evideon<\/em> e in <em>La geometria sacra in Evideon<\/em> Malanga indaga sull\u2019origine della Coscienza ed elabora la teoria dell\u2019Evideon \u2013 l\u2019universo virtuale che si \u00e8 generato nel momento in cui l\u2019unit\u00e0 dell\u2019Essere si \u00e8 separata \u2013 ponendo le basi per la nascita di un uomo nuovo, dotato di una Coscienza Integrata che ha unito in s\u00e9 anima, mente e spirito. Grazie a una prefazione inedita, che spiega e introduce la nuova sistemazione dei tre libri, e a un capitolo finale che tira le fila, contestualizza e analizza i risultati delle sue rivoluzionarie ricerche, quest\u2019opera permette al lettore di addentrarsi in maniera completa e approfondita nel cuore dell\u2019indagine ultratrentennale di Corrado Malanga sulla Coscienza.<\/p>\n<p><em>\u00abSono convinto che la vera ricerca, quella che non cerca conferme di s\u00e9 ma che, essendo autenticamente orientata a trovare la verit\u00e0, \u00e8 consapevole di dover essere in perpetuo movimento, non finisca mai. Il risultato, la risposta di ieri, \u00e8 solo la domanda di oggi, che nelle conclusioni raggiunte deve trovare uno stimolo e uno sprone e non farsi bloccare da esse per paura di metterle in discussione.<br \/>\nLa Trilogia della Coscienza, che passa attraverso Genesi, Evideon e La Geometria sacra in Evideon, si chiude con l\u2019aggiunta di ulteriori riflessioni che prendono spunto dall\u2019ultima parte della mia ricerca nel campo degli anti-fotoni. Ho cercato qui, in forma concisa, di mostrare come non si deve temere la scienza se non quando essa \u00e8 in mano a un manipolo di umani incapaci di capirne i contenuti.<br \/>\nLa scienza sta divenendo sempre pi\u00f9 assimilabile alla religione, oggi per\u00f2 ci sono tutti i presupposti \u2013 e abbiamo tutti gli strumenti \u2013 per farla tornare ci\u00f2 che era una volta, cacciando gli pseudo professori dal tempio e rimpadronendoci di qualcosa che \u00e8 sempre stato nostro e non di una \u00e9lite che ha studiato poco e capito ancora meno\u00bb<\/em>.<\/p>\n","protected":false},"excerpt":{"rendered":"<p>Il volume che racchiude i principali step delle ricerche di Malanga sulla natura dell\u2019Universo e che fornisce al lettore una panoramica completa ed esaustiva delle sue indagini sulla Coscienza.<\/p>\n","protected":false},"featured_media":5210,"template":"","meta":{"_acf_changed":false},"product_brand":[],"product_cat":[185,86,142,90,92],"product_tag":[],"class_list":{"0":"post-5191","1":"product","2":"type-product","3":"status-publish","4":"has-post-thumbnail","6":"product_cat-corrado-malanga-cat","7":"product_cat-dimensioni-della-coscienza-cat","8":"product_cat-portali","9":"product_cat-ricerca-interiore-cat","10":"product_cat-scienze-di-confine-cat","12":"first","13":"instock","14":"shipping-taxable","15":"purchasable","16":"product-type-simple"},"acf":[],"_links":{"self":[{"href":"https:\/\/www.spaziointeriore.com\/casaeditrice\/wp-json\/wp\/v2\/product\/5191","targetHints":{"allow":["GET"]}}],"collection":[{"href":"https:\/\/www.spaziointeriore.com\/casaeditrice\/wp-json\/wp\/v2\/product"}],"about":[{"href":"https:\/\/www.spaziointeriore.com\/casaeditrice\/wp-json\/wp\/v2\/types\/product"}],"wp:featuredmedia":[{"embeddable":true,"href":"https:\/\/www.spaziointeriore.com\/casaeditrice\/wp-json\/wp\/v2\/media\/5210"}],"wp:attachment":[{"href":"https:\/\/www.spaziointeriore.com\/casaeditrice\/wp-json\/wp\/v2\/media?parent=5191"}],"wp:term":[{"taxonomy":"product_brand","embeddable":true,"href":"https:\/\/www.spaziointeriore.com\/casaeditrice\/wp-json\/wp\/v2\/product_brand?post=5191"},{"taxonomy":"product_cat","embeddable":true,"href":"https:\/\/www.spaziointeriore.com\/casaeditrice\/wp-json\/wp\/v2\/product_cat?post=5191"},{"taxonomy":"product_tag","embeddable":true,"href":"https:\/\/www.spaziointeriore.com\/casaeditrice\/wp-json\/wp\/v2\/product_tag?post=5191"}],"curies":[{"name":"wp","href":"https:\/\/api.w.org\/{rel}","templated":true}]}}