{"id":5213,"date":"2021-09-16T08:37:14","date_gmt":"2021-09-16T08:37:14","guid":{"rendered":"https:\/\/www.spaziointeriore.com\/casaeditrice\/catalogo\/trascendenza-quotidiana\/"},"modified":"2021-10-21T14:15:50","modified_gmt":"2021-10-21T14:15:50","slug":"trascendenza-quotidiana","status":"publish","type":"product","link":"https:\/\/www.spaziointeriore.com\/casaeditrice\/catalogo\/trascendenza-quotidiana\/","title":{"rendered":"TRASCENDENZA QUOTIDIANA"},"content":{"rendered":"<p>Convinto sostenitore del metodo scientifico e dell\u2019indagine empirica, R. Sheldrake analizza in questo volume i risvolti spirituali di alcune pratiche molto comuni, esaminandone i benefici e i vantaggi in chiave evolutiva e di benessere personale alla luce delle pi\u00f9 recenti ricerche scientifiche. Il lettore avr\u00e0 cos\u00ec modo di vedere sotto una nuova luce e vivere con una nuova consapevolezza lo sport (sia come spettatore che come praticante), il proprio rapporto con gli animali domestici, le festivit\u00e0 e le celebrazioni, l\u2019uso degli psichedelici, il digiuno e altro ancora, scoprendo come ciascuna di queste pratiche possa rivelarsi un metodo efficace per trascendere i limiti dell\u2019ordinaria quotidianit\u00e0 e accedere a stati di coscienza e di benessere pi\u00f9 elevati. Con questo volume viene arricchito il quadro gi\u00e0 delineato in <em>Scienza e pratiche spirituali<\/em> (che prende in esame altre 7 pratiche), confermando come l\u2019esplorazione scientifica e sistematica di queste pratiche spirituali porti alla convergenza tra scienza e spiritualit\u00e0: la sinergia in grado di aprire la strada verso un futuro di nuove possibilit\u00e0 per ciascun essere umano.<\/p>\n<p><em>\u00abL\u2019esplorazione scientifica delle pratiche spirituali costituisce un aspetto molto positivo dell\u2019era moderna. Man mano che gli scienziati portano avanti queste ricerche e il settore degli studi sulla coscienza diventa sempre pi\u00f9 sviluppato, la separazione artificiale tra scienza e spiritualit\u00e0 inizia a venir meno. Sia la scienza che le pratiche spirituali sono empiriche: si basano sull\u2019esperienza diretta. Lo studio sistematico delle esperienze causate da queste pratiche porta alla convergenza tra scienza e spiritualit\u00e0, una nuova sinergia che potrebbe aiutarci a relazionarci meglio con i livelli di coscienza pi\u00f9-che-umani e ad approfondire la nostra comprensione delle esperienze spirituali\u00bb<\/em>.<\/p>\n","protected":false},"excerpt":{"rendered":"<p>L\u2019analisi scientifica dei risvolti spirituali e dell\u2019efficacia di 7 comuni pratiche \u2013 dallo sport al digiuno, dal rapporto con gli animali domestici all\u2019uso degli psichedelici \u2013 come strumenti per trascendere i limiti della quotidianit\u00e0 e accedere a stati di coscienza e di benessere pi\u00f9 elevati.<\/p>\n","protected":false},"featured_media":5217,"template":"","meta":{"_acf_changed":false},"product_brand":[],"product_cat":[68,229,91,90,98,92],"product_tag":[],"class_list":{"0":"post-5213","1":"product","2":"type-product","3":"status-publish","4":"has-post-thumbnail","6":"product_cat-nonordinari","7":"product_cat-piante-sacre-cat","8":"product_cat-psichedelia-cat","9":"product_cat-ricerca-interiore-cat","10":"product_cat-rupert-sheldrake-cat","11":"product_cat-scienze-di-confine-cat","13":"first","14":"instock","15":"shipping-taxable","16":"purchasable","17":"product-type-simple"},"acf":[],"_links":{"self":[{"href":"https:\/\/www.spaziointeriore.com\/casaeditrice\/wp-json\/wp\/v2\/product\/5213","targetHints":{"allow":["GET"]}}],"collection":[{"href":"https:\/\/www.spaziointeriore.com\/casaeditrice\/wp-json\/wp\/v2\/product"}],"about":[{"href":"https:\/\/www.spaziointeriore.com\/casaeditrice\/wp-json\/wp\/v2\/types\/product"}],"wp:featuredmedia":[{"embeddable":true,"href":"https:\/\/www.spaziointeriore.com\/casaeditrice\/wp-json\/wp\/v2\/media\/5217"}],"wp:attachment":[{"href":"https:\/\/www.spaziointeriore.com\/casaeditrice\/wp-json\/wp\/v2\/media?parent=5213"}],"wp:term":[{"taxonomy":"product_brand","embeddable":true,"href":"https:\/\/www.spaziointeriore.com\/casaeditrice\/wp-json\/wp\/v2\/product_brand?post=5213"},{"taxonomy":"product_cat","embeddable":true,"href":"https:\/\/www.spaziointeriore.com\/casaeditrice\/wp-json\/wp\/v2\/product_cat?post=5213"},{"taxonomy":"product_tag","embeddable":true,"href":"https:\/\/www.spaziointeriore.com\/casaeditrice\/wp-json\/wp\/v2\/product_tag?post=5213"}],"curies":[{"name":"wp","href":"https:\/\/api.w.org\/{rel}","templated":true}]}}