{"id":5358,"date":"2021-10-26T08:51:03","date_gmt":"2021-10-26T08:51:03","guid":{"rendered":"https:\/\/www.spaziointeriore.com\/casaeditrice\/catalogo\/wild-wild-guru\/"},"modified":"2022-05-17T09:59:41","modified_gmt":"2022-05-17T09:59:41","slug":"wild-wild-guru","status":"publish","type":"product","link":"https:\/\/www.spaziointeriore.com\/casaeditrice\/catalogo\/wild-wild-guru\/","title":{"rendered":"WILD WILD GURU"},"content":{"rendered":"<p>Bhagwan Shree Rajneesh, meglio noto come Osho, \u00e8 stato il mistico spirituale pi\u00f9 controverso del xx secolo. Queste pagine si rivelano uniche nel narrarne la storia perch\u00e9 forniscono un quadro completo, accompagnando il lettore a comprendere sia l\u2019esperienza di Osho come mistico potente e magnetico, sia le ragioni del caos che il suo audace esperimento caus\u00f2, non soltanto agli altri ma anche a lui stesso, dopo che la sua comune in Oregon and\u00f2 all\u2019aria in una escalation di crimini e conflitti che ebbero come esito il suo arresto, la detenzione e quindi la deportazione dall\u2019America. Il libro mostra come gli insegnamenti ribelli di Rajneesh fossero destinati a metterlo in conflitto con la societ\u00e0, e come questo fosse qualcosa che egli sapeva sin dall\u2019inizio del suo percorso.<\/p>\n<p>Attraverso l\u2019esperienza personale e intima dell\u2019autore, ex giornalista divenuto membro attivo degli ashram di Pune e dell\u2019Oregon, queste pagine forniscono un punto di vista ravvicinato sul periodo di sfrenata esplorazione sessuale e sulle rivoluzionarie \u2013 e per certi versi sconvolgenti \u2013 terapie di gruppo ideate da Osho, oltre che il grande cambiamento che comport\u00f2 il trasferimento della comune dall\u2019India all\u2019Oregon, dove da un piccolo ranch fu costruita in soli quattro anni una vera e propria citt\u00e0 perfettamente operativa.<\/p>\n<p>Nel caso di figure controverse come Rajneesh, i libri di solito rientrano in due categorie opposte: quelli a suo \u201cfavore\u201d e quelli \u201ccontro\u201d. L\u2019autore di questo libro invece abbraccia entrambi i lati della vicenda e porta il lettore oltre la dualit\u00e0, al di l\u00e0 delle idee del bene e del male, dentro una visione totalmente diversa della realt\u00e0. Una storia unica che \u00e8 una corsa continua sulle montagne russe, raccontata con ironia e in modo toccante, e che dona profonde intuizioni sulle nostre comuni presunzioni riguardo alla meditazione, alla spiritualit\u00e0, alla religione e alla moralit\u00e0, dimostrandosi a ogni pagina istruttiva, divertente e illuminante.<\/p>\n<p><em>\u00abIn sintesi, quando ti agganci a un essere illuminato ci sono delle buone notizie ma anche notizie cattive: la buona notizia \u00e8 che il suo campo di energia pu\u00f2 darti dei barlumi di stati di coscienza molto al di l\u00e0 di quelli che puoi raggiungere da solo. La cattiva notizia \u00e8 che quando il mistico se ne va tutto ci\u00f2 che puoi portare con te \u00e8 ci\u00f2 che hai realizzato da solo\u00bb<\/em>.<\/p>\n","protected":false},"excerpt":{"rendered":"<p>PREFAZIONE DI ANDREA MAJID VALCARENGHI<br \/>\n<br \/>\nIl racconto delle vicende e dell\u2019audace esperimento del mistico spirituale pi\u00f9 controverso del xx secolo, Bhagwan Shree Rajneesh (Osho), narrato da chi visse ogni cosa in prima persona.<\/p>\n","protected":false},"featured_media":5359,"template":"","meta":{"_acf_changed":false},"product_brand":[],"product_cat":[149,142,90,250],"product_tag":[],"class_list":{"0":"post-5358","1":"product","2":"type-product","3":"status-publish","4":"has-post-thumbnail","6":"product_cat-letteratura-di-risveglio-cat","7":"product_cat-portali","8":"product_cat-ricerca-interiore-cat","9":"product_cat-subhuti-anand-waight-cat","11":"first","12":"instock","13":"shipping-taxable","14":"purchasable","15":"product-type-simple"},"acf":[],"_links":{"self":[{"href":"https:\/\/www.spaziointeriore.com\/casaeditrice\/wp-json\/wp\/v2\/product\/5358","targetHints":{"allow":["GET"]}}],"collection":[{"href":"https:\/\/www.spaziointeriore.com\/casaeditrice\/wp-json\/wp\/v2\/product"}],"about":[{"href":"https:\/\/www.spaziointeriore.com\/casaeditrice\/wp-json\/wp\/v2\/types\/product"}],"wp:featuredmedia":[{"embeddable":true,"href":"https:\/\/www.spaziointeriore.com\/casaeditrice\/wp-json\/wp\/v2\/media\/5359"}],"wp:attachment":[{"href":"https:\/\/www.spaziointeriore.com\/casaeditrice\/wp-json\/wp\/v2\/media?parent=5358"}],"wp:term":[{"taxonomy":"product_brand","embeddable":true,"href":"https:\/\/www.spaziointeriore.com\/casaeditrice\/wp-json\/wp\/v2\/product_brand?post=5358"},{"taxonomy":"product_cat","embeddable":true,"href":"https:\/\/www.spaziointeriore.com\/casaeditrice\/wp-json\/wp\/v2\/product_cat?post=5358"},{"taxonomy":"product_tag","embeddable":true,"href":"https:\/\/www.spaziointeriore.com\/casaeditrice\/wp-json\/wp\/v2\/product_tag?post=5358"}],"curies":[{"name":"wp","href":"https:\/\/api.w.org\/{rel}","templated":true}]}}