{"id":5606,"date":"2022-02-07T08:53:55","date_gmt":"2022-02-07T08:53:55","guid":{"rendered":"https:\/\/www.spaziointeriore.com\/casaeditrice\/catalogo\/katunda\/"},"modified":"2023-01-04T08:12:33","modified_gmt":"2023-01-04T08:12:33","slug":"katunda","status":"publish","type":"product","link":"https:\/\/www.spaziointeriore.com\/casaeditrice\/catalogo\/katunda\/","title":{"rendered":"KATUNDA"},"content":{"rendered":"<p>In un mondo pieno di manuali di auto-guarigione e metodi per scovare il divino che c\u2019\u00e8 in noi, il misterioso autore dell\u2019amatissimo <em>La via della trasmutazione alchemica<\/em>, vero caso editoriale del 2019, torna con nuove pagine dolci e graffianti per accompagnarci in un viaggio alla scoperta del lato profondamente umano e pi\u00f9 spaventoso che abita le profondit\u00e0 di ogni uomo. Per farlo ci racconta il suo itinerario, mai lineare, in un percorso in cui la paura \u00e8 maestra, la sofferenza \u00e8 trasmutazione e il senso di inadeguatezza nel semplice stare al mondo \u00e8 la chiave per non smettere mai di cercare. Un tragitto \u201ccontro-mano\u201d, rispetto a quello che la <em>moderna spiritualit\u00e0<\/em> insegna, al fine di tornare alle origini per scoprire, con sorpresa, la visione d\u2019insieme. In questo viaggio l\u2019autore non \u00e8 solo. A scortarlo, una spietata compagna: Katunda \u00e8 colei che, immune da compassione, lo guida in quei luoghi oscuri e profondi dove la speranza non \u00e8 che un miraggio lontano e la presenza di una qualsiasi forma di divinit\u00e0 \u00e8 sconosciuta. Una discesa in quel subconscio oscuro che governa ogni gesto di ogni uomo.<\/p>\n<p><em>\u00abInfine, smisi di sperare. E qualcosa accadde. Smisi di sperare e per un infinito attimo morii. In quel deserto, in piedi di fronte a lei, ero all\u2019interno di quell\u2019infinito attimo. \u00c8 proprio vero: la speranza \u00e8 l\u2019ultima a morire. Poi tocca a te\u00bb<\/em>.<\/p>\n","protected":false},"excerpt":{"rendered":"<p>M.M. Judas torna per accompagnarci in un percorso in cui la paura \u00e8 maestra, la sofferenza \u00e8 trasmutazione e il senso di inadeguatezza nel semplice stare al mondo \u00e8 la chiave per non smettere mai di cercare.<\/p>\n","protected":false},"featured_media":5607,"template":"","meta":{"_acf_changed":false},"product_brand":[],"product_cat":[227,149,181,144],"product_tag":[],"class_list":{"0":"post-5606","1":"product","2":"type-product","3":"status-publish","4":"has-post-thumbnail","6":"product_cat-esoterismo-cat","7":"product_cat-letteratura-di-risveglio-cat","8":"product_cat-mm-judas-cat","9":"product_cat-talismani","11":"first","12":"instock","13":"shipping-taxable","14":"purchasable","15":"product-type-simple"},"acf":[],"_links":{"self":[{"href":"https:\/\/www.spaziointeriore.com\/casaeditrice\/wp-json\/wp\/v2\/product\/5606","targetHints":{"allow":["GET"]}}],"collection":[{"href":"https:\/\/www.spaziointeriore.com\/casaeditrice\/wp-json\/wp\/v2\/product"}],"about":[{"href":"https:\/\/www.spaziointeriore.com\/casaeditrice\/wp-json\/wp\/v2\/types\/product"}],"wp:featuredmedia":[{"embeddable":true,"href":"https:\/\/www.spaziointeriore.com\/casaeditrice\/wp-json\/wp\/v2\/media\/5607"}],"wp:attachment":[{"href":"https:\/\/www.spaziointeriore.com\/casaeditrice\/wp-json\/wp\/v2\/media?parent=5606"}],"wp:term":[{"taxonomy":"product_brand","embeddable":true,"href":"https:\/\/www.spaziointeriore.com\/casaeditrice\/wp-json\/wp\/v2\/product_brand?post=5606"},{"taxonomy":"product_cat","embeddable":true,"href":"https:\/\/www.spaziointeriore.com\/casaeditrice\/wp-json\/wp\/v2\/product_cat?post=5606"},{"taxonomy":"product_tag","embeddable":true,"href":"https:\/\/www.spaziointeriore.com\/casaeditrice\/wp-json\/wp\/v2\/product_tag?post=5606"}],"curies":[{"name":"wp","href":"https:\/\/api.w.org\/{rel}","templated":true}]}}