{"id":5631,"date":"2022-03-09T09:52:41","date_gmt":"2022-03-09T09:52:41","guid":{"rendered":"https:\/\/www.spaziointeriore.com\/casaeditrice\/catalogo\/corso-di-intuizione\/"},"modified":"2024-01-22T11:57:43","modified_gmt":"2024-01-22T11:57:43","slug":"corso-di-intuizione","status":"publish","type":"product","link":"https:\/\/www.spaziointeriore.com\/casaeditrice\/catalogo\/corso-di-intuizione\/","title":{"rendered":"CORSO DI INTUIZIONE"},"content":{"rendered":"<p>L\u2019intuizione \u00e8 la capacit\u00e0 di comprendere qualcosa all\u2019istante senza la necessit\u00e0 di dover ricorrere al pensiero cosciente, e si rivela molto pi\u00f9 precisa di altre facolt\u00e0. Essa nasce all\u2019improvviso dentro di noi, quando ci troviamo in uno stato equilibrato, non focalizzato, privo di resistenze, vigile, rilassato e sereno, e si dimostra un\u2019ottima guida, in grado di farci comprendere al volo il significato delle cose, il loro funzionamento, la realt\u00e0 che ci circonda e la direzione migliore da seguire. Qui Dodson, autore del bestseller <em>Universi paralleli del S\u00e9<\/em>, non si limita a spiegare l\u2019intuizione da molte angolazioni diverse, delineando un quadro chiaro ed esaustivo delle potenzialit\u00e0 di questo prezioso dono, ma fornisce anche istruzioni, metodi operativi e tecniche pratiche per imparare a prestare ascolto a quella voce interiore dalla quale scaturisce l\u2019intuizione, a discernere la verit\u00e0 dalla finzione e a fidarci pienamente di noi stessi. <em>Corso di intuizione<\/em> \u00e8 un vero manuale, semplice, pratico e ricco di esempi ed esercizi, che allena a cogliere le intuizioni e a metterle a frutto, trasformando la propria vita in una serie di scelte efficaci e di successo.<\/p>\n<p><em>\u00abMan mano che evolve, l\u2019uomo vive una vita pi\u00f9 incentrata sull\u2019intuizione che non sulle sue abituali reazioni psicofisiche. Il passaggio dalla coscienza animale (sopravvivenza) alla coscienza razionale (informazione) e infine alla coscienza spirituale (intuizione), \u00e8 caratterizzato da una maggiore fiducia nell\u2019intelligenza cosmica. Contrariamente a quanto si crede, l\u2019intuizione \u00e8 molto pi\u00f9 precisa di altre facolt\u00e0. A essa devo gran parte del mio successo e della mia felicit\u00e0, anche se le decisioni che prendo sono spesso in conflitto con il normale modo di ragionare. Lo scopo di questo libro \u00e8 esaminare l\u2019intuizione da punti di vista diversi, per dare al lettore la possibilit\u00e0 di cogliere chiaramente il valore di questo dono ed elevare il proprio livello di coscienza\u00bb<\/em>.<\/p>\n","protected":false},"excerpt":{"rendered":"<p>Un vero manuale, semplice, pratico e ricco di esempi ed esercizi, che allena a cogliere le intuizioni e a metterle a frutto, trasformando la propria vita in una serie di scelte efficaci e di successo.<\/p>\n","protected":false},"featured_media":5632,"template":"","meta":{"_acf_changed":false},"product_brand":[],"product_cat":[86,171,68,90,92],"product_tag":[],"class_list":{"0":"post-5631","1":"product","2":"type-product","3":"status-publish","4":"has-post-thumbnail","6":"product_cat-dimensioni-della-coscienza-cat","7":"product_cat-frederick-e-dodson-cat","8":"product_cat-nonordinari","9":"product_cat-ricerca-interiore-cat","10":"product_cat-scienze-di-confine-cat","12":"first","13":"instock","14":"shipping-taxable","15":"purchasable","16":"product-type-simple"},"acf":[],"_links":{"self":[{"href":"https:\/\/www.spaziointeriore.com\/casaeditrice\/wp-json\/wp\/v2\/product\/5631","targetHints":{"allow":["GET"]}}],"collection":[{"href":"https:\/\/www.spaziointeriore.com\/casaeditrice\/wp-json\/wp\/v2\/product"}],"about":[{"href":"https:\/\/www.spaziointeriore.com\/casaeditrice\/wp-json\/wp\/v2\/types\/product"}],"wp:featuredmedia":[{"embeddable":true,"href":"https:\/\/www.spaziointeriore.com\/casaeditrice\/wp-json\/wp\/v2\/media\/5632"}],"wp:attachment":[{"href":"https:\/\/www.spaziointeriore.com\/casaeditrice\/wp-json\/wp\/v2\/media?parent=5631"}],"wp:term":[{"taxonomy":"product_brand","embeddable":true,"href":"https:\/\/www.spaziointeriore.com\/casaeditrice\/wp-json\/wp\/v2\/product_brand?post=5631"},{"taxonomy":"product_cat","embeddable":true,"href":"https:\/\/www.spaziointeriore.com\/casaeditrice\/wp-json\/wp\/v2\/product_cat?post=5631"},{"taxonomy":"product_tag","embeddable":true,"href":"https:\/\/www.spaziointeriore.com\/casaeditrice\/wp-json\/wp\/v2\/product_tag?post=5631"}],"curies":[{"name":"wp","href":"https:\/\/api.w.org\/{rel}","templated":true}]}}