{"id":5650,"date":"2022-05-12T13:28:30","date_gmt":"2022-05-12T13:28:30","guid":{"rendered":"https:\/\/www.spaziointeriore.com\/casaeditrice\/catalogo\/come-as-you-are-nuova-ed\/"},"modified":"2025-07-16T08:15:02","modified_gmt":"2025-07-16T08:15:02","slug":"come-as-you-are-nuova-ed","status":"publish","type":"product","link":"https:\/\/www.spaziointeriore.com\/casaeditrice\/catalogo\/come-as-you-are-nuova-ed\/","title":{"rendered":"COME AS YOU ARE (NUOVA ED.)"},"content":{"rendered":"<p>Come as you are \u00e8 la guida alla sessualit\u00e0 femminile che ha trasformato in meglio la vita \u2013 sessuale e non solo \u2013 di milioni di donne (e anche di parecchi uomini). Negli anni successivi alla pubblicazione della prima edizione del libro, moltissime donne hanno imparato che fattori come lo stress, lo stato d\u2019animo, la fiducia o l\u2019immagine che abbiamo del nostro corpo non sono marginali, ma assolutamente centrali per il benessere sessuale femminile; e che, anche se non sempre ci sentiamo cos\u00ec, siamo gi\u00e0 sessualmente sane e complete nel momento in cui siamo semplicemente noi stesse. Questa nuova edizione, riveduta e aggiornata, prosegue sulla scia di questa missione, aggiungendo informazioni e ricerche all\u2019avanguardia su consapevolezza, piacere e desiderio, demistificando e decodificando la scienza del sesso in modo che chiunque possa crearsi una vita sessuale migliore e scoprire un piacere maggiore di quanto credevamo possibile. Partendo dalle nozioni di base per arrivare al raggiungimento dell\u2019orgasmo estatico, <em>Come as you are<\/em> \u00e8 uno di quei libri in grado di lasciare un segno positivo indelebile: semplice e diretto, grazie al suo straordinario mix di rigore scientifico e scanzonato umorismo si rivela una vera miniera di informazioni, in grado di smantellare tante false certezze e di restituire completezza alle nostre conoscenze in materia di sessualit\u00e0, e leggerezza e appagamento al nostro modo di viverla. Se per gran parte <span class=\"smallcaps\">XX<\/span> e del <span class=\"smallcaps\">XXI<\/span> secolo la sessualit\u00e0 femminile \u00e8 stata un territorio inesplorato per le scienza, studiata molto meno di frequente (e molto meno seriamente) rispetto a quella maschile, queste pagine ristabiliscono il giusto equilibrio, spalancando le porte a una visione e a un\u2019esperienza senza precedenti della tua sessualit\u00e0.<\/p>\n<p><em>\u00abSei nata con il pieno diritto a godere tutto il piacere che il tuo corpo \u00e8 in grado di sperimentare. Sei nata con il pieno diritto a vivere il piacere in qualunque maniera il tuo corpo lo senta, in qualunque contesto e nella quantit\u00e0 che tu desideri. Il tuo piacere appartiene a te, e sei tu a scegliere se condividerlo o tenertelo stretto, se esplorarlo o no, se abbracciarlo oppure starne alla larga.<\/em><\/p>\n<p><em>Non so quanto ti senti a casa nel giardino privato della tua sessualit\u00e0. Ma so che sei tu il giardiniere. E che pi\u00f9 coltivi il tuo giardino con le sue caratteristiche innate, pi\u00f9 crescer\u00e0 sano e rigoglioso. So che sei bella cos\u00ec come sei, pienamente in grado di vivere il sesso con gioia e fiducia. So che sei normale.<\/em><\/p>\n<p><em>Questo libro \u00e8 una raccolta di risposte. Sono risposte che ho visto cambiare la vita a certe donne, risposte basate sulle conoscenze scientifiche pi\u00f9 attuali e sulle storie personali di donne che, grazie a una migliore comprensione del sesso, hanno trasformato il rapporto con il proprio corpo. Queste donne sono le mie eroine, e spero che raccontando le loro storie metter\u00f2 anche te nelle condizioni di seguire il tuo percorso verso la piena realizzazione del tuo profondo e unico potenziale sessuale\u00bb.<\/em><\/p>\n<p><em>\u00abSei nata con il pieno diritto a godere tutto il piacere che il tuo corpo \u00e8 in grado di sperimentare. Sei nata con il pieno diritto a vivere il piacere in qualunque maniera il tuo corpo lo senta, in qualunque contesto e nella quantit\u00e0 che tu desideri. Il tuo piacere appartiene a te, e sei tu a scegliere se condividerlo o tenertelo stretto, se esplorarlo o no, se abbracciarlo oppure starne alla larga.<\/em><\/p>\n<p><em>Non so quanto ti senti a casa nel giardino privato della tua sessualit\u00e0. Ma so che sei tu il giardiniere. E che pi\u00f9 coltivi il tuo giardino con le sue caratteristiche innate, pi\u00f9 crescer\u00e0 sano e rigoglioso. So che sei bella cos\u00ec come sei, pienamente in grado di vivere il sesso con gioia e fiducia. So che sei normale.<\/em><\/p>\n<p><em>Questo libro \u00e8 una raccolta di risposte. Sono risposte che ho visto cambiare la vita a certe donne, risposte basate sulle conoscenze scientifiche pi\u00f9 attuali e sulle storie personali di donne che, grazie a una migliore comprensione del sesso, hanno trasformato il rapporto con il proprio corpo. Queste donne sono le mie eroine, e spero che raccontando le loro storie metter\u00f2 anche te nelle condizioni di seguire il tuo percorso verso la piena realizzazione del tuo profondo e unico potenziale sessuale\u00bb<\/em>.<\/p>\n","protected":false},"excerpt":{"rendered":"<p>NUOVA EDIZIONE RIVEDUTA E AGGIORNATA <br \/>\nLa nuova edizione, completamente riveduta e aggiornata, del libro che, bilanciando sapientemente rigore scientifico e umorismo scanzonato, ha condotto milioni di donne in tutto il mondo a riscoprire il mondo del piacere femminile e come quest\u2019ultimo sia realmente in grado di trasformare la nostra vita, sessuale e non solo.<\/p>\n","protected":false},"featured_media":5658,"template":"","meta":{"_acf_changed":false},"product_brand":[],"product_cat":[193,95,141,93],"product_tag":[],"class_list":{"0":"post-5650","1":"product","2":"type-product","3":"status-publish","4":"has-post-thumbnail","6":"product_cat-emily-nagoski-cat","7":"product_cat-guarigione-olistica-cat","8":"product_cat-luxor","9":"product_cat-sessualita-cat","11":"first","12":"instock","13":"shipping-taxable","14":"purchasable","15":"product-type-simple"},"acf":[],"_links":{"self":[{"href":"https:\/\/www.spaziointeriore.com\/casaeditrice\/wp-json\/wp\/v2\/product\/5650","targetHints":{"allow":["GET"]}}],"collection":[{"href":"https:\/\/www.spaziointeriore.com\/casaeditrice\/wp-json\/wp\/v2\/product"}],"about":[{"href":"https:\/\/www.spaziointeriore.com\/casaeditrice\/wp-json\/wp\/v2\/types\/product"}],"wp:featuredmedia":[{"embeddable":true,"href":"https:\/\/www.spaziointeriore.com\/casaeditrice\/wp-json\/wp\/v2\/media\/5658"}],"wp:attachment":[{"href":"https:\/\/www.spaziointeriore.com\/casaeditrice\/wp-json\/wp\/v2\/media?parent=5650"}],"wp:term":[{"taxonomy":"product_brand","embeddable":true,"href":"https:\/\/www.spaziointeriore.com\/casaeditrice\/wp-json\/wp\/v2\/product_brand?post=5650"},{"taxonomy":"product_cat","embeddable":true,"href":"https:\/\/www.spaziointeriore.com\/casaeditrice\/wp-json\/wp\/v2\/product_cat?post=5650"},{"taxonomy":"product_tag","embeddable":true,"href":"https:\/\/www.spaziointeriore.com\/casaeditrice\/wp-json\/wp\/v2\/product_tag?post=5650"}],"curies":[{"name":"wp","href":"https:\/\/api.w.org\/{rel}","templated":true}]}}