{"id":5700,"date":"2022-07-22T19:37:00","date_gmt":"2022-07-22T19:37:00","guid":{"rendered":"https:\/\/www.spaziointeriore.com\/casaeditrice\/catalogo\/egologia\/"},"modified":"2023-01-04T08:19:43","modified_gmt":"2023-01-04T08:19:43","slug":"egologia","status":"publish","type":"product","link":"https:\/\/www.spaziointeriore.com\/casaeditrice\/catalogo\/egologia\/","title":{"rendered":"EGOLOGIA"},"content":{"rendered":"<p>In quest\u2019epoca di deriva egoistica, sempre pi\u00f9 persone si ritrovano a correre come criceti su una ruota, chiusi in una gabbia di luoghi comuni e all\u2019eterna ricerca di miraggi materiali, promessa mai mantenuta di felicit\u00e0. Perch\u00e9 intestardirsi in questa folle corsa che ci spinge sempre pi\u00f9 velocemente verso l\u2019insoddisfazione, la rabbia e l\u2019infelicit\u00e0? Cosa ci impedisce di fermarci e ritrovare la nostra essenza pi\u00f9 profonda, autentica e vitale? \u201cSemplicemente\u201d l\u2019ego, ossia la falsa idea di noi stessi e del mondo che ci circonda. Senza promuovere alcun \u201ccredo\u201d, <em>Egologia<\/em> si rivela un manuale <em>sui generis <\/em>che descrive, senza sovrastrutture, il processo di liberazione dall\u2019ego compiuto da un uomo come tanti, dalla vita ordinaria, che dopo aver sub\u00ecto il trauma della separazione forzata dalla propria figlia, decide di iniziare la propria rivoluzione personale attraverso un\u2019auto-osservazione che lo condurr\u00e0 a \u201cripulire\u201d non solo se stesso ma anche il mondo a lui circostante. Nel redigere il diario delle proprie avventure l\u2019autore, trasformatosi in un abile e sapiente raccoglitore di rifiuti, scopre e fa scoprire al lettore che \u00e8 la consapevolezza delle proprie azioni \u2013 a partire dalle pi\u00f9 semplici, come il togliere rifiuti da una spiaggia \u2013 a scardinare le catene dell\u2019ego e a permetterci di tornare a essere protagonisti della nostra vita.<\/p>\n<p>NOEGO \u00e8 un collettivo di ricercatori, sia affermati che sconosciuti al grande pubblico, che scelgono di scrivere in anonimato per far circolare idee e proposte in grado di diffondere una maggiore consapevolezza, e non per \u201cvendere\u201d o fare pubblicit\u00e0 a se stessi, a un corso, a una tecnica registrata. Noego \u00e8 quindi la scelta di dissolvere il proprio nome affinch\u00e9 l\u2019Essenza e il messaggio dell\u2019autore si manifestino in piena autenticit\u00e0 e integrit\u00e0 attraverso le sue parole, e una sfida al lettore chiamato a ritrovare se stesso nelle pagine che legge e non in chi le ha scritte.<\/p>\n<p><em>\u00abLa liberazione dall\u2019ego inizia con un\u2019intuizione e si sviluppa giorno dopo giorno. Nulla di traumatico, ma un percorso graduale di risveglio che porta alla consapevolezza di chi siamo veramente. Un percorso interiore in grado di migliorare radicalmente la nostra vita rendendola pi\u00f9 autentica, pi\u00f9 profonda e quindi pi\u00f9 soddisfacente\u00bb<\/em>.<\/p>\n","protected":false},"excerpt":{"rendered":"<p>L\u2019insolito manuale che, trasformando l\u2019esperienza del singolo in uno strumento a disposizione di tutti, indica il rivoluzionario percorso per liberarsi dall\u2019ego..<\/p>\n","protected":false},"featured_media":5704,"template":"","meta":{"_acf_changed":false},"product_brand":[],"product_cat":[227,149,248,90,92],"product_tag":[],"class_list":{"0":"post-5700","1":"product","2":"type-product","3":"status-publish","4":"has-post-thumbnail","6":"product_cat-esoterismo-cat","7":"product_cat-letteratura-di-risveglio-cat","8":"product_cat-noego","9":"product_cat-ricerca-interiore-cat","10":"product_cat-scienze-di-confine-cat","12":"first","13":"instock","14":"shipping-taxable","15":"purchasable","16":"product-type-simple"},"acf":[],"_links":{"self":[{"href":"https:\/\/www.spaziointeriore.com\/casaeditrice\/wp-json\/wp\/v2\/product\/5700","targetHints":{"allow":["GET"]}}],"collection":[{"href":"https:\/\/www.spaziointeriore.com\/casaeditrice\/wp-json\/wp\/v2\/product"}],"about":[{"href":"https:\/\/www.spaziointeriore.com\/casaeditrice\/wp-json\/wp\/v2\/types\/product"}],"wp:featuredmedia":[{"embeddable":true,"href":"https:\/\/www.spaziointeriore.com\/casaeditrice\/wp-json\/wp\/v2\/media\/5704"}],"wp:attachment":[{"href":"https:\/\/www.spaziointeriore.com\/casaeditrice\/wp-json\/wp\/v2\/media?parent=5700"}],"wp:term":[{"taxonomy":"product_brand","embeddable":true,"href":"https:\/\/www.spaziointeriore.com\/casaeditrice\/wp-json\/wp\/v2\/product_brand?post=5700"},{"taxonomy":"product_cat","embeddable":true,"href":"https:\/\/www.spaziointeriore.com\/casaeditrice\/wp-json\/wp\/v2\/product_cat?post=5700"},{"taxonomy":"product_tag","embeddable":true,"href":"https:\/\/www.spaziointeriore.com\/casaeditrice\/wp-json\/wp\/v2\/product_tag?post=5700"}],"curies":[{"name":"wp","href":"https:\/\/api.w.org\/{rel}","templated":true}]}}