{"id":5711,"date":"2022-09-13T07:50:12","date_gmt":"2022-09-13T07:50:12","guid":{"rendered":"https:\/\/www.spaziointeriore.com\/casaeditrice\/catalogo\/questioni-quantistiche\/"},"modified":"2023-01-04T08:09:17","modified_gmt":"2023-01-04T08:09:17","slug":"questioni-quantistiche","status":"publish","type":"product","link":"https:\/\/www.spaziointeriore.com\/casaeditrice\/catalogo\/questioni-quantistiche\/","title":{"rendered":"QUESTIONI QUANTISTICHE"},"content":{"rendered":"<p><em>Questioni quantistiche<\/em> \u00e8 il volume, curato e diretto da Ken Wilber, che raccoglie gli scritti mistici dei pi\u00f9 importanti fisici degli ultimi due secoli. Da Einstein a Schr\u00f6dinger, passando per De Broglie, Heisenberg, Eddington e altri, gli indiscussi portavoce della fisica contemporanea riflettono con onest\u00e0 e senza paura di giudizio sulla scienza, la religione e il loro legame imprescindibile; parlano e si interrogano a proposito di Dio, di misticismo e di spirito e di come le due grandi branche del sentire terreno ed extra-terreno vivano quello che lo stesso Wilber definisce un \u201clegame fraterno\u201d. Questa brillante selezione di scritti traccia un percorso di profonda ricerca intellettuale e spirituale, accompagnando a comprendere come il rapporto tra scienza e religione sia molto pi\u00f9 saldo di quanto ci sia stato insegnato a credere. Il linguaggio intimo e accessibile a chiunque usato in questo frangente dai grandi fisici che cambiarono la visione del mondo non solo regala una maggiore conoscenza della loro umanit\u00e0 e del loro spessore, ma offre altres\u00ec un punto di vista inedito e fecondo sui grandi interrogativi \u2013 scientifici e spirituali \u2013 dell\u2019umanit\u00e0.<\/p>\n<p><em>\u00abIn questi giorni in cui cos\u00ec tanti cercatori spirituali sentono il bisogno di far riposare le loro anime sulle scoperte della fisica, \u00e8 importante che ascoltiamo i veri maestri della fisica che ci indicano l\u2019importanza fondamentale sia della scienza che della religione, senza confondere i loro rispettivi compiti e obiettivi, ma ritrovando al tempo stesso entrambe come parti di quel Tutto che solamente \u00e8\u00bb<\/em>.<\/p>\n","protected":false},"excerpt":{"rendered":"<p>(Heisenberg, Schr\u00f6dinger, Einstein, De Broglie, Jeans, Pauli, Planck, Eddington)<br \/>\nGli scritti mistici dei pi\u00f9 grandi fisici degli ultimi due secoli, magistralmente raccolti da Ken Wilber, che offrono un punto di vista inedito e fecondo sui grandi interrogativi \u2013 scientifici e spirituali \u2013 dell\u2019umanit\u00e0.<\/p>\n","protected":false},"featured_media":5712,"template":"","meta":{"_acf_changed":false},"product_brand":[],"product_cat":[219,68,90,92],"product_tag":[],"class_list":{"0":"post-5711","1":"product","2":"type-product","3":"status-publish","4":"has-post-thumbnail","6":"product_cat-ken-wilber-cat","7":"product_cat-nonordinari","8":"product_cat-ricerca-interiore-cat","9":"product_cat-scienze-di-confine-cat","11":"first","12":"instock","13":"shipping-taxable","14":"purchasable","15":"product-type-simple"},"acf":[],"_links":{"self":[{"href":"https:\/\/www.spaziointeriore.com\/casaeditrice\/wp-json\/wp\/v2\/product\/5711","targetHints":{"allow":["GET"]}}],"collection":[{"href":"https:\/\/www.spaziointeriore.com\/casaeditrice\/wp-json\/wp\/v2\/product"}],"about":[{"href":"https:\/\/www.spaziointeriore.com\/casaeditrice\/wp-json\/wp\/v2\/types\/product"}],"wp:featuredmedia":[{"embeddable":true,"href":"https:\/\/www.spaziointeriore.com\/casaeditrice\/wp-json\/wp\/v2\/media\/5712"}],"wp:attachment":[{"href":"https:\/\/www.spaziointeriore.com\/casaeditrice\/wp-json\/wp\/v2\/media?parent=5711"}],"wp:term":[{"taxonomy":"product_brand","embeddable":true,"href":"https:\/\/www.spaziointeriore.com\/casaeditrice\/wp-json\/wp\/v2\/product_brand?post=5711"},{"taxonomy":"product_cat","embeddable":true,"href":"https:\/\/www.spaziointeriore.com\/casaeditrice\/wp-json\/wp\/v2\/product_cat?post=5711"},{"taxonomy":"product_tag","embeddable":true,"href":"https:\/\/www.spaziointeriore.com\/casaeditrice\/wp-json\/wp\/v2\/product_tag?post=5711"}],"curies":[{"name":"wp","href":"https:\/\/api.w.org\/{rel}","templated":true}]}}