{"id":5742,"date":"2022-11-24T13:27:28","date_gmt":"2022-11-24T13:27:28","guid":{"rendered":"https:\/\/www.spaziointeriore.com\/casaeditrice\/catalogo\/no-time-for-karma-nuova-edizione\/"},"modified":"2023-02-02T12:31:53","modified_gmt":"2023-02-02T12:31:53","slug":"no-time-for-karma-nuova-edizione","status":"publish","type":"product","link":"https:\/\/www.spaziointeriore.com\/casaeditrice\/catalogo\/no-time-for-karma-nuova-edizione\/","title":{"rendered":"NO TIME FOR KARMA (NUOVA EDIZIONE)"},"content":{"rendered":"<p>Uscire dalla ruota del dolore e del conflitto, mettere in discussione le millenarie nozioni di karma, peccato, di possibile e impossibile, ridurre il limite tra il visibile e l\u2019invisibile. Sono solo alcuni degli argomenti trattati in questo testo unico nel suo genere. Un lungo viaggio che ci porter\u00e0 a toccare con mano l\u2019energia evolutiva dell\u2019Era dell\u2019Acquario e a esplorare le nostre potenzialit\u00e0 come esseri dotati di potere psichico e di creatori di realt\u00e0. Frutto della raccolta di appunti provenienti da numerose conferenze e dall\u2019esperienza di vita di Paxton Robey, ingegnere americano appassionato di spiritualit\u00e0 e metafisica, <em>No Time For Karma <\/em>\u00e8 uno di quei libri in grado di cambiare la vita mostrando un possibile modo di mettere fine alla sofferenza umana. Da <em>Un corso in miracoli <\/em>ad Abraham Hicks, passando per il Metodo Silva e il contatto con la propria guida interiore, Paxton Robey ci condurr\u00e0 gentilmente a realizzare che non esiste l\u2019errore, non esiste un <em>l\u00e0 fuori <\/em>separato dalla nostra coscienza e soprattutto non c\u2019\u00e8 niente che non abbiamo il potere di cambiare. Pubblicato in Italia per la prima volta nel 2012, a distanza di dieci anni questo libro \u00e8 oggi pi\u00f9 che mai in grado di toccare le corde pi\u00f9 profonde della nostra anima e rimetterci in contatto con parti di noi troppo a lungo dimenticate e depotenziate, affinch\u00e9 possiamo efficacemente abbandonare il tortuoso sentiero del karma e dirigerci direttamente verso la gioia e la pace interiore.<\/p>\n<p><em>\u00abIl sentiero delle autorit\u00e0 \u00e8 molto utile alla crescita dell\u2019anima, ma \u00e8 terribilmente lento. \u00c8 il sentiero chiamato karma. Invece il sentiero insegnato dai grandi maestri \u00e8 autopotenziante, illuminante, divertente e, soprattutto, conveniente. Se sei stanco di rapporti che non ti divertono, delle limitazioni finanziarie e fisiche, che non sono affatto divertenti, allora forse potresti essere pronto a dichiarare che non hai tempo per il karma. Per sbarazzarci del sentiero karmico e dirigerci direttamente verso la gioia, il divertimento, l\u2019entusiasmo e la pace interiore dobbiamo seguire il consiglio di Re Salomone: \u201cA costo di tutto ci\u00f2 che possiedi, ottieni la comprensione\u201d\u00bb<\/em>.<\/p>\n","protected":false},"excerpt":{"rendered":"<p>Con uno stile semplice e coinvolgente, Paxton Robey ci conduce a realizzare che non esiste l\u2019errore, non esiste un \u201cl\u00e0 fuori\u201d separato dalla nostra coscienza e, soprattutto, non c\u2019\u00e8 nulla che non abbiamo il potere di cambiare.<\/p>\n","protected":false},"featured_media":5743,"template":"","meta":{"_acf_changed":false},"product_brand":[],"product_cat":[86,149,202,142,90],"product_tag":[],"class_list":{"0":"post-5742","1":"product","2":"type-product","3":"status-publish","4":"has-post-thumbnail","6":"product_cat-dimensioni-della-coscienza-cat","7":"product_cat-letteratura-di-risveglio-cat","8":"product_cat-paxton-robey-cat","9":"product_cat-portali","10":"product_cat-ricerca-interiore-cat","12":"first","13":"instock","14":"shipping-taxable","15":"purchasable","16":"product-type-simple"},"acf":[],"_links":{"self":[{"href":"https:\/\/www.spaziointeriore.com\/casaeditrice\/wp-json\/wp\/v2\/product\/5742","targetHints":{"allow":["GET"]}}],"collection":[{"href":"https:\/\/www.spaziointeriore.com\/casaeditrice\/wp-json\/wp\/v2\/product"}],"about":[{"href":"https:\/\/www.spaziointeriore.com\/casaeditrice\/wp-json\/wp\/v2\/types\/product"}],"wp:featuredmedia":[{"embeddable":true,"href":"https:\/\/www.spaziointeriore.com\/casaeditrice\/wp-json\/wp\/v2\/media\/5743"}],"wp:attachment":[{"href":"https:\/\/www.spaziointeriore.com\/casaeditrice\/wp-json\/wp\/v2\/media?parent=5742"}],"wp:term":[{"taxonomy":"product_brand","embeddable":true,"href":"https:\/\/www.spaziointeriore.com\/casaeditrice\/wp-json\/wp\/v2\/product_brand?post=5742"},{"taxonomy":"product_cat","embeddable":true,"href":"https:\/\/www.spaziointeriore.com\/casaeditrice\/wp-json\/wp\/v2\/product_cat?post=5742"},{"taxonomy":"product_tag","embeddable":true,"href":"https:\/\/www.spaziointeriore.com\/casaeditrice\/wp-json\/wp\/v2\/product_tag?post=5742"}],"curies":[{"name":"wp","href":"https:\/\/api.w.org\/{rel}","templated":true}]}}