{"id":5761,"date":"2023-01-09T08:31:42","date_gmt":"2023-01-09T08:31:42","guid":{"rendered":"https:\/\/www.spaziointeriore.com\/casaeditrice\/catalogo\/contemplazione\/"},"modified":"2023-10-19T09:31:56","modified_gmt":"2023-10-19T09:31:56","slug":"contemplazione","status":"publish","type":"product","link":"https:\/\/www.spaziointeriore.com\/casaeditrice\/catalogo\/contemplazione\/","title":{"rendered":"CONTEMPLAZIONE"},"content":{"rendered":"<p>Cos\u2019\u00e8 la paura? Cos\u2019\u00e8 il coraggio? Forse sono solo degli attimi, dei flash durante i quali ci \u00e8 data la possibilit\u00e0 di osservare questi noi stessi fintamente piccoli e inermi, di ringraziarli e, attraverso i limiti che ci mostrano, trovare finalmente il coraggio di compiere quel passo che ci condurr\u00e0 a ricontattare la nostra grandezza. Con la sua inarrestabile ironia e tanta leggerezza, attraverso il racconto di trentotto episodi, incredibili quanto realmente accaduti, Andrea Pietrangeli ci accompagna a scoprire l\u2019importanza della paura e del coraggio di essere umani. Una narrazione dal ritmo incalzante e divertente, e al contempo commovente e riflessiva, che mostra cosa accade quando si decide di rivedere la propria vita con lo sguardo stupito che illumina gli occhi di un bambino, l\u2019unico in grado di scoprire la perfezione che \u00e8 in ogni cosa. Accompagnato da trentacinque poesie intuitive, questo libro ti condurr\u00e0 a riscoprire come sia proprio tu il migliore alleato di te stesso.<\/p>\n<p><em>\u00abContemplazione \u00e8 bearsi e godere di tutto quello che c\u2019\u00e8, pronti a lasciar andare tutto, in ogni istante. Contemplazione \u00e8 gratitudine per tutto ci\u00f2 che si vive e si sperimenta, nel bene e nel male, nella paura e nel coraggio. Contemplazione \u00e8 contemplare la propria azione. Non si tratta di una meditazione o di un\u2019osservazione statica, ma di un\u2019azione consapevole di presenza e apprezzamento totale nei confronti della vita. Detto pi\u00f9 semplicemente: \u201cFinch\u00e9 hai un corpo, hai un culo. Muovilo!\u201d Questo \u00e8 quello che sento: il miglior modo per vivere una vita \u00e8 viverla il pi\u00f9 pienamente possibile, finch\u00e9 c\u2019\u00e8. Contempla tutto, lascia andare e prosegui oltre\u00bb<\/em>.<\/p>\n","protected":false},"excerpt":{"rendered":"<p>Una narrazione dal ritmo incalzante e divertente, e al contempo commovente e riflessiva, che mostra cosa accade quando si decide di rivedere la propria vita con lo sguardo stupito di un bambino, l\u2019unico in grado di scoprire la perfezione che \u00e8 in ogni cosa.<\/p>\n","protected":false},"featured_media":5762,"template":"","meta":{"_acf_changed":false},"product_brand":[],"product_cat":[199,149,68,90],"product_tag":[],"class_list":{"0":"post-5761","1":"product","2":"type-product","3":"status-publish","4":"has-post-thumbnail","6":"product_cat-andrea-pietrangeli-cat","7":"product_cat-letteratura-di-risveglio-cat","8":"product_cat-nonordinari","9":"product_cat-ricerca-interiore-cat","11":"first","12":"instock","13":"shipping-taxable","14":"purchasable","15":"product-type-simple"},"acf":[],"_links":{"self":[{"href":"https:\/\/www.spaziointeriore.com\/casaeditrice\/wp-json\/wp\/v2\/product\/5761","targetHints":{"allow":["GET"]}}],"collection":[{"href":"https:\/\/www.spaziointeriore.com\/casaeditrice\/wp-json\/wp\/v2\/product"}],"about":[{"href":"https:\/\/www.spaziointeriore.com\/casaeditrice\/wp-json\/wp\/v2\/types\/product"}],"wp:featuredmedia":[{"embeddable":true,"href":"https:\/\/www.spaziointeriore.com\/casaeditrice\/wp-json\/wp\/v2\/media\/5762"}],"wp:attachment":[{"href":"https:\/\/www.spaziointeriore.com\/casaeditrice\/wp-json\/wp\/v2\/media?parent=5761"}],"wp:term":[{"taxonomy":"product_brand","embeddable":true,"href":"https:\/\/www.spaziointeriore.com\/casaeditrice\/wp-json\/wp\/v2\/product_brand?post=5761"},{"taxonomy":"product_cat","embeddable":true,"href":"https:\/\/www.spaziointeriore.com\/casaeditrice\/wp-json\/wp\/v2\/product_cat?post=5761"},{"taxonomy":"product_tag","embeddable":true,"href":"https:\/\/www.spaziointeriore.com\/casaeditrice\/wp-json\/wp\/v2\/product_tag?post=5761"}],"curies":[{"name":"wp","href":"https:\/\/api.w.org\/{rel}","templated":true}]}}