{"id":5796,"date":"2023-03-09T10:27:28","date_gmt":"2023-03-09T10:27:28","guid":{"rendered":"https:\/\/www.spaziointeriore.com\/casaeditrice\/catalogo\/sviluppo-interiore\/"},"modified":"2023-04-11T07:56:59","modified_gmt":"2023-04-11T07:56:59","slug":"sviluppo-interiore","status":"publish","type":"product","link":"https:\/\/www.spaziointeriore.com\/casaeditrice\/catalogo\/sviluppo-interiore\/","title":{"rendered":"SVILUPPO INTERIORE"},"content":{"rendered":"<p><em>Sviluppo interiore<\/em>\u00a0raccoglie sette conferenze \u2013\u00a0tenute da Valentin Tomberg a Rotterdam nel 1938 \u2013\u00a0che trattano del percorso spirituale dell\u2019antroposofia nel suo aspetto cristiano-rosacrociano. L\u2019autore parla apertamente e onestamente di meditazione, dei diversi \u201cstadi\u201d della coscienza (immaginazione, ispirazione e intuizione), di guardiani della soglia e di prove occulte, concludendo con la descrizione del percorso di vita di Rudolf Steiner come via per l\u2019iniziato cristiano. Il punto focale di queste conferenze \u00e8 il lavoro spirituale nella Scuola o comunit\u00e0 di Michele. Al volgersi dei secoli\u00a0<span class=\"smallcaps\">xviii<\/span>\u00a0e\u00a0<span class=\"smallcaps\">xix<\/span>, Michele comp\u00ec un atto poderoso nei mondi spirituali: egli rivel\u00f2 il nuovo mistero che viene alla luce sulla Terra sotto forma di antroposofia. Il suo contenuto \u00e8 il rinnovamento della cognizione dei misteri della natura e del karma o destino umano. Le anime attirate da questa Scuola hanno un rapporto speciale con il pensiero: in esse il sentimento della verit\u00e0 \u00e8 ferreo, ed \u00e8 proprio questo afflato per la verit\u00e0 a permettergli di diventare compagni di Michele sulla soglia dei mondi spirituali.<\/p>\n<p><em>\u00abBisogna trovare il proprio potere del coraggio. Questo potere non ha niente a che fare con desideri e sentimenti, bens\u00ec si basa unicamente sulla forza del proprio io. L\u2019io \u00e8 forte perch\u00e9 esiste. Non si pu\u00f2 contare su nessun aiuto. L\u2019io deve dimostrare di essere coraggioso\u00bb<\/em>.<\/p>\n","protected":false},"excerpt":{"rendered":"<p>Il libro che racchiude le sette conferenze tenute a Rotterdam nel 1938 dal mistico cristiano studioso di ermetismo Valentin Tomberg, e che trattano del percorso spirituale dell\u2019antroposofia nel suo aspetto cristiano-rosacrociano.<\/p>\n","protected":false},"featured_media":5797,"template":"","meta":{"_acf_changed":false},"product_brand":[],"product_cat":[227,90,144,259],"product_tag":[],"class_list":{"0":"post-5796","1":"product","2":"type-product","3":"status-publish","4":"has-post-thumbnail","6":"product_cat-esoterismo-cat","7":"product_cat-ricerca-interiore-cat","8":"product_cat-talismani","9":"product_cat-valentin-tomberg-cat","11":"first","12":"instock","13":"shipping-taxable","14":"purchasable","15":"product-type-simple"},"acf":[],"_links":{"self":[{"href":"https:\/\/www.spaziointeriore.com\/casaeditrice\/wp-json\/wp\/v2\/product\/5796","targetHints":{"allow":["GET"]}}],"collection":[{"href":"https:\/\/www.spaziointeriore.com\/casaeditrice\/wp-json\/wp\/v2\/product"}],"about":[{"href":"https:\/\/www.spaziointeriore.com\/casaeditrice\/wp-json\/wp\/v2\/types\/product"}],"wp:featuredmedia":[{"embeddable":true,"href":"https:\/\/www.spaziointeriore.com\/casaeditrice\/wp-json\/wp\/v2\/media\/5797"}],"wp:attachment":[{"href":"https:\/\/www.spaziointeriore.com\/casaeditrice\/wp-json\/wp\/v2\/media?parent=5796"}],"wp:term":[{"taxonomy":"product_brand","embeddable":true,"href":"https:\/\/www.spaziointeriore.com\/casaeditrice\/wp-json\/wp\/v2\/product_brand?post=5796"},{"taxonomy":"product_cat","embeddable":true,"href":"https:\/\/www.spaziointeriore.com\/casaeditrice\/wp-json\/wp\/v2\/product_cat?post=5796"},{"taxonomy":"product_tag","embeddable":true,"href":"https:\/\/www.spaziointeriore.com\/casaeditrice\/wp-json\/wp\/v2\/product_tag?post=5796"}],"curies":[{"name":"wp","href":"https:\/\/api.w.org\/{rel}","templated":true}]}}