{"id":5815,"date":"2023-04-27T16:04:50","date_gmt":"2023-04-27T16:04:50","guid":{"rendered":"https:\/\/www.spaziointeriore.com\/casaeditrice\/catalogo\/libro-degli-incantesimi\/"},"modified":"2023-10-19T09:39:45","modified_gmt":"2023-10-19T09:39:45","slug":"libro-degli-incantesimi","status":"publish","type":"product","link":"https:\/\/www.spaziointeriore.com\/casaeditrice\/catalogo\/libro-degli-incantesimi\/","title":{"rendered":"LIBRO DEGLI INCANTESIMI"},"content":{"rendered":"<p>Dopo aver affascinato e appassionato migliaia di lettori con <em>La via della trasmutazione alchemica<\/em>, M.M. Judas torna per addestrarci all\u2019arte della sovversione dello status quo in cui siamo immersi. Il <em>Libro degli incantesimi<\/em> ci invita infatti a sovvertire il modo di guardare le cose e con ci\u00f2 a scoprire la selva di incantesimi nella quale siamo imprigionati: incantesimi che ci irretiscono, condizionandoci e appesantendoci a nostra insaputa. Espressioni all\u2019apparenza innocue e che siamo abituati a sentire e ripetere \u2013 \u00abDevi combattere per ci\u00f2 che ami\u00bb, \u00abLa vita \u00e8 un inferno\u00bb, \u00abDevi perdonare\u00bb, \u00abLa solitudine \u00e8 triste\u00bb e molte altre \u2013 non appena osservate da una diversa prospettiva mostrano la loro vera natura di nefasti sortilegi: incantesimi bloccanti e sminuenti che Judas ci indica uno per uno, insegnandoci non solo a identificarli come tali, ma anche a formulare e mettere in pratica i relativi contro-incantesimi, affinch\u00e9 la mal\u00eca sia definitivamente spezzata e ogni aspetto della nostra vita possa essere vissuto con piena autenticit\u00e0 e libert\u00e0. Un portale d\u2019accesso a quel mondo sospeso tra realt\u00e0 e magia, a quello spazio troppo vero per essere assurdo e al contempo troppo assurdo per essere vero, ma dal quale \u00e8 possibile vedere le cose per ci\u00f2 che sono davvero e recuperare il proprio potere di cambiarle concretamente.<\/p>\n<p><em>\u00abCos\u2019\u00e8 in fondo la morte, se non l\u2019illusione della fine del tempo? Non \u00e8 un paradosso, oltre che una follia, l\u2019ostinarci a misurare il fatto che siamo vivi grazie al fatto che non siamo morti? Ma se la morte non esiste&#8230; allora non esiste neanche la vita? E se la vita, la morte e il tempo non esistono, cosa rimane? Tu\u00bb<\/em>.<\/p>\n","protected":false},"excerpt":{"rendered":"<p>Il libro per imparare a riconoscere gli incantesimi che fin da piccoli ci irretiscono, impedendoci di esprimere il nostro autentico potenziale, e a mettere in pratica i relativi contro-incantesimi.<\/p>\n","protected":false},"featured_media":5816,"template":"","meta":{"_acf_changed":false},"product_brand":[],"product_cat":[227,149,181,144],"product_tag":[],"class_list":{"0":"post-5815","1":"product","2":"type-product","3":"status-publish","4":"has-post-thumbnail","6":"product_cat-esoterismo-cat","7":"product_cat-letteratura-di-risveglio-cat","8":"product_cat-mm-judas-cat","9":"product_cat-talismani","11":"first","12":"instock","13":"shipping-taxable","14":"purchasable","15":"product-type-simple"},"acf":[],"_links":{"self":[{"href":"https:\/\/www.spaziointeriore.com\/casaeditrice\/wp-json\/wp\/v2\/product\/5815","targetHints":{"allow":["GET"]}}],"collection":[{"href":"https:\/\/www.spaziointeriore.com\/casaeditrice\/wp-json\/wp\/v2\/product"}],"about":[{"href":"https:\/\/www.spaziointeriore.com\/casaeditrice\/wp-json\/wp\/v2\/types\/product"}],"wp:featuredmedia":[{"embeddable":true,"href":"https:\/\/www.spaziointeriore.com\/casaeditrice\/wp-json\/wp\/v2\/media\/5816"}],"wp:attachment":[{"href":"https:\/\/www.spaziointeriore.com\/casaeditrice\/wp-json\/wp\/v2\/media?parent=5815"}],"wp:term":[{"taxonomy":"product_brand","embeddable":true,"href":"https:\/\/www.spaziointeriore.com\/casaeditrice\/wp-json\/wp\/v2\/product_brand?post=5815"},{"taxonomy":"product_cat","embeddable":true,"href":"https:\/\/www.spaziointeriore.com\/casaeditrice\/wp-json\/wp\/v2\/product_cat?post=5815"},{"taxonomy":"product_tag","embeddable":true,"href":"https:\/\/www.spaziointeriore.com\/casaeditrice\/wp-json\/wp\/v2\/product_tag?post=5815"}],"curies":[{"name":"wp","href":"https:\/\/api.w.org\/{rel}","templated":true}]}}