{"id":5869,"date":"2023-08-09T15:13:11","date_gmt":"2023-08-09T15:13:11","guid":{"rendered":"https:\/\/www.spaziointeriore.com\/casaeditrice\/?post_type=product&#038;p=5869"},"modified":"2023-10-19T09:46:50","modified_gmt":"2023-10-19T09:46:50","slug":"khnum-khufu-cheope-la-fine-di-un-mistero","status":"publish","type":"product","link":"https:\/\/www.spaziointeriore.com\/casaeditrice\/catalogo\/khnum-khufu-cheope-la-fine-di-un-mistero\/","title":{"rendered":"KHNUM-KHUFU \u2013 CHEOPE: LA FINE DI UN MISTERO"},"content":{"rendered":"<p class=\"p1\">Cosa si cela all\u2019interno della piramide di Cheope? Si tratta veramente di un monumento funebre o la sua funzione era decisamente diversa? E come fu possibile costruirla in un\u2019epoca in cui ancora non era stata inventata nemmeno la ruota? Questi interrogativi, che da sempre hanno appassionato esperti e non, trovano oggi nuove risposte grazie al rivoluzionario lavoro di ricerca effettuato da Malanga e Biondi tramite la nuova tecnologia sar, il radar ad apertura sintetica. In queste pagine gli autori illustrano i vari passaggi che li hanno portati a mettere a punto la nuova metodologia di indagine che ha loro consentito di osservare nel dettaglio e per intero l\u2019interno della Grande Piramide, scoprendo l\u2019esistenza di numerose camere e gallerie fino ad oggi sconosciute. Scritto in un linguaggio accessibile e corredato dalle numerose immagini tomografiche ottenute tramite il sar e dalle ricostruzioni cad 3d dell\u2019interno della piramide, questo libro offre non solo un viaggio straordinario dentro uno dei megaliti pi\u00f9 famosi al mondo ma altres\u00ec una ricostruzione, scientificamente fondata, della sua reale funzione e del modo in cui i suoi veri costruttori avrebbero potuto edificarla. Una lettura avvincente e appassionante che ci accompagner\u00e0 a comprendere perch\u00e9 sia ormai giunto il momento di rivedere radicalmente, rispetto a come ci \u00e8 stata raccontata fino ad oggi, la storia dell\u2019evoluzione umana e del nostro pianeta: un pianeta abitato, in un lontano passato, da razze scientificamente e tecnologicamente pi\u00f9 evolute della nostra e il cui bagaglio di conoscenze comprendeva nozioni riguardanti la natura del suono e dei fononi usate per elaborare strategie curative, tra le quali, con ogni probabilit\u00e0, una per allungarsi la vita. Un libro il cui contenuto apre nuovi orizzonti storico-scientifici e che, nel portare finalmente alla luce una di quelle tante verit\u00e0 finora tenute nascoste sotto il tappeto polveroso della \u201cstoria\u201d che ci viene tuttora insegnata, porta in s\u00e9 una grande spinta di liberazione per chiunque voglia uscire dallo stato di ipnosi collettiva in cui \u00e8 immersa buona parte dell\u2019umanit\u00e0.<\/p>\n<p>&nbsp;<\/p>\n<p class=\"p1\"><i>\u00abQueste pagine raccolgono il frutto del lavoro di ricerca scientifica che noi autori abbiamo svolto insieme, presentato in una veste che \u2013 speriamo \u2013 sia il pi\u00f9 possibile comprensibile anche ai \u201cnon addetti ai lavori\u201d. Prima di incontrarci e iniziare la nostra collaborazione, ciascuno di noi aveva alle spalle un lungo percorso di studio e lavoro in ambiti differenti: come accade allorch\u00e9 la spinta alla ricerca provenga da autentica curiosit\u00e0 e reale desiderio di conoscenza, e non dal bisogno di conferme o successo accademico, incontrandoci abbiamo compreso che condividere e mettere insieme le nostre diverse competenze ci avrebbe consentito di compiere dei passi ulteriori in direzione della verit\u00e0. Perch\u00e9 siamo convinti che la vera ricerca mal si concilia con la difesa del proprio orticello e che trovandoci di fronte a qualcosa di \u201cdiverso\u201d, spesso sono maggiori le probabilit\u00e0 ch\u2019esso si riveli complementare piuttosto che incompatibile (o \u201cpericoloso\u201d) rispetto al nostro lavoro<\/i><span class=\"s1\"><i>\u00bb.<\/i><\/span><\/p>\n<p class=\"p1\">Corrado Malanga e Filippo Biondi<\/p>\n","protected":false},"excerpt":{"rendered":"<p class=\"p1\">Il libro che descrive, in maniera accessibile e corredata da numerose immagini a colori, la rivoluzionaria tecnica scientifica che ha permesso, per la prima volta nella storia dell\u2019umanit\u00e0, di osservare per intero l\u2019interno della piramide di Cheope e cos\u00ec ricostruirne la reale funzione.<\/p>\n","protected":false},"featured_media":5870,"template":"","meta":{"_acf_changed":false},"product_brand":[],"product_cat":[185,86,265,68,90,92],"product_tag":[],"class_list":{"0":"post-5869","1":"product","2":"type-product","3":"status-publish","4":"has-post-thumbnail","6":"product_cat-corrado-malanga-cat","7":"product_cat-dimensioni-della-coscienza-cat","8":"product_cat-filippo-biondi-cat","9":"product_cat-nonordinari","10":"product_cat-ricerca-interiore-cat","11":"product_cat-scienze-di-confine-cat","13":"first","14":"instock","15":"shipping-taxable","16":"purchasable","17":"product-type-simple"},"acf":[],"_links":{"self":[{"href":"https:\/\/www.spaziointeriore.com\/casaeditrice\/wp-json\/wp\/v2\/product\/5869","targetHints":{"allow":["GET"]}}],"collection":[{"href":"https:\/\/www.spaziointeriore.com\/casaeditrice\/wp-json\/wp\/v2\/product"}],"about":[{"href":"https:\/\/www.spaziointeriore.com\/casaeditrice\/wp-json\/wp\/v2\/types\/product"}],"wp:featuredmedia":[{"embeddable":true,"href":"https:\/\/www.spaziointeriore.com\/casaeditrice\/wp-json\/wp\/v2\/media\/5870"}],"wp:attachment":[{"href":"https:\/\/www.spaziointeriore.com\/casaeditrice\/wp-json\/wp\/v2\/media?parent=5869"}],"wp:term":[{"taxonomy":"product_brand","embeddable":true,"href":"https:\/\/www.spaziointeriore.com\/casaeditrice\/wp-json\/wp\/v2\/product_brand?post=5869"},{"taxonomy":"product_cat","embeddable":true,"href":"https:\/\/www.spaziointeriore.com\/casaeditrice\/wp-json\/wp\/v2\/product_cat?post=5869"},{"taxonomy":"product_tag","embeddable":true,"href":"https:\/\/www.spaziointeriore.com\/casaeditrice\/wp-json\/wp\/v2\/product_tag?post=5869"}],"curies":[{"name":"wp","href":"https:\/\/api.w.org\/{rel}","templated":true}]}}