{"id":5876,"date":"2023-09-05T09:35:13","date_gmt":"2023-09-05T09:35:13","guid":{"rendered":"https:\/\/www.spaziointeriore.com\/casaeditrice\/catalogo\/scavando-nellombra\/"},"modified":"2023-10-19T09:48:38","modified_gmt":"2023-10-19T09:48:38","slug":"scavando-nellombra","status":"publish","type":"product","link":"https:\/\/www.spaziointeriore.com\/casaeditrice\/catalogo\/scavando-nellombra\/","title":{"rendered":"SCAVANDO NELL&#8217;OMBRA"},"content":{"rendered":"<p>In queste pagine, dense e graffianti quanto utili a chi intende davvero osservare le proprie zone d\u2019ombra, Marucchi ci conduce in una profonda immersione nel lato pi\u00f9 oscuro della psiche umana, in quelle parti giudicate riprovevoli, indegne, perfino \u201cmalate\u201d, e perci\u00f2 rinnegate e oggetto di un continuo \u2013 quanto vano \u2013 sforzo di estirpazione, proponendo rispetto a esse un approccio di segno opposto: sviluppare complicit\u00e0 \u2013 invece che rifiuto \u2013 con le aree in cui si annida quel \u201cmale\u201d che siamo capaci di riconoscere all\u2019esterno, ma molto meno all\u2019interno di noi, onde riconoscere il loro ineliminabile influsso sul nostro modo di essere e vivere e dunque riappropriarci del potere di farne uso, anzich\u00e9 esserne inconsapevolmente usati. Il dialogo con le parti rinnegate della psiche conduce a una trama che collega il sesso e il piacere alla morte e alla predazione e apre nuove prospettive di indagine interiore, soprattutto considerato che queste parti di noi, per quanto rinnegate, sono non solo sempre pienamente operative, ma anche profondamente connaturate alla psiche umana, che non pu\u00f2 definirsi tale in assenza di esse. Osservazioni, riflessioni, intuizioni e accostamenti quanto mai scomodi nella loro lucidit\u00e0 a capacit\u00e0 di cogliere nel segno, ma in grado di ricomporsi in un mosaico, personale e collettivo, che osa trovare poesia e romanticismo nelle tenebre.<\/p>\n<p><em>\u00abNon esiste alcun rifugio dal male, se non dimorare a stretto contatto con il male stesso. Preservarsi e proteggersi ad ogni costo da qualunque contatto con il male \u00e8 parte del problema stesso. \u00c8 proprio cos\u00ec che si amplifica il pericolo. \u00c8 urgente ristabilire un contatto con la propria profondit\u00e0. Rafforzare il legame con le proprie radici. Sostare nei pressi della sorgente oscura che ci abita. Ci\u00f2 che \u00e8 provocante per l\u2019ombra, \u00e8 provocatorio per la luce\u00bb<\/em>.<\/p>\n","protected":false},"excerpt":{"rendered":"<p>Pagine dense e graffianti che esplorano la trama che collega il sesso e il piacere alla morte e alla predazione, aprendo nuove prospettive di indagine e lavoro interiore.<\/p>\n","protected":false},"featured_media":5877,"template":"","meta":{"_acf_changed":false},"product_brand":[],"product_cat":[186,227,141,90,93],"product_tag":[],"class_list":{"0":"post-5876","1":"product","2":"type-product","3":"status-publish","4":"has-post-thumbnail","6":"product_cat-claudio-marucchi-cat","7":"product_cat-esoterismo-cat","8":"product_cat-luxor","9":"product_cat-ricerca-interiore-cat","10":"product_cat-sessualita-cat","12":"first","13":"instock","14":"shipping-taxable","15":"purchasable","16":"product-type-simple"},"acf":[],"_links":{"self":[{"href":"https:\/\/www.spaziointeriore.com\/casaeditrice\/wp-json\/wp\/v2\/product\/5876","targetHints":{"allow":["GET"]}}],"collection":[{"href":"https:\/\/www.spaziointeriore.com\/casaeditrice\/wp-json\/wp\/v2\/product"}],"about":[{"href":"https:\/\/www.spaziointeriore.com\/casaeditrice\/wp-json\/wp\/v2\/types\/product"}],"wp:featuredmedia":[{"embeddable":true,"href":"https:\/\/www.spaziointeriore.com\/casaeditrice\/wp-json\/wp\/v2\/media\/5877"}],"wp:attachment":[{"href":"https:\/\/www.spaziointeriore.com\/casaeditrice\/wp-json\/wp\/v2\/media?parent=5876"}],"wp:term":[{"taxonomy":"product_brand","embeddable":true,"href":"https:\/\/www.spaziointeriore.com\/casaeditrice\/wp-json\/wp\/v2\/product_brand?post=5876"},{"taxonomy":"product_cat","embeddable":true,"href":"https:\/\/www.spaziointeriore.com\/casaeditrice\/wp-json\/wp\/v2\/product_cat?post=5876"},{"taxonomy":"product_tag","embeddable":true,"href":"https:\/\/www.spaziointeriore.com\/casaeditrice\/wp-json\/wp\/v2\/product_tag?post=5876"}],"curies":[{"name":"wp","href":"https:\/\/api.w.org\/{rel}","templated":true}]}}