{"id":5999,"date":"2023-10-12T12:10:30","date_gmt":"2023-10-12T12:10:30","guid":{"rendered":"https:\/\/www.spaziointeriore.com\/casaeditrice\/catalogo\/oltre-il-velo-di-eros\/"},"modified":"2024-01-22T11:59:15","modified_gmt":"2024-01-22T11:59:15","slug":"oltre-il-velo-di-eros","status":"publish","type":"product","link":"https:\/\/www.spaziointeriore.com\/casaeditrice\/catalogo\/oltre-il-velo-di-eros\/","title":{"rendered":"OLTRE IL VELO DI EROS"},"content":{"rendered":"<p>Questo \u00e8 il tempo della separazione, il momento storico che spinge verso una selezione tra individui, generazioni, modi di stare al mondo. Chiunque si trovi sulla Terra adesso \u00e8 circondato di onde che lo sommergono o che egli pu\u00f2 decidere di cavalcare. E in questo Oceano tutti si incontreranno e scontreranno, mossi dalle correnti, finch\u00e9 una non prevarr\u00e0 sulle altre e disegner\u00e0 la direzione per l\u2019umanit\u00e0 intera. Se questa corrente sar\u00e0 Eros, coloro che guider\u00e0 non si stupiranno: essa li ha sempre ispirati, li ha sempre coinvolti, ha ordito ogni cosa. Il volume stesso che hai tra le mani \u00e8 figlio suo, nato con lo scopo di ricordare l\u2019esistenza di questa forza universale, di onorare la sua bellezza, di stabilire che creare intimit\u00e0 tra coloro che perseguono la stessa visione \u00e8 l\u2019unica condizione per realizzarla. Tra queste pagine Eros sar\u00e0 il protagonista, il suo desiderio di slancio esploder\u00e0, non pi\u00f9 trattenuto da nessuna convinta repressione, da alcuna morale giudicante o comandamento superiore.\u00a0 Perch\u00e9 questo sia un invito a lasciarti alle spalle tutte le vesti e a non rimanere semplicemente fermo. Per fare di questo periodo storico il momento pi\u00f9 opportuno per educare chi \u00e8 pronto alla riverenza, all\u2019amore, alla gratitudine per la Natura e le sue intelligenze mescolate dentro di noi, nel nostro Spirito e nel corpo.<\/p>\n<p><em>\u00abEros \u00e8 la forza che trasforma dei semplici bipedi in onde gravitazionali: questa \u00e8 la sua grandezza. Ha il potere di plasmarci cos\u00ec profondamente che tutte le nostre maschere cadono a pezzi, le armature si sciolgono e ci liberano. Insieme a lui potremmo trasformare l\u2019intera Terra, creare un\u2019intesa umana senza spiegarla, legittimarla, garantirla, trasformare ogni individuo in un\u2019eco di Infinito\u00bb<\/em>.<\/p>\n","protected":false},"excerpt":{"rendered":"<p>Una profonda immersione nel grande potere di Eros, la forza unificatrice in grado di guarire l\u2019umanit\u00e0 dalla spinta divisiva che la sta logorando.<\/p>\n","protected":false},"featured_media":6000,"template":"","meta":{"_acf_changed":false},"product_brand":[],"product_cat":[212,90,93,144],"product_tag":[],"class_list":{"0":"post-5999","1":"product","2":"type-product","3":"status-publish","4":"has-post-thumbnail","6":"product_cat-david-simurgh-cat","7":"product_cat-ricerca-interiore-cat","8":"product_cat-sessualita-cat","9":"product_cat-talismani","11":"first","12":"instock","13":"shipping-taxable","14":"purchasable","15":"product-type-simple"},"acf":[],"_links":{"self":[{"href":"https:\/\/www.spaziointeriore.com\/casaeditrice\/wp-json\/wp\/v2\/product\/5999","targetHints":{"allow":["GET"]}}],"collection":[{"href":"https:\/\/www.spaziointeriore.com\/casaeditrice\/wp-json\/wp\/v2\/product"}],"about":[{"href":"https:\/\/www.spaziointeriore.com\/casaeditrice\/wp-json\/wp\/v2\/types\/product"}],"wp:featuredmedia":[{"embeddable":true,"href":"https:\/\/www.spaziointeriore.com\/casaeditrice\/wp-json\/wp\/v2\/media\/6000"}],"wp:attachment":[{"href":"https:\/\/www.spaziointeriore.com\/casaeditrice\/wp-json\/wp\/v2\/media?parent=5999"}],"wp:term":[{"taxonomy":"product_brand","embeddable":true,"href":"https:\/\/www.spaziointeriore.com\/casaeditrice\/wp-json\/wp\/v2\/product_brand?post=5999"},{"taxonomy":"product_cat","embeddable":true,"href":"https:\/\/www.spaziointeriore.com\/casaeditrice\/wp-json\/wp\/v2\/product_cat?post=5999"},{"taxonomy":"product_tag","embeddable":true,"href":"https:\/\/www.spaziointeriore.com\/casaeditrice\/wp-json\/wp\/v2\/product_tag?post=5999"}],"curies":[{"name":"wp","href":"https:\/\/api.w.org\/{rel}","templated":true}]}}