{"id":6035,"date":"2023-12-14T09:59:46","date_gmt":"2023-12-14T09:59:46","guid":{"rendered":"https:\/\/www.spaziointeriore.com\/casaeditrice\/catalogo\/simbologia-di-nettuno\/"},"modified":"2025-04-01T09:20:50","modified_gmt":"2025-04-01T09:20:50","slug":"simbologia-di-nettuno","status":"publish","type":"product","link":"https:\/\/www.spaziointeriore.com\/casaeditrice\/catalogo\/simbologia-di-nettuno\/","title":{"rendered":"SIMBOLOGIA DI NETTUNO"},"content":{"rendered":"<p>Nettuno esprime quella parte di noi che non pu\u00f2 essere definita in termini concreti, \u00e8 il grande illusionista che abita il nostro mondo interiore e che pi\u00f9 di ogni altro ci permette di comprendere dove tendiamo a non vedere la realt\u00e0 e dunque a illuderci e autoingannarci. Simboleggia ci\u00f2 che non \u00e8 tangibile perch\u00e9 non ha forma, le idee che non sempre trovano la sostanza giusta per manifestarsi, le cose che sono vere ma che non si possono \u2013 o non si possono <em>ancora<\/em> \u2013 provare e le paure di cui non conosciamo la motivazione. \u00c8 la parte di noi che vuole sognare, fantasticare e sperimentare ci\u00f2 che \u00e8 oltre al limite; \u00e8 la parte che ha spesso dubbi mentre vorrebbe certezze, che si illude e poi si delude; che avverte e sente cose che non possono essere spiegate. Simboleggia il rapimento dell\u2019anima, gli stati alterati di coscienza e tutto ci\u00f2 che non si pu\u00f2 spiegare in termini logici, ma che pu\u00f2 solo essere accettato. Nettuno \u00e8 l\u2019archetipo che pi\u00f9 di tutti canalizza il fuoco spirituale portandoci verso il ritorno alla fonte primaria e a ritrovare quel senso di unit\u00e0 interiore che \u00e8 venuto meno nel momento della nascita. In queste pagine Lidia Fassio ci offre un\u2019ampia quanto approfondita panoramica di Nettuno, analizzandolo in profondit\u00e0 nel suo simbolismo e nella sua funzione archetipica, e soffermandosi altres\u00ec sulla sua portata nelle dodici case astrologiche, sui suoi transiti e sugli aspetti che forma con gli altri pianeti, fondamentale per conoscere e comprendere a fondo questo potente archetipo e poterne dunque accogliere e sfruttare gli immensi doni, al contempo gestendo consapevolmente i suoi \u2013 altrettanto forti \u2013 lati ombra.<\/p>\n<p><em>\u00abNettuno vuole portarci dentro a un mondo non ancora spiegato e forse non spiegabile, per il quale non sono disponibili mappe, niente che aiuti la navigazione, che dunque richiede solo affidamento; \u00e8 la parte che vuole che ci soffermiamo su ci\u00f2 che sentiamo piuttosto che su ci\u00f2 che vediamo e tocchiamo. Se ci affidiamo, Nettuno ci condurr\u00e0 in un mondo di cui non conosciamo l\u2019esistenza, un mondo fatto di colori vividi, simili a quelli dell\u2019arcobaleno; vuole che andiamo l\u00ec per farci ascoltare una musica cos\u00ec perfetta che non potr\u00e0 mai essere riprodotta; vuole che scorgiamo la bellezza che difficilmente il mondo potr\u00e0 definire. Imparare a riconoscere il Nettuno che sta dentro di noi \u00e8 il modo pi\u00f9 semplice per ritrovare la strada perduta\u00bb<\/em>.<\/p>\n","protected":false},"excerpt":{"rendered":"<p>Una trattazione completa e accessibile a tutti interamente dedicata all\u2019analisi e allo studio di Nettuno, strumento indispensabile per chiunque si occupi \u2013 da esperto o da neofita \u2013 di astrologia e di lettura del tema natale.<\/p>\n","protected":false},"featured_media":6037,"template":"","meta":{"_acf_changed":false},"product_brand":[],"product_cat":[83,140,173],"product_tag":[],"class_list":{"0":"post-6035","1":"product","2":"type-product","3":"status-publish","4":"has-post-thumbnail","6":"product_cat-astrologia-cat","7":"product_cat-lanterne","8":"product_cat-lidia-fassio-cat","10":"first","11":"instock","12":"shipping-taxable","13":"purchasable","14":"product-type-simple"},"acf":[],"_links":{"self":[{"href":"https:\/\/www.spaziointeriore.com\/casaeditrice\/wp-json\/wp\/v2\/product\/6035","targetHints":{"allow":["GET"]}}],"collection":[{"href":"https:\/\/www.spaziointeriore.com\/casaeditrice\/wp-json\/wp\/v2\/product"}],"about":[{"href":"https:\/\/www.spaziointeriore.com\/casaeditrice\/wp-json\/wp\/v2\/types\/product"}],"wp:featuredmedia":[{"embeddable":true,"href":"https:\/\/www.spaziointeriore.com\/casaeditrice\/wp-json\/wp\/v2\/media\/6037"}],"wp:attachment":[{"href":"https:\/\/www.spaziointeriore.com\/casaeditrice\/wp-json\/wp\/v2\/media?parent=6035"}],"wp:term":[{"taxonomy":"product_brand","embeddable":true,"href":"https:\/\/www.spaziointeriore.com\/casaeditrice\/wp-json\/wp\/v2\/product_brand?post=6035"},{"taxonomy":"product_cat","embeddable":true,"href":"https:\/\/www.spaziointeriore.com\/casaeditrice\/wp-json\/wp\/v2\/product_cat?post=6035"},{"taxonomy":"product_tag","embeddable":true,"href":"https:\/\/www.spaziointeriore.com\/casaeditrice\/wp-json\/wp\/v2\/product_tag?post=6035"}],"curies":[{"name":"wp","href":"https:\/\/api.w.org\/{rel}","templated":true}]}}