{"id":6102,"date":"2024-01-15T10:53:24","date_gmt":"2024-01-15T10:53:24","guid":{"rendered":"https:\/\/www.spaziointeriore.com\/casaeditrice\/catalogo\/farmagia\/"},"modified":"2024-03-15T08:36:38","modified_gmt":"2024-03-15T08:36:38","slug":"farmagia","status":"publish","type":"product","link":"https:\/\/www.spaziointeriore.com\/casaeditrice\/catalogo\/farmagia\/","title":{"rendered":"FARMAGIA"},"content":{"rendered":"<p>Dopo l\u2019enorme successo di <em>Sticazzi \u2013 La suprema via della leggerezza<\/em>, A. Pietrangeli torna, con la verve che lo contraddistingue, per guidarci in un affascinante viaggio dentro noi stessi e scoprire come \u201cfar-magia\u201d, ovvero come riconoscere le proprie ferite, accettarle con amore e accedere alla fase pi\u00f9 divertente della vita, quella della manifestazione dei propri desideri pi\u00f9 puri e realizzativi che donano quella vita leggera alla quale abbiamo sempre aspirato. Per percorrere la suprema via della guarigione, occorre Farmagia \u2013 s\u00ec, proprio con la G \u2013 cambiando prospettiva e iniziando a comprendere che la malattia fisica \u00e8 in realt\u00e0 un alleato prezioso che ci guida sempre verso la nostra guarigione pi\u00f9 profonda. Quando ci riallineiamo con il nostro benessere e smettiamo di maltrattarci, ci accorgiamo infatti che attraverso il messaggio del sintomo il fisico ci indica quali sono le cattive abitudini emozionali che possiamo finalmente lasciar andare. Dopo il dolore, la paura, l\u2019ansia e la povert\u00e0, l\u2019essere umano \u00e8 pronto a evolvere attraverso la gioia, il benessere, l\u2019abbondanza e la gratitudine. Basta sceglierlo. Viviamo in una nuova magica era, pronta a donarci tutto questo e molto di pi\u00f9, non appena troviamo il coraggio di darci amore, cura e attenzioni ed esplodiamo di amore per noi stessi e per il nostro vissuto. Saper ascoltare il proprio corpo \u00e8 un grande potere di guarigione che stiamo lentamente imparando, senza pi\u00f9 bisogno di intermediari per tradurre i messaggi salvifici che ci offre la \u201cbenattia\u201d, ma anzi apprendendo a riconoscere e come usare i quattro aiuti che tutti quanti abbiamo a disposizione.<\/p>\n<p><em>\u00abSi pensa che il sintomo sia un male, una disgrazia. Io ti dico invece che ogni sintomo in realt\u00e0 \u00e8 un bene: \u00e8 il tuo corpo che si protegge da te e dalle tue maldestre scelte emozionali. Per guarire quel dolore da cui spesso cerchiamo di sottrarci e curare la ferita emozionale \u00e8 necessario assumere una medicina specifica che ho scoperto essere il talento. E il talento \u00e8 riscoprire l\u2019Amore in azione attraverso di te. Non \u00e8 farmacia, \u00e8 far magia!\u00bb<\/em><\/p>\n","protected":false},"excerpt":{"rendered":"<p>Il libro per scoprire come la malattia fisica sia in realt\u00e0 una \u201cbenattia\u201d, un alleato prezioso in grado di guidarci, una volta compreso appieno, verso una guarigione pi\u00f9 profonda e non limitata al sintomo.<\/p>\n","protected":false},"featured_media":6103,"template":"","meta":{"_acf_changed":false},"product_brand":[],"product_cat":[199,146,95,149,90],"product_tag":[],"class_list":{"0":"post-6102","1":"product","2":"type-product","3":"status-publish","4":"has-post-thumbnail","6":"product_cat-andrea-pietrangeli-cat","7":"product_cat-fuori-collana","8":"product_cat-guarigione-olistica-cat","9":"product_cat-letteratura-di-risveglio-cat","10":"product_cat-ricerca-interiore-cat","12":"first","13":"instock","14":"shipping-taxable","15":"purchasable","16":"product-type-simple"},"acf":[],"_links":{"self":[{"href":"https:\/\/www.spaziointeriore.com\/casaeditrice\/wp-json\/wp\/v2\/product\/6102","targetHints":{"allow":["GET"]}}],"collection":[{"href":"https:\/\/www.spaziointeriore.com\/casaeditrice\/wp-json\/wp\/v2\/product"}],"about":[{"href":"https:\/\/www.spaziointeriore.com\/casaeditrice\/wp-json\/wp\/v2\/types\/product"}],"wp:featuredmedia":[{"embeddable":true,"href":"https:\/\/www.spaziointeriore.com\/casaeditrice\/wp-json\/wp\/v2\/media\/6103"}],"wp:attachment":[{"href":"https:\/\/www.spaziointeriore.com\/casaeditrice\/wp-json\/wp\/v2\/media?parent=6102"}],"wp:term":[{"taxonomy":"product_brand","embeddable":true,"href":"https:\/\/www.spaziointeriore.com\/casaeditrice\/wp-json\/wp\/v2\/product_brand?post=6102"},{"taxonomy":"product_cat","embeddable":true,"href":"https:\/\/www.spaziointeriore.com\/casaeditrice\/wp-json\/wp\/v2\/product_cat?post=6102"},{"taxonomy":"product_tag","embeddable":true,"href":"https:\/\/www.spaziointeriore.com\/casaeditrice\/wp-json\/wp\/v2\/product_tag?post=6102"}],"curies":[{"name":"wp","href":"https:\/\/api.w.org\/{rel}","templated":true}]}}