{"id":6151,"date":"2024-02-14T08:25:25","date_gmt":"2024-02-14T08:25:25","guid":{"rendered":"https:\/\/www.spaziointeriore.com\/casaeditrice\/catalogo\/lo-stato-di-flusso\/"},"modified":"2024-05-14T13:21:54","modified_gmt":"2024-05-14T13:21:54","slug":"lo-stato-di-flusso","status":"publish","type":"product","link":"https:\/\/www.spaziointeriore.com\/casaeditrice\/catalogo\/lo-stato-di-flusso\/","title":{"rendered":"LO STATO DI FLUSSO"},"content":{"rendered":"<p>Lo stato di flusso \u00e8 un momento in cui la realt\u00e0 diviene liquida, fluida, plasmabile, il tempo rallenta, lo spazio si dilata e si riesce a spingere le proprie prestazioni al massimo, ottenendo cos\u00ec i risultati sperati: sperimentarlo significa raggiungere il rendimento ottimale e sentirsi appagati. Il flusso non \u201carriva\u201d, n\u00e9 si pu\u00f2 \u201centrarci dentro\u201d: non si pu\u00f2 causarlo direttamente ma esistono delle tecniche in grado di creare le condizioni per <em>agevolarlo<\/em>, non certo a causarlo direttamente. Con queste pagine Frederick Dodson \u2013 autore del best seller mondiale <em>Universi paralleli del S\u00e9<\/em> \u2013 si pone l\u2019obiettivo di portare il lettore a fare esperienza diretta dello stato di flusso, proponendo una tecnica che ha come presupposto uno stato di resa e liberazione, un lasciare andare, in cui il subconscio svolge la maggior parte del lavoro, un modello tanto semplice quanto efficace per avere i migliori risultati possibili in ogni ambito della vita. Grazie al suo approccio semplice e pratico, alle similitudini sportive e ai numerosi esercizi facili e divertenti, questo libro illustra in maniera concreta il modo per entrare nello stato di flusso e quindi accedere a uno stato di coscienza e abilit\u00e0 pi\u00f9 elevato.<\/p>\n<p><em>\u00abLa realt\u00e0 assume una consistenza liquida o fluida, sento l\u2019ambiente intorno a me come energia o vibrazione, il tempo rallenta, lo spazio si espande. Lo stato di flusso non \u00e8 facile da descrivere perch\u00e9, una volta entrato, scompari nel suo stesso fluire. [&#8230;] L\u2019esperienza del flusso non \u00e8 solo raggiungere il rendimento ottimale o sentirsi appagati. \u00c8 il motivo stesso per cui vale la pena vivere. Ho deciso di scrivere un libro sul flusso perch\u00e9 tutto quello che avevo letto sull\u2019argomento non mi aveva soddisfatto. I bestseller pi\u00f9 conosciuti erano troppo mentali e complicati, l\u2019esatto opposto del concetto di flusso. Dopo le prime pagine lasciavo perdere, tanto erano noiosi. Visto che conosco bene lo stato di flusso, ho deciso di scrivere un libro che aiuti il lettore a farne esperienza\u00bb<\/em>.<\/p>\n","protected":false},"excerpt":{"rendered":"<p>Il libro che aiuta a fare esperienza dello stato di flusso, quel momento \u201cmagico\u201d in cui la realt\u00e0 diviene liquida, fluida, plasmabile, il tempo rallenta, lo spazio si dilata e si riesce a spingere le proprie prestazioni al massimo.<\/p>\n","protected":false},"featured_media":6207,"template":"","meta":{"_acf_changed":false},"product_brand":[],"product_cat":[86,171,68,90,92],"product_tag":[],"class_list":{"0":"post-6151","1":"product","2":"type-product","3":"status-publish","4":"has-post-thumbnail","6":"product_cat-dimensioni-della-coscienza-cat","7":"product_cat-frederick-e-dodson-cat","8":"product_cat-nonordinari","9":"product_cat-ricerca-interiore-cat","10":"product_cat-scienze-di-confine-cat","12":"first","13":"instock","14":"shipping-taxable","15":"purchasable","16":"product-type-simple"},"acf":[],"_links":{"self":[{"href":"https:\/\/www.spaziointeriore.com\/casaeditrice\/wp-json\/wp\/v2\/product\/6151","targetHints":{"allow":["GET"]}}],"collection":[{"href":"https:\/\/www.spaziointeriore.com\/casaeditrice\/wp-json\/wp\/v2\/product"}],"about":[{"href":"https:\/\/www.spaziointeriore.com\/casaeditrice\/wp-json\/wp\/v2\/types\/product"}],"wp:featuredmedia":[{"embeddable":true,"href":"https:\/\/www.spaziointeriore.com\/casaeditrice\/wp-json\/wp\/v2\/media\/6207"}],"wp:attachment":[{"href":"https:\/\/www.spaziointeriore.com\/casaeditrice\/wp-json\/wp\/v2\/media?parent=6151"}],"wp:term":[{"taxonomy":"product_brand","embeddable":true,"href":"https:\/\/www.spaziointeriore.com\/casaeditrice\/wp-json\/wp\/v2\/product_brand?post=6151"},{"taxonomy":"product_cat","embeddable":true,"href":"https:\/\/www.spaziointeriore.com\/casaeditrice\/wp-json\/wp\/v2\/product_cat?post=6151"},{"taxonomy":"product_tag","embeddable":true,"href":"https:\/\/www.spaziointeriore.com\/casaeditrice\/wp-json\/wp\/v2\/product_tag?post=6151"}],"curies":[{"name":"wp","href":"https:\/\/api.w.org\/{rel}","templated":true}]}}