{"id":6402,"date":"2024-05-15T06:38:24","date_gmt":"2024-05-15T06:38:24","guid":{"rendered":"https:\/\/www.spaziointeriore.com\/casaeditrice\/catalogo\/trilogia-dellinfinito\/"},"modified":"2024-11-04T10:47:58","modified_gmt":"2024-11-04T10:47:58","slug":"trilogia-dellinfinito","status":"publish","type":"product","link":"https:\/\/www.spaziointeriore.com\/casaeditrice\/catalogo\/trilogia-dellinfinito\/","title":{"rendered":"TRILOGIA DELL&#8217;INFINITO"},"content":{"rendered":"<p>Dal linguaggio dei gatti al linguaggio segreto degli D\u00e8i, dalla crescita personale alla letteratura metafisica, nella <em>Trilogia dell\u2019Infinito<\/em> Igor Sibaldi, con sapiente ironia, ci accompagna in un viaggio alla scoperta di ci\u00f2 che ci attende nel momento in cui decidiamo di varcare l\u2019orizzonte della nostra mente ordinaria e di esporci all\u2019Infinito. E l\u2019Infinito \u00e8 un\u2019intelligenza, accessibile a tutti, che svela scenari ignoti e fecondi. In un momento di grande svolta evolutiva, in cui molti resteranno indietro e altri si accorgeranno di possedere talenti inauditi, la <em>Trilogia dell\u2019Infinito<\/em> sta guidando al superamento dei limiti che abbiamo ereditato e della tentazione di lasciare che il mondo ci sottovaluti. \u00c8 una mappa per il pensiero, un manuale di conoscenza, per trovare ispirazione ovunque e agire. \u00abPerch\u00e9 una persona non riesce?\u00bb scrive qui Sibaldi. \u00abSolo perch\u00e9 non osa sapere cosa le manca. Perch\u00e9 non osa? Perch\u00e9 ha paura di disobbedire e di scoprire che tutto, nel mondo, \u00e8 pi\u00f9 docile di quanto si creda\u00bb.<\/p>\n<p><em>\u00abSi comincia sempre in un luogo segreto: un luogo senza memoria, perch\u00e9 nessuno si ricorda dov\u2019\u00e8. Improvvisamente si \u00e8 l\u00ec, felicemente intrappolati. Non dura molto. Si ha anzi l\u2019impressione di averlo visto soltanto sparire. Tutto qui.<br \/>\nMa tutto \u00e8 l\u00ec. L\u00ec hai il mondo intero, senza bisogno di voltarti per vederne le parti e per afferrarne qualcosa: \u00e8 gi\u00e0 tutto tuo\u00bb<\/em>.<\/p>\n","protected":false},"excerpt":{"rendered":"<p>Sibaldi ci accompagna alla scoperta di ci\u00f2 che ci attende nel momento in cui decidiamo di varcare l\u2019orizzonte della nostra mente ordinaria, offrendoci una vera e propria guida per superare i limiti che abbiamo ereditato e la tentazione di lasciare che il mondo ci sottovaluti.<\/p>\n","protected":false},"featured_media":6405,"template":"","meta":{"_acf_changed":false},"product_brand":[],"product_cat":[146,211,149,90],"product_tag":[],"class_list":{"0":"post-6402","1":"product","2":"type-product","3":"status-publish","4":"has-post-thumbnail","6":"product_cat-fuori-collana","7":"product_cat-igor-sibaldi-cat","8":"product_cat-letteratura-di-risveglio-cat","9":"product_cat-ricerca-interiore-cat","11":"first","12":"instock","13":"shipping-taxable","14":"purchasable","15":"product-type-simple"},"acf":[],"_links":{"self":[{"href":"https:\/\/www.spaziointeriore.com\/casaeditrice\/wp-json\/wp\/v2\/product\/6402","targetHints":{"allow":["GET"]}}],"collection":[{"href":"https:\/\/www.spaziointeriore.com\/casaeditrice\/wp-json\/wp\/v2\/product"}],"about":[{"href":"https:\/\/www.spaziointeriore.com\/casaeditrice\/wp-json\/wp\/v2\/types\/product"}],"wp:featuredmedia":[{"embeddable":true,"href":"https:\/\/www.spaziointeriore.com\/casaeditrice\/wp-json\/wp\/v2\/media\/6405"}],"wp:attachment":[{"href":"https:\/\/www.spaziointeriore.com\/casaeditrice\/wp-json\/wp\/v2\/media?parent=6402"}],"wp:term":[{"taxonomy":"product_brand","embeddable":true,"href":"https:\/\/www.spaziointeriore.com\/casaeditrice\/wp-json\/wp\/v2\/product_brand?post=6402"},{"taxonomy":"product_cat","embeddable":true,"href":"https:\/\/www.spaziointeriore.com\/casaeditrice\/wp-json\/wp\/v2\/product_cat?post=6402"},{"taxonomy":"product_tag","embeddable":true,"href":"https:\/\/www.spaziointeriore.com\/casaeditrice\/wp-json\/wp\/v2\/product_tag?post=6402"}],"curies":[{"name":"wp","href":"https:\/\/api.w.org\/{rel}","templated":true}]}}