{"id":6673,"date":"2024-07-15T07:35:07","date_gmt":"2024-07-15T07:35:07","guid":{"rendered":"https:\/\/www.spaziointeriore.com\/casaeditrice\/?post_type=product&#038;p=6673"},"modified":"2025-01-28T09:23:28","modified_gmt":"2025-01-28T09:23:28","slug":"trilogia-del-infinito","status":"publish","type":"product","link":"https:\/\/www.spaziointeriore.com\/casaeditrice\/catalogo\/trilogia-del-infinito\/","title":{"rendered":"Trilog\u00eda del Infinito"},"content":{"rendered":"<p>Del lenguaje de los gatos al lenguaje secreto de los Dioses, del crecimiento personal a la literatura metaf\u00edsica, en la <em>Trilog\u00eda del Infinito<\/em> Igor Sibaldi, con h\u00e1bil iron\u00eda, nos lleva a descubrir lo que nos espera en el momento en que decidimos cruzar el umbral de nuestra mente ordinaria y exponernos al Infinito.\u00a0El Infinito es una inteligencia, accesible para todos, que nos revela escenarios desconocidos y fecundos. En una \u00e9poca de grandes cambios evolutivos, en\u00a0la que muchos se quedar\u00e1n atr\u00e1s y otros descubrir\u00e1n que poseen talentos inauditos, la <em>Trilog\u00eda del Infinito<\/em> nos gu\u00eda a superar los l\u00edmites que hemos heredado y a la tentaci\u00f3n de dejar que el mundo nos subestime. Es un mapa para pensar, un manual para conocer, para encontrar inspiraci\u00f3n en todas partes y actuar. \u00ab\u00bfPor qu\u00e9 una persona fracasa?\u00bb escribe Sibaldi. \u00abS\u00f3lo porque no se atreve a saber que le falta. \u00bfPor qu\u00e9\u00a0no se atreve? Porque\u00a0 tiene miedo de desobedecer y de descubrir que todo, en el mundo, es mucho m\u00e1s d\u00f3cil de lo que se cree\u00bb.<\/p>\n<p>Igor Sibaldi, de origen ruso, es escritor, fil\u00f3logo, cineasta, estudioso de filosof\u00eda de la mente, de C\u00e1bala y de herej\u00edas cristianas. Es autor de los exitosos libros, Los Maestros invisibles, <em>Il frutto proibito della conoscenza<\/em>, (El fruto prohibido del conocimiento),\u00a0<em>El libro de los \u00c1ngeles<\/em>, <em>Il libro della Creazione<\/em> (El libro de la Creaci\u00f3n), y de las novelas\u00a0<em>Eterno amore<\/em> (Amor eterno) e <em>La Russia non e<\/em><em>ss<\/em><em>iste<\/em> (Rusia no existe). Desde 1997 ha impartido conferencias en Italia, Suiza y Am\u00e9rica Latina.<\/p>\n","protected":false},"excerpt":{"rendered":"<p>Del lenguaje de los gatos al lenguaje secreto de los Dioses, del crecimiento personal a la literatura metaf\u00edsica, en la\u00a0<em>Trilog\u00eda del Infinito<\/em>\u00a0Igor Sibaldi, con h\u00e1bil iron\u00eda, nos lleva a descubrir lo que nos espera en el momento en que decidimos cruzar el umbral de nuestra mente ordinaria y exponernos al Infinito.<\/p>\n","protected":false},"featured_media":6674,"template":"","meta":{"_acf_changed":false},"product_brand":[],"product_cat":[211,149,273,90],"product_tag":[],"class_list":{"0":"post-6673","1":"product","2":"type-product","3":"status-publish","4":"has-post-thumbnail","6":"product_cat-igor-sibaldi-cat","7":"product_cat-letteratura-di-risveglio-cat","8":"product_cat-oltremondo","9":"product_cat-ricerca-interiore-cat","11":"first","12":"instock","13":"shipping-taxable","14":"purchasable","15":"product-type-simple"},"acf":[],"_links":{"self":[{"href":"https:\/\/www.spaziointeriore.com\/casaeditrice\/wp-json\/wp\/v2\/product\/6673","targetHints":{"allow":["GET"]}}],"collection":[{"href":"https:\/\/www.spaziointeriore.com\/casaeditrice\/wp-json\/wp\/v2\/product"}],"about":[{"href":"https:\/\/www.spaziointeriore.com\/casaeditrice\/wp-json\/wp\/v2\/types\/product"}],"wp:featuredmedia":[{"embeddable":true,"href":"https:\/\/www.spaziointeriore.com\/casaeditrice\/wp-json\/wp\/v2\/media\/6674"}],"wp:attachment":[{"href":"https:\/\/www.spaziointeriore.com\/casaeditrice\/wp-json\/wp\/v2\/media?parent=6673"}],"wp:term":[{"taxonomy":"product_brand","embeddable":true,"href":"https:\/\/www.spaziointeriore.com\/casaeditrice\/wp-json\/wp\/v2\/product_brand?post=6673"},{"taxonomy":"product_cat","embeddable":true,"href":"https:\/\/www.spaziointeriore.com\/casaeditrice\/wp-json\/wp\/v2\/product_cat?post=6673"},{"taxonomy":"product_tag","embeddable":true,"href":"https:\/\/www.spaziointeriore.com\/casaeditrice\/wp-json\/wp\/v2\/product_tag?post=6673"}],"curies":[{"name":"wp","href":"https:\/\/api.w.org\/{rel}","templated":true}]}}