{"id":6728,"date":"2024-08-30T07:46:50","date_gmt":"2024-08-30T07:46:50","guid":{"rendered":"https:\/\/www.spaziointeriore.com\/casaeditrice\/catalogo\/simbologia-di-plutone\/"},"modified":"2024-11-04T10:52:53","modified_gmt":"2024-11-04T10:52:53","slug":"simbologia-di-plutone","status":"publish","type":"product","link":"https:\/\/www.spaziointeriore.com\/casaeditrice\/catalogo\/simbologia-di-plutone\/","title":{"rendered":"SIMBOLOGIA DI PLUTONE"},"content":{"rendered":"<p>Plutone \u00e8 l\u2019archetipo che pu\u00f2 realmente cambiarci la vita perch\u00e9 ci permette di fare chiarezza sulle nostre intenzioni e modalit\u00e0 di azione, e di riconciliarci con il nostro potere personale, con ci\u00f2 ottenendo la capacit\u00e0 di dare concretamente vita a ci\u00f2 che riteniamo importante. Occorre per\u00f2 attraversare il suo regno \u2013 l\u2019inconscio \u2013 che si presenta come oscuro, infido e insicuro per via dei demoni personali che lo abitano e che ci porter\u00e0 a perdere qualcosa per ritrovare noi stessi: \u00e8 un luogo di trasformazione, che deve passare attraverso la disorganizzazione della precedente personalit\u00e0 per approdare a una rinascita che porti con s\u00e9 il meglio di ci\u00f2 che c\u2019\u00e8 stato ma abbandonando ci\u00f2 che non serve pi\u00f9, a partire dalle maschere, le scorciatoie e le false sicurezze costruite per fronteggiare le paure. Un viaggio complicato e difficile, ma che ci condurr\u00e0 l\u00e0 dove custodiamo la parte pi\u00f9 integra di noi e che possiamo scorgere solamente quando, liberandoci delle sovrastrutture che abbiamo posto a difesa dell\u2019Io, lasceremo emergere ci\u00f2 che non vorremmo conoscere di noi stessi. Plutone ci obbliga infatti a vedere ci\u00f2 che abbiamo rimosso e stipato <em>sottoterra<\/em>, ricordandoci che non siamo solamente ci\u00f2 che crediamo, ma molto di pi\u00f9, e questo sia nel bene che nel male. Questo ci consentir\u00e0 di vedere con chiarezza ci\u00f2 che siamo e proviamo, per poi trasformare e utilizzare al meglio questo immenso potenziale. Quello di Plutone \u00e8 un regno di nudit\u00e0, uno stato interiore in cui si possono ritrovare i semi di ci\u00f2 che siamo da sempre, ma che abbiamo dimenticato di essere.<\/p>\n<p><em>\u00ab\u00c8 davvero giunto il tempo di lavorare sui sentimenti e sulle emozioni negative che stagnano nella nostra psiche offuscando le coscienze e creando sacche di ombra collettiva, e di accogliere la parte luminosa di Plutone lavorando sulla riconnessione con il nostro rimosso. Certo, i transiti di questo pianeta non sono facili da vivere, ma sono quelli che ci permetteranno di far cadere tutti quei pregiudizi e quelle paure che ancora oggi generano separazioni e divisioni e che quindi ci impediscono di capire che l\u2019interesse collettivo coincide quello personale e che essi procedono insieme\u00bb<\/em>.<\/p>\n","protected":false},"excerpt":{"rendered":"<p>Una trattazione completa e accessibile a tutti interamente dedicata all\u2019analisi e allo studio di Plutone, strumento indispensabile per chiunque si occupi \u2013 da esperto o da neofita \u2013 di astrologia e di lettura del tema natale.<\/p>\n","protected":false},"featured_media":6729,"template":"","meta":{"_acf_changed":false},"product_brand":[],"product_cat":[83,140,173],"product_tag":[],"class_list":{"0":"post-6728","1":"product","2":"type-product","3":"status-publish","4":"has-post-thumbnail","6":"product_cat-astrologia-cat","7":"product_cat-lanterne","8":"product_cat-lidia-fassio-cat","10":"first","11":"instock","12":"shipping-taxable","13":"purchasable","14":"product-type-simple"},"acf":[],"_links":{"self":[{"href":"https:\/\/www.spaziointeriore.com\/casaeditrice\/wp-json\/wp\/v2\/product\/6728","targetHints":{"allow":["GET"]}}],"collection":[{"href":"https:\/\/www.spaziointeriore.com\/casaeditrice\/wp-json\/wp\/v2\/product"}],"about":[{"href":"https:\/\/www.spaziointeriore.com\/casaeditrice\/wp-json\/wp\/v2\/types\/product"}],"wp:featuredmedia":[{"embeddable":true,"href":"https:\/\/www.spaziointeriore.com\/casaeditrice\/wp-json\/wp\/v2\/media\/6729"}],"wp:attachment":[{"href":"https:\/\/www.spaziointeriore.com\/casaeditrice\/wp-json\/wp\/v2\/media?parent=6728"}],"wp:term":[{"taxonomy":"product_brand","embeddable":true,"href":"https:\/\/www.spaziointeriore.com\/casaeditrice\/wp-json\/wp\/v2\/product_brand?post=6728"},{"taxonomy":"product_cat","embeddable":true,"href":"https:\/\/www.spaziointeriore.com\/casaeditrice\/wp-json\/wp\/v2\/product_cat?post=6728"},{"taxonomy":"product_tag","embeddable":true,"href":"https:\/\/www.spaziointeriore.com\/casaeditrice\/wp-json\/wp\/v2\/product_tag?post=6728"}],"curies":[{"name":"wp","href":"https:\/\/api.w.org\/{rel}","templated":true}]}}