{"id":6816,"date":"2024-10-05T13:57:59","date_gmt":"2024-10-05T13:57:59","guid":{"rendered":"https:\/\/www.spaziointeriore.com\/casaeditrice\/catalogo\/livelli-di-energia\/"},"modified":"2025-07-16T08:17:02","modified_gmt":"2025-07-16T08:17:02","slug":"livelli-di-energia","status":"publish","type":"product","link":"https:\/\/www.spaziointeriore.com\/casaeditrice\/catalogo\/livelli-di-energia\/","title":{"rendered":"LIVELLI DI ENERGIA"},"content":{"rendered":"\n<p>Tutto \u00e8 energia: l\u2019universo fisico con lo spazio, il tempo, la natura e le persone, come anche l\u2019universo non fisico di pensieri ed emozioni, dello spirito e dei vari piani sottili. Quest\u2019unica energia si manifesta come ampio spettro di forme, qualit\u00e0, radiazioni e densit\u00e0, che danno vita a <em>livelli<\/em> chiaramente definibili, percepibili e raggiungibili, ognuno dei quali corrisponde a specifiche realt\u00e0 fisiche, mentali ed emotive. La scala dei livelli di energia proposta da Dodson in questo libro illustra una modalit\u00e0 di relazione col mondo, un metodo di strutturazione e discernimento del pensiero. L\u2019utilizzo di questa scala non solo \u00e8 in grado di cambiare la propria visione del comportamento umano e della vita in genere, ma permette anche di prevedere in modo sorprendentemente accurato gli schemi fissi con cui si manifesta l\u2019esistenza. Scritto in maniera semplice e ricco esempi, spiegazioni dettagliate e azioni che si possono concretamente intraprendere per spostarsi sulla scala a seconda dei propri obiettivi, <em>Livelli di energia<\/em> \u00e8 un manuale per imparare il modo pi\u00f9 efficace con cui approcciare persone, cose, situazioni o luoghi per ottenere i risultati desiderati. Del resto, conoscere il campo energetico di qualcosa significa anche sapere cosa aspettarsi da un certo tipo di energia e come gestirla al meglio.<\/p>\n<p><em>\u00abTutto ci\u00f2 che esiste emana una determinata frequenza, che pu\u00f2 essere individuata e confrontata con tutte le altre all\u2019interno di una scala. Questa scala dell\u2019energia \u00e8 stata creata per assisterti in vari modi. Puoi utilizzarla per individuare lo stato in cui ti trovi e capire come arrivare al successivo. Ti rende pi\u00f9 facile anche aiutare gli altri. O identificare rapidamente la caratteristica energetica di luoghi, persone, oggetti, cibi, film, musica, libri e perfino societ\u00e0 e nazioni. Nel complesso, dar\u00e0 alla vita un senso pi\u00f9 profondo. L\u2019utilizzo di questa scala non solo cambier\u00e0 la tua visione del comportamento umano e della vita in genere, ma ti permetter\u00e0 anche di prevedere in modo sorprendentemente accurato gli schemi fissi con cui si manifesta l\u2019esistenza. Conoscere il campo energetico di qualcosa significa anche sapere cosa puoi aspettarti da un certo tipo di energia\u00bb<\/em>.<\/p>\n","protected":false},"excerpt":{"rendered":"<p>Un manuale per conoscere i livelli di energia cui possiamo accedere e imparare come utilizzarli al meglio per raggiungere i nostri obiettivi..<\/p>\n","protected":false},"featured_media":6828,"template":"","meta":{"_acf_changed":false},"product_brand":[],"product_cat":[86,171,68,90,92],"product_tag":[],"class_list":{"0":"post-6816","1":"product","2":"type-product","3":"status-publish","4":"has-post-thumbnail","6":"product_cat-dimensioni-della-coscienza-cat","7":"product_cat-frederick-e-dodson-cat","8":"product_cat-nonordinari","9":"product_cat-ricerca-interiore-cat","10":"product_cat-scienze-di-confine-cat","12":"first","13":"instock","14":"shipping-taxable","15":"purchasable","16":"product-type-simple"},"acf":[],"_links":{"self":[{"href":"https:\/\/www.spaziointeriore.com\/casaeditrice\/wp-json\/wp\/v2\/product\/6816","targetHints":{"allow":["GET"]}}],"collection":[{"href":"https:\/\/www.spaziointeriore.com\/casaeditrice\/wp-json\/wp\/v2\/product"}],"about":[{"href":"https:\/\/www.spaziointeriore.com\/casaeditrice\/wp-json\/wp\/v2\/types\/product"}],"wp:featuredmedia":[{"embeddable":true,"href":"https:\/\/www.spaziointeriore.com\/casaeditrice\/wp-json\/wp\/v2\/media\/6828"}],"wp:attachment":[{"href":"https:\/\/www.spaziointeriore.com\/casaeditrice\/wp-json\/wp\/v2\/media?parent=6816"}],"wp:term":[{"taxonomy":"product_brand","embeddable":true,"href":"https:\/\/www.spaziointeriore.com\/casaeditrice\/wp-json\/wp\/v2\/product_brand?post=6816"},{"taxonomy":"product_cat","embeddable":true,"href":"https:\/\/www.spaziointeriore.com\/casaeditrice\/wp-json\/wp\/v2\/product_cat?post=6816"},{"taxonomy":"product_tag","embeddable":true,"href":"https:\/\/www.spaziointeriore.com\/casaeditrice\/wp-json\/wp\/v2\/product_tag?post=6816"}],"curies":[{"name":"wp","href":"https:\/\/api.w.org\/{rel}","templated":true}]}}