{"id":6969,"date":"2025-01-10T09:41:54","date_gmt":"2025-01-10T09:41:54","guid":{"rendered":"https:\/\/www.spaziointeriore.com\/casaeditrice\/catalogo\/il-canto-dello-sciamano\/"},"modified":"2025-07-16T08:24:18","modified_gmt":"2025-07-16T08:24:18","slug":"il-canto-dello-sciamano","status":"publish","type":"product","link":"https:\/\/www.spaziointeriore.com\/casaeditrice\/catalogo\/il-canto-dello-sciamano\/","title":{"rendered":"IL CANTO DELLO SCIAMANO"},"content":{"rendered":"<p>La magia e il colore costituiscono un connubio straordinario e offrono un modo nuovo e originale per praticare ritualmente e realizzare magicamente. In questo libro l\u2019Autore illustra e offre al lettore un potente strumento in grado di far emergere i poteri latenti celati nella coscienza dell\u2019essere umano: attraverso la pittura, le tonalit\u00e0, i cromatismi e particolari tecniche operative, \u00e8 infatti possibile risvegliare le potenzialit\u00e0 insite nelle profondit\u00e0 della psiche, intraprendere un viaggio oltre i confini della mente e accedere alla Conoscenza psico-cromatica-sciamanica, che condurr\u00e0 il neo praticante nelle dimensioni arcane. Un\u2019opera davvero unica, che attraverso spiegazioni chiare e numerosi esempi ed esercizi pratici accompagna passo passo il lettore nell\u2019apprendimento delle tecniche di creazione di opere pittoriche dotate di vita, interagenti con la realt\u00e0 circostante e cariche di ancestrali richiami. <em>Il canto dello sciamano<\/em> \u00e8 dunque la guida per chiunque voglia intraprendere il viaggio nei territori inesplorati del colore, alla scoperta dei segreti della psicotropia cromatica e della pratica della pittura magica.<\/p>\n<p><em>\u00abImmaginare vuol dire creare, per questo il dipinto \u00e8 simile a un parto che scaturisce dalle zone pi\u00f9 profonde dell\u2019inconscio e non solo una semplice composizione o meglio una riproduzione della realt\u00e0. Possiamo affermare che l\u2019opera d\u2019arte \u00e8 molto pi\u00f9 di questo giacch\u00e9 i simboli, le atmosfere che da essa promanano, la carica espressiva che accompagna la creazione pittorica sono in grado di risvegliare quella parte divina celata nell\u2019intimo dell\u2019animo umano\u00bb<\/em>.<\/p>\n","protected":false},"excerpt":{"rendered":"<p>La guida che accompagna il lettore nell\u2019apprendimento delle tecniche di creazione di opere pittoriche dotate di vita, interagenti con la realt\u00e0 circostante e cariche di ancestrali richiami, conducendolo attraverso i territori inesplorati del colore alla scoperta dei segreti della psicotropia cromatica e della pratica della pittura magica.<\/p>\n","protected":false},"featured_media":7016,"template":"","meta":{"_acf_changed":false},"product_brand":[],"product_cat":[227,228,68,90,230,187],"product_tag":[],"class_list":{"0":"post-6969","1":"product","2":"type-product","3":"status-publish","4":"has-post-thumbnail","6":"product_cat-esoterismo-cat","7":"product_cat-magia-cat","8":"product_cat-nonordinari","9":"product_cat-ricerca-interiore-cat","10":"product_cat-sciamanesimo-cat","11":"product_cat-stefano-mayorca-cat","13":"first","14":"instock","15":"shipping-taxable","16":"purchasable","17":"product-type-simple"},"acf":[],"_links":{"self":[{"href":"https:\/\/www.spaziointeriore.com\/casaeditrice\/wp-json\/wp\/v2\/product\/6969","targetHints":{"allow":["GET"]}}],"collection":[{"href":"https:\/\/www.spaziointeriore.com\/casaeditrice\/wp-json\/wp\/v2\/product"}],"about":[{"href":"https:\/\/www.spaziointeriore.com\/casaeditrice\/wp-json\/wp\/v2\/types\/product"}],"wp:featuredmedia":[{"embeddable":true,"href":"https:\/\/www.spaziointeriore.com\/casaeditrice\/wp-json\/wp\/v2\/media\/7016"}],"wp:attachment":[{"href":"https:\/\/www.spaziointeriore.com\/casaeditrice\/wp-json\/wp\/v2\/media?parent=6969"}],"wp:term":[{"taxonomy":"product_brand","embeddable":true,"href":"https:\/\/www.spaziointeriore.com\/casaeditrice\/wp-json\/wp\/v2\/product_brand?post=6969"},{"taxonomy":"product_cat","embeddable":true,"href":"https:\/\/www.spaziointeriore.com\/casaeditrice\/wp-json\/wp\/v2\/product_cat?post=6969"},{"taxonomy":"product_tag","embeddable":true,"href":"https:\/\/www.spaziointeriore.com\/casaeditrice\/wp-json\/wp\/v2\/product_tag?post=6969"}],"curies":[{"name":"wp","href":"https:\/\/api.w.org\/{rel}","templated":true}]}}