{"id":7092,"date":"2025-01-22T09:41:49","date_gmt":"2025-01-22T09:41:49","guid":{"rendered":"https:\/\/www.spaziointeriore.com\/casaeditrice\/catalogo\/breve-viaggio-nella-coscienza-superiore\/"},"modified":"2025-07-16T08:35:00","modified_gmt":"2025-07-16T08:35:00","slug":"breve-viaggio-nella-coscienza-superiore","status":"publish","type":"product","link":"https:\/\/www.spaziointeriore.com\/casaeditrice\/catalogo\/breve-viaggio-nella-coscienza-superiore\/","title":{"rendered":"BREVE VIAGGIO NELLA COSCIENZA SUPERIORE"},"content":{"rendered":"<p>Utilizzando disegni divertenti, semplici metafore e una buona dose di arguzia e umorismo, in questo libro Itzhak Bentov spiega la natura della realt\u00e0, indica i luoghi del Nirvana e del Vuoto e infine ci conduce a un incontro con il nostro S\u00e9 Superiore. Lungo il percorso, l\u2019Autore illumina i princ\u00ecpi cabalistici del numero e del suono, il significato delle forme e dei simboli cosmici, la coscienza dei Deva e la natura dell\u2019assoluto, giungendo a dimostrare che l\u2019universo e il pensiero sono inseparabili e che i pensieri di tutti gli esseri umani non solo si influenzano reciprocamente, ma a loro volta influiscono sull\u2019intero universo, delineando un modello di interazione che ha profonde implicazioni per il nostro futuro. Grazie allo stile semplice e allegro e all\u2019incomparabile capacit\u00e0 di Bentov di spiegare in maniera facilmente comprensibile alcuni dei concetti pi\u00f9 difficili della fisica e della coscienza superiore, <em>Breve viaggio nella coscienza superiore<\/em> \u00e8 il libro per soddisfare la curiosit\u00e0 di chi \u00e8 interessato ai segreti e alle potenzialit\u00e0 della mente, alla struttura pi\u00f9 ampia del cosmo e all\u2019evoluzione spirituale dell\u2019umanit\u00e0, e desidera immergersi in profondit\u00e0 ma con spensieratezza nei regni della coscienza superiore e nella natura ultima della realt\u00e0.<\/p>\n<p><em>\u00abPossiamo iniziare il nostro viaggio cosmico. Allacciati la cintura di sicurezza, potrebbero esserci delle perturbazioni. Per quanto possa sembrare assurdo, non faremo altro che parlare della formazione e della struttura del nostro universo\u00bb<\/em>.<\/p>\n","protected":false},"excerpt":{"rendered":"<p>Il libro per soddisfare la curiosit\u00e0 di chi \u00e8 interessato ai segreti e alle potenzialit\u00e0 della mente, alla struttura pi\u00f9 ampia del cosmo e all\u2019evoluzione spirituale dell\u2019umanit\u00e0 e desidera immergersi in profondit\u00e0 ma con spensieratezza nei regni della coscienza superiore e nella natura ultima della realt\u00e0.<\/p>\n","protected":false},"featured_media":7093,"template":"","meta":{"_acf_changed":false},"product_brand":[],"product_cat":[86,260,68,90,92],"product_tag":[],"class_list":{"0":"post-7092","1":"product","2":"type-product","3":"status-publish","4":"has-post-thumbnail","6":"product_cat-dimensioni-della-coscienza-cat","7":"product_cat-itzhak-bentov-cat","8":"product_cat-nonordinari","9":"product_cat-ricerca-interiore-cat","10":"product_cat-scienze-di-confine-cat","12":"first","13":"instock","14":"shipping-taxable","15":"purchasable","16":"product-type-simple"},"acf":[],"_links":{"self":[{"href":"https:\/\/www.spaziointeriore.com\/casaeditrice\/wp-json\/wp\/v2\/product\/7092","targetHints":{"allow":["GET"]}}],"collection":[{"href":"https:\/\/www.spaziointeriore.com\/casaeditrice\/wp-json\/wp\/v2\/product"}],"about":[{"href":"https:\/\/www.spaziointeriore.com\/casaeditrice\/wp-json\/wp\/v2\/types\/product"}],"wp:featuredmedia":[{"embeddable":true,"href":"https:\/\/www.spaziointeriore.com\/casaeditrice\/wp-json\/wp\/v2\/media\/7093"}],"wp:attachment":[{"href":"https:\/\/www.spaziointeriore.com\/casaeditrice\/wp-json\/wp\/v2\/media?parent=7092"}],"wp:term":[{"taxonomy":"product_brand","embeddable":true,"href":"https:\/\/www.spaziointeriore.com\/casaeditrice\/wp-json\/wp\/v2\/product_brand?post=7092"},{"taxonomy":"product_cat","embeddable":true,"href":"https:\/\/www.spaziointeriore.com\/casaeditrice\/wp-json\/wp\/v2\/product_cat?post=7092"},{"taxonomy":"product_tag","embeddable":true,"href":"https:\/\/www.spaziointeriore.com\/casaeditrice\/wp-json\/wp\/v2\/product_tag?post=7092"}],"curies":[{"name":"wp","href":"https:\/\/api.w.org\/{rel}","templated":true}]}}