{"id":7176,"date":"2025-03-17T08:55:44","date_gmt":"2025-03-17T08:55:44","guid":{"rendered":"https:\/\/www.spaziointeriore.com\/casaeditrice\/catalogo\/in-verita-le-dico\/"},"modified":"2025-07-16T08:35:41","modified_gmt":"2025-07-16T08:35:41","slug":"in-verita-le-dico","status":"publish","type":"product","link":"https:\/\/www.spaziointeriore.com\/casaeditrice\/catalogo\/in-verita-le-dico\/","title":{"rendered":"IN VERIT\u00c0 LE DICO"},"content":{"rendered":"<p>In occasione del Giubileo, Ges\u00f9 di Nazareth ridiscende in terra per rilanciare il messaggio evangelico nella sua giusta prospettiva, e per farlo decide di rivolgersi a un rappresentante dei miserabili tra i miserabili dei nostri tempi: gli aspiranti scrittori. Iniziano cos\u00ec le confidenze di Ges\u00f9, che parla a cuore aperto della sua vita, delle sue esperienze, di ci\u00f2 che accadde, di cosa Egli ebbe a provare e pensare in tutta quella vicenda e del suo sentire, oggi, nel guardarsi intorno. \u00c8 come un fiume in piena e, avendo finalmente l\u2019opportunit\u00e0 di parlare con un vero Signor Nessuno che mai si permetterebbe \u2013 a differenza di altri \u2013 di mettergli le parole in bocca, si offre \u201csenza veli\u201d condividendo la sua divina umanit\u00e0 e la sua umana deit\u00e0.<br \/>\nIn verit\u00e0 le dico \u00e8 una narrativa laica, appassionata, disillusa, a tratti connotata da amarezza ma mai priva di una vena di disincantato umorismo e profonda amorevolezza, che trasporta il lettore in un intimo e coinvolgente t\u00eate-\u00e0-t\u00eate con Ges\u00f9 che non mancher\u00e0 di suscitare emozioni, riflessioni e considerazioni utili per rivedere il proprio rapporto con Lui e il suo insegnamento. Per quanto disilluso, infatti, Egli continua a compiere miracoli, e uno di essi \u2013 a dire dell\u2019autore \u2013 \u00e8 proprio la pubblicazione di questo libro.<\/p>\n<p>p.s. Sovvertendo il costume secondo cui sono i figli a seguire le orme dei padri, o forse solo desideroso di approfittare dei servizi di un miserabile tra i miserabili, alla fine del libro anche l\u2019Altissimo si fa avanti con alcune richieste&#8230;<\/p>\n<p><em>\u00abIn verit\u00e0 le dico che mi considero un comunicatore deluso, perch\u00e9 il mio messaggio, nel corso del tempo, si \u00e8 frammentato in correnti poco omogenee fra loro. La mia stessa persona \u00e8 stata messa in dubbio nella sua realt\u00e0 storica. Il fatto che sia qui a chiacchierare con lei chiude l\u2019argomento: sono esistito, questo \u00e8 sicuro; lo \u00e8 di meno ci\u00f2 che avrei detto e fatto. Assieme chiariremo punti controversi, esamineremo il mio pensiero originale, parleremo di come si sono svolti i fatti in Galilea e a Gerusalemme, le sveler\u00f2 la verit\u00e0 su questa tormentata vicenda\u00bb<\/em>.<\/p>\n","protected":false},"excerpt":{"rendered":"<p><em>In verit\u00e0 le dico<\/em> \u00e8 una narrativa laica, appassionata, disillusa, a tratti connotata da amarezza ma mai priva di una vena di disincantato umorismo e profonda amorevolezza, che trasporta il lettore in un intimo e coinvolgente t\u00eate-\u00e0-t\u00eate con Ges\u00f9.<\/p>\n","protected":false},"featured_media":7300,"template":"","meta":{"_acf_changed":false},"product_brand":[],"product_cat":[146,274,149,90],"product_tag":[],"class_list":{"0":"post-7176","1":"product","2":"type-product","3":"status-publish","4":"has-post-thumbnail","6":"product_cat-fuori-collana","7":"product_cat-giorgio-fabbi-cat","8":"product_cat-letteratura-di-risveglio-cat","9":"product_cat-ricerca-interiore-cat","11":"first","12":"instock","13":"shipping-taxable","14":"purchasable","15":"product-type-simple"},"acf":[],"_links":{"self":[{"href":"https:\/\/www.spaziointeriore.com\/casaeditrice\/wp-json\/wp\/v2\/product\/7176","targetHints":{"allow":["GET"]}}],"collection":[{"href":"https:\/\/www.spaziointeriore.com\/casaeditrice\/wp-json\/wp\/v2\/product"}],"about":[{"href":"https:\/\/www.spaziointeriore.com\/casaeditrice\/wp-json\/wp\/v2\/types\/product"}],"wp:featuredmedia":[{"embeddable":true,"href":"https:\/\/www.spaziointeriore.com\/casaeditrice\/wp-json\/wp\/v2\/media\/7300"}],"wp:attachment":[{"href":"https:\/\/www.spaziointeriore.com\/casaeditrice\/wp-json\/wp\/v2\/media?parent=7176"}],"wp:term":[{"taxonomy":"product_brand","embeddable":true,"href":"https:\/\/www.spaziointeriore.com\/casaeditrice\/wp-json\/wp\/v2\/product_brand?post=7176"},{"taxonomy":"product_cat","embeddable":true,"href":"https:\/\/www.spaziointeriore.com\/casaeditrice\/wp-json\/wp\/v2\/product_cat?post=7176"},{"taxonomy":"product_tag","embeddable":true,"href":"https:\/\/www.spaziointeriore.com\/casaeditrice\/wp-json\/wp\/v2\/product_tag?post=7176"}],"curies":[{"name":"wp","href":"https:\/\/api.w.org\/{rel}","templated":true}]}}