{"id":7313,"date":"2025-03-27T08:59:18","date_gmt":"2025-03-27T08:59:18","guid":{"rendered":"https:\/\/www.spaziointeriore.com\/casaeditrice\/catalogo\/astrologia-evolutiva-alchemica\/"},"modified":"2025-07-16T08:38:56","modified_gmt":"2025-07-16T08:38:56","slug":"astrologia-evolutiva-alchemica","status":"publish","type":"product","link":"https:\/\/www.spaziointeriore.com\/casaeditrice\/catalogo\/astrologia-evolutiva-alchemica\/","title":{"rendered":"ASTROLOGIA EVOLUTIVA ALCHEMICA"},"content":{"rendered":"<p><em>Astrologia Evolutiva Alchemica<\/em> descrive uno zodiaco fatto di 12 percorsi \u201cpiramidali\u201d di trasformazione interiore. Ogni segno zodiacale, invece di essere associato a un significato univoco, viene esaminato nella polarit\u00e0 duale con cui lo sperimenta il nostro ego terrestre, anticamente separato dall\u2019Amore Universale a causa di una ferita karmica diversa da segno a segno. Nella fase evolutiva che viene detta di <em>ascensione<\/em>, ogni segno \u00e8 chiamato a riconoscere in se stesso una speciale chiave alchemica utile a riunire gli opposti di cui \u00e8 fatto, per ritornare alla non dualit\u00e0 stellare della sua Anima. L\u2019Autore propone un nuovo modo di connettersi alle stelle e di interpretare il significato che esse raccontano, il quale \u2013 piuttosto che porsi in maniera alternativa rispetto ai diversi approcci astrologici gi\u00e0 esistenti \u2013 mostra la sua carica di novit\u00e0 ed efficacia anche per la sua natura inclusiva e trasversale. L\u2019Astrologia evolutiva alchemica rivela infatti <em>le dodici chiavi della trasformazione<\/em> dell\u2019individuo, essenziali per comprendere e guarire la sua natura duale, e <em>le dodici vie alchemiche<\/em> per trasformare la personalit\u00e0 di ogni segno e permetterle di riconnettersi all\u2019anima. Scritto in maniera chiara e incisiva, questo libro \u00e8 direttamente fruibile dal neofita, che pu\u00f2 beneficiare in via immediata e autonoma delle informazioni teoriche e pratiche fornite, e al tempo stesso si rivela prezioso per chi gi\u00e0 si intende di astrologia, che in queste pagine potr\u00e0 trovare uno strumento per guardare con nuovi occhi le sue conoscenze e competenze, e potenziarne l\u2019efficacia.<\/p>\n<p><em>\u00abL\u2019astrologia evolutiva alchemica non \u00e8 uno strumento alternativo, da riservare a pochi, magari stanchi e delusi dalle \u201castrologie del mondo\u201d. Si tratta di una teoria astrologica che rivela le chiavi perdute (e risolutrici) a tutte quelle astrologie che si connettono in primo luogo all\u2019anima (e solo successivamente alla personalit\u00e0), recapitando a essa il pi\u00f9 importante messaggio che le stelle comunicano. L\u2019astrologia descritta in questo libro rivela le dodici chiavi della trasformazione dell\u2019individuo, le chiavi per comprendere e guarire la sua natura duale. Sono spiegate nel dettaglio dodici vie alchemiche, dodici percorsi evolutivi per trasformare la personalit\u00e0 di ogni segno zodiacale, e permetterle di riconnettersi all\u2019anima.<br \/>\nQuesto testo \u00e8 un contributo a tutti gli appassionati di astrologia e a tutti gli astrologi del mondo. \u00c8 un contributo all\u2019astrologia evolutiva, affinch\u00e9 evolva lei stessa e accolga questo \u201caggiornamento\u201d che a me \u00e8 arrivato in dono. Avendolo ricevuto in dono, come dono lo rioffro\u00bb<\/em>.<\/p>\n","protected":false},"excerpt":{"rendered":"<p>Il libro che offre un nuovo modo di connettersi alle stelle e di interpretare il significato che esse raccontano, rivelando <em>le dodici chiavi della trasformazione<\/em> dell\u2019individuo, essenziali per comprendere e guarire la sua natura duale, e <em>le dodici vie alchemiche<\/em> per trasformare la personalit\u00e0 di ogni segno e permetterle di riconnettersi all\u2019anima<\/p>\n","protected":false},"featured_media":7314,"template":"","meta":{"_acf_changed":false},"product_brand":[],"product_cat":[196,83,140],"product_tag":[],"class_list":{"0":"post-7313","1":"product","2":"type-product","3":"status-publish","4":"has-post-thumbnail","6":"product_cat-alessandro-pandolfi-cat","7":"product_cat-astrologia-cat","8":"product_cat-lanterne","10":"first","11":"instock","12":"shipping-taxable","13":"purchasable","14":"product-type-simple"},"acf":[],"_links":{"self":[{"href":"https:\/\/www.spaziointeriore.com\/casaeditrice\/wp-json\/wp\/v2\/product\/7313","targetHints":{"allow":["GET"]}}],"collection":[{"href":"https:\/\/www.spaziointeriore.com\/casaeditrice\/wp-json\/wp\/v2\/product"}],"about":[{"href":"https:\/\/www.spaziointeriore.com\/casaeditrice\/wp-json\/wp\/v2\/types\/product"}],"wp:featuredmedia":[{"embeddable":true,"href":"https:\/\/www.spaziointeriore.com\/casaeditrice\/wp-json\/wp\/v2\/media\/7314"}],"wp:attachment":[{"href":"https:\/\/www.spaziointeriore.com\/casaeditrice\/wp-json\/wp\/v2\/media?parent=7313"}],"wp:term":[{"taxonomy":"product_brand","embeddable":true,"href":"https:\/\/www.spaziointeriore.com\/casaeditrice\/wp-json\/wp\/v2\/product_brand?post=7313"},{"taxonomy":"product_cat","embeddable":true,"href":"https:\/\/www.spaziointeriore.com\/casaeditrice\/wp-json\/wp\/v2\/product_cat?post=7313"},{"taxonomy":"product_tag","embeddable":true,"href":"https:\/\/www.spaziointeriore.com\/casaeditrice\/wp-json\/wp\/v2\/product_tag?post=7313"}],"curies":[{"name":"wp","href":"https:\/\/api.w.org\/{rel}","templated":true}]}}