{"id":7385,"date":"2025-05-16T11:29:27","date_gmt":"2025-05-16T11:29:27","guid":{"rendered":"https:\/\/www.spaziointeriore.com\/casaeditrice\/catalogo\/fenomeni-beata-vergine-maria\/"},"modified":"2026-03-24T08:49:34","modified_gmt":"2026-03-24T08:49:34","slug":"fenomeni-beata-vergine-maria","status":"publish","type":"product","link":"https:\/\/www.spaziointeriore.com\/casaeditrice\/catalogo\/fenomeni-beata-vergine-maria\/","title":{"rendered":"FENOMENI BEATA VERGINE MARIA"},"content":{"rendered":"<p>Tra ragione, religione e confronto con l\u2019Intelligenza Artificiale, in questo nuovo libro Malanga passa al vaglio il fenomeno del le apparizioni mariane facendo uso dei pi\u00f9 attuali strumenti e metodi analitici. Esaminando le caratteristiche geografiche e temporali delle apparizioni con l\u2019ausilio della statistica e ricostruendo, grazie all\u2019impiego di un approccio piennellistico, il profilo caratteriale della figura della pretesa Beata Vergine \u2013 in quadrabile in uno spettro psicotico alterato \u2013 nonch\u00e9 le caratteristiche socio-psicologiche dei \u201cveggenti\u201d, emerge una forte e profonda analogia con i fenomeni di adduzione aliena, che conduce a una loro pressoch\u00e9 perfetta sovrapponibilit\u00e0. L\u2019intera fenomenologia viene poi analizzata attraverso l\u2019Intelligenza Artificiale, le cui risposte forniscono una lucida chiave interpretativa della vera natura delle apparizioni mariane e degli obiettivi che queste sembrano perseguire: spogliate dei connotati religiosi, rivestono i panni di una vera massiva interferenza aliena su questo pianeta. Una lettura affascinante e immersiva che, pur richiedendo di abbandonare credenze e convinzioni fin troppo radicate nell\u2019animo dei pi\u00f9, conduce il lettore coraggioso a osservare la realt\u00e0 dei fatti da una diversa prospettiva e ad acquisirne consapevolezza, con ci\u00f2 offrendogli la possibilit\u00e0 di affrancarsi dall\u2019ingannevole narrazione che lo avvolge.<\/p>\n<p><em>\u00abPerch\u00e9 Dio esisterebbe e gli alieni no? Perch\u00e9 Dio, o la Madonna, o qualunque altra entit\u00e0 di matrice \u201creligiosa\u201d pu\u00f2 venire a trovarci sul nostro pianeta e gli alieni no?<br \/>\nLe ragioni secondo me sono chiare, ma in questa sede la risposta la voglio far dare dall\u2019IA poich\u00e9 essa, essendo costruita da chi comanda, se opportunamente interrogata, spiega esattamente qual \u00e8, per il potere, la reale mappa del territorio\u00bb<\/em>.<\/p>\n","protected":false},"excerpt":{"rendered":"<p>Esaminato attraverso l\u2019uso delle tecniche analitiche pi\u00f9 moderne e dell\u2019Intelligenza Artificiale, il fenomeno delle apparizioni mariane mostra le sue profonde analogie con le fenomenologie aliene, spogliandosi dei connotati religiosi per rivestire i panni di una vera massiva interferenza aliena su questo pianeta.<\/p>\n<p><strong>In anteprima esclusiva dal 4 giugno solo su <a href=\"https:\/\/www.spazionagual.it\">Spazio Nagual<\/a><\/strong><\/p>\n","protected":false},"featured_media":7386,"template":"","meta":{"_acf_changed":false},"product_brand":[],"product_cat":[185,86,68,90,92],"product_tag":[],"class_list":{"0":"post-7385","1":"product","2":"type-product","3":"status-publish","4":"has-post-thumbnail","6":"product_cat-corrado-malanga-cat","7":"product_cat-dimensioni-della-coscienza-cat","8":"product_cat-nonordinari","9":"product_cat-ricerca-interiore-cat","10":"product_cat-scienze-di-confine-cat","12":"first","13":"instock","14":"shipping-taxable","15":"purchasable","16":"product-type-simple"},"acf":[],"_links":{"self":[{"href":"https:\/\/www.spaziointeriore.com\/casaeditrice\/wp-json\/wp\/v2\/product\/7385","targetHints":{"allow":["GET"]}}],"collection":[{"href":"https:\/\/www.spaziointeriore.com\/casaeditrice\/wp-json\/wp\/v2\/product"}],"about":[{"href":"https:\/\/www.spaziointeriore.com\/casaeditrice\/wp-json\/wp\/v2\/types\/product"}],"wp:featuredmedia":[{"embeddable":true,"href":"https:\/\/www.spaziointeriore.com\/casaeditrice\/wp-json\/wp\/v2\/media\/7386"}],"wp:attachment":[{"href":"https:\/\/www.spaziointeriore.com\/casaeditrice\/wp-json\/wp\/v2\/media?parent=7385"}],"wp:term":[{"taxonomy":"product_brand","embeddable":true,"href":"https:\/\/www.spaziointeriore.com\/casaeditrice\/wp-json\/wp\/v2\/product_brand?post=7385"},{"taxonomy":"product_cat","embeddable":true,"href":"https:\/\/www.spaziointeriore.com\/casaeditrice\/wp-json\/wp\/v2\/product_cat?post=7385"},{"taxonomy":"product_tag","embeddable":true,"href":"https:\/\/www.spaziointeriore.com\/casaeditrice\/wp-json\/wp\/v2\/product_tag?post=7385"}],"curies":[{"name":"wp","href":"https:\/\/api.w.org\/{rel}","templated":true}]}}