{"id":7509,"date":"2025-09-09T08:14:20","date_gmt":"2025-09-09T08:14:20","guid":{"rendered":"https:\/\/www.spaziointeriore.com\/casaeditrice\/catalogo\/puoi-guarire-chiunque\/"},"modified":"2026-03-24T10:45:48","modified_gmt":"2026-03-24T10:45:48","slug":"puoi-guarire-chiunque","status":"publish","type":"product","link":"https:\/\/www.spaziointeriore.com\/casaeditrice\/catalogo\/puoi-guarire-chiunque\/","title":{"rendered":"PUOI GUARIRE CHIUNQUE"},"content":{"rendered":"<p><em>Puoi guarire chiunque<\/em> \u00e8 un manuale di attivazione energetica e consapevolezza che fonde princ\u00ecpi spirituali con un approccio pragmatico alla guarigione. Dodson parte da una premessa troppo a lungo dimenticata: la capacit\u00e0 di guarire \u2013 se stessi e gli altri \u2013 non \u00e8 un dono riservato a pochi eletti, ma \u00e8 innata in ogni essere umano e accessibile a chiunque sia disposto a esercitarla. \u00c8 sempre stata e viene tuttora utilizzata istintivamente da madri premurose, veterinari, soldati che si prendono cura dei feriti, sacerdoti, guaritori energetici e da molti altri ancora. Non si tratta di magia n\u00e9 di tecniche complesse, ma semplicemente di intenzione, presenza, attenzione. \u00c8 il ritorno a ci\u00f2 che siamo. In un linguaggio chiaro e diretto, attraverso esempi concreti ed esercizi semplici ma potenti, Dodson ti guida a risvegliare e direzionare la tua energia guaritrice, illustrando come l\u2019energia dell\u2019attenzione, l\u2019intenzione focalizzata, la preghiera e il tocco consapevole possano concretamente agire come vettori di riequilibrio fisico, emotivo e mentale. Un invito audace e ispirante a riscoprire la tua capacit\u00e0 innata di guarire, rivolto sia a chi si avvicina per la prima volta alla guarigione energetica, sia a chi desidera approfondire la propria pratica con una prospettiva non dogmatica, autentica e profondamente efficace.<\/p>\n<p><em>\u00abQuando dissi che avrei pubblicato un libro dal titolo Puoi guarire chiunque qualcuno comment\u00f2: \u201ctu puoi guarire chiunque\u201d. Ma perch\u00e9 tanta sfiducia? La gente non sa chi \u00e8 veramente. Ecco perch\u00e9 non si verificano guarigioni nella loro vita. Se solo sapessi chi sei, non saresti cos\u00ec stupito delle tue doti di guaritore. Se invece \u201cguarire gli altri\u201d ti sembra impossibile, \u00e8 chiaro che ancora non ti conosci. Non sai qual \u00e8 la tua vera origine, n\u00e9 con quanto amore sei stato creato, o il vero motivo per cui ti trovi qui. Forse hai dimenticato queste cose, o hai ricevuto informazioni non corrette. La realt\u00e0 \u00e8 la seguente: puoi guarire qualsiasi persona usando la tua energia, il tuo pensiero, le tue emozioni e il tocco delle tue mani\u00bb<\/em>.<\/p>\n","protected":false},"excerpt":{"rendered":"<p>La capacit\u00e0 di guarire \u00e8 innata in ogni essere umano, e questo libro ti fornisce gli strumenti per apprendere come riattivarla e direzionarla per guarire chiunque, a partire da te stesso.<\/p>\n","protected":false},"featured_media":7510,"template":"","meta":{"_acf_changed":false},"product_brand":[],"product_cat":[86,171,95,68,90],"product_tag":[],"class_list":{"0":"post-7509","1":"product","2":"type-product","3":"status-publish","4":"has-post-thumbnail","6":"product_cat-dimensioni-della-coscienza-cat","7":"product_cat-frederick-e-dodson-cat","8":"product_cat-guarigione-olistica-cat","9":"product_cat-nonordinari","10":"product_cat-ricerca-interiore-cat","12":"first","13":"instock","14":"shipping-taxable","15":"purchasable","16":"product-type-simple"},"acf":[],"_links":{"self":[{"href":"https:\/\/www.spaziointeriore.com\/casaeditrice\/wp-json\/wp\/v2\/product\/7509","targetHints":{"allow":["GET"]}}],"collection":[{"href":"https:\/\/www.spaziointeriore.com\/casaeditrice\/wp-json\/wp\/v2\/product"}],"about":[{"href":"https:\/\/www.spaziointeriore.com\/casaeditrice\/wp-json\/wp\/v2\/types\/product"}],"wp:featuredmedia":[{"embeddable":true,"href":"https:\/\/www.spaziointeriore.com\/casaeditrice\/wp-json\/wp\/v2\/media\/7510"}],"wp:attachment":[{"href":"https:\/\/www.spaziointeriore.com\/casaeditrice\/wp-json\/wp\/v2\/media?parent=7509"}],"wp:term":[{"taxonomy":"product_brand","embeddable":true,"href":"https:\/\/www.spaziointeriore.com\/casaeditrice\/wp-json\/wp\/v2\/product_brand?post=7509"},{"taxonomy":"product_cat","embeddable":true,"href":"https:\/\/www.spaziointeriore.com\/casaeditrice\/wp-json\/wp\/v2\/product_cat?post=7509"},{"taxonomy":"product_tag","embeddable":true,"href":"https:\/\/www.spaziointeriore.com\/casaeditrice\/wp-json\/wp\/v2\/product_tag?post=7509"}],"curies":[{"name":"wp","href":"https:\/\/api.w.org\/{rel}","templated":true}]}}