{"id":7519,"date":"2025-10-06T13:08:28","date_gmt":"2025-10-06T13:08:28","guid":{"rendered":"https:\/\/www.spaziointeriore.com\/casaeditrice\/catalogo\/simbologia-di-chirone\/"},"modified":"2026-03-24T10:47:35","modified_gmt":"2026-03-24T10:47:35","slug":"simbologia-di-chirone","status":"publish","type":"product","link":"https:\/\/www.spaziointeriore.com\/casaeditrice\/catalogo\/simbologia-di-chirone\/","title":{"rendered":"SIMBOLOGIA DI CHIRONE"},"content":{"rendered":"<p>Chirone, il \u201cguaritore ferito\u201d, nel mito incarna la condizione umana: vulnerabile, divisa, ma capace di integrare le proprie ombre e trasformarle in luce. Scoperto solo nel 1977, questo piccolo corpo celeste \u00e8 ancora oggetto di studio, ma la sua presenza nel tema natale rivela immediatamente la ferita principale che ciascun individuo porta con s\u00e9, quella che, una volta riconosciuta, pu\u00f2 diventare fonte di guarigione, consapevolezza e trasformazione. Attraverso l\u2019analisi del suo mito, dei transiti, degli aspetti che forma con gli altri pianeti e della sua posizione nelle case astrologiche, Lidia Fassio ci offre una preziosa chiave di lettura di questo potente archetipo, accompagnandoci in un vero e proprio viaggio tra cielo e anima, dove Chirone si rivela il ponte tra la dimensione personale e quella transpersonale, tra Saturno e Urano, tra materia e spirito. In un\u2019epoca segnata da crisi profonde e cambiamenti radicali, le potenzialit\u00e0 chironiane donano nuova linfa all\u2019assunto fondamentale della psicologia junghiana secondo cui \u00abPi\u00f9 siamo in grado di risanare le nostre divisioni interne, pi\u00f9 la societ\u00e0 proceder\u00e0 nello stesso modo, alimentando sempre pi\u00f9 la parte di unione che quella di separazione\u00bb: Chirone ci offre infatti l\u2019opportunit\u00e0 di risanare le divisioni interiori e collettive, promuovendo un cambiamento di paradigma verso una maggiore consapevolezza e armonia che conduca l\u2019umanit\u00e0 verso una coscienza pi\u00f9 integrata e spirituale, in linea con i cambiamenti richiesti dall\u2019Era dell\u2019Acquario.<\/p>\n<p><em>\u00abChirone \u00e8 l\u2019energia che ci aiuta ad andare al di l\u00e0 dei limiti: fa da ponte tra Saturno e Urano, introducendoci alle energie transpersonali. \u00c8 una sorta di porta di accesso a un mondo che non \u00e8 pi\u00f9 soltanto materiale. Forse, grazie alle ispirazioni che giungono dalla parte transpersonale della nostra natura \u2013 quella che Chirone riconnette alla coscienza \u2013 potremo trovare nuovi modi, pi\u00f9 intelligenti di quelli finora utilizzati, per attuare trasformazioni autentiche che ci permettano di vivere in armonia e in pace; certo, questo richieder\u00e0 un cambiamento di paradigma, che aiuti le persone a comprendere che il problema nasce dagli individui e non dalla realt\u00e0 esterna, la quale non \u00e8 altro che un\u2019emanazione delle proprie paranoie. Se ogni individuo fosse in grado di assumersi la responsabilit\u00e0 nei confronti dei grandi problemi che affliggono il pianeta oggi, si aprirebbero veramente nuove prospettive, in grado di portare al di l\u00e0 dei pregiudizi e delle paure che hanno dominato l\u2019umanit\u00e0 per migliaia di anni\u00bb<\/em>.<\/p>\n","protected":false},"excerpt":{"rendered":"<p>Un viaggio nella simbologia astrologica di Chirone, per comprendere la ferita originaria e trasformarla in strumento di guarigione e consapevolezza.<\/p>\n","protected":false},"featured_media":7531,"template":"","meta":{"_acf_changed":false},"product_brand":[],"product_cat":[83,140,173],"product_tag":[],"class_list":{"0":"post-7519","1":"product","2":"type-product","3":"status-publish","4":"has-post-thumbnail","6":"product_cat-astrologia-cat","7":"product_cat-lanterne","8":"product_cat-lidia-fassio-cat","10":"first","11":"instock","12":"shipping-taxable","13":"purchasable","14":"product-type-simple"},"acf":[],"_links":{"self":[{"href":"https:\/\/www.spaziointeriore.com\/casaeditrice\/wp-json\/wp\/v2\/product\/7519","targetHints":{"allow":["GET"]}}],"collection":[{"href":"https:\/\/www.spaziointeriore.com\/casaeditrice\/wp-json\/wp\/v2\/product"}],"about":[{"href":"https:\/\/www.spaziointeriore.com\/casaeditrice\/wp-json\/wp\/v2\/types\/product"}],"wp:featuredmedia":[{"embeddable":true,"href":"https:\/\/www.spaziointeriore.com\/casaeditrice\/wp-json\/wp\/v2\/media\/7531"}],"wp:attachment":[{"href":"https:\/\/www.spaziointeriore.com\/casaeditrice\/wp-json\/wp\/v2\/media?parent=7519"}],"wp:term":[{"taxonomy":"product_brand","embeddable":true,"href":"https:\/\/www.spaziointeriore.com\/casaeditrice\/wp-json\/wp\/v2\/product_brand?post=7519"},{"taxonomy":"product_cat","embeddable":true,"href":"https:\/\/www.spaziointeriore.com\/casaeditrice\/wp-json\/wp\/v2\/product_cat?post=7519"},{"taxonomy":"product_tag","embeddable":true,"href":"https:\/\/www.spaziointeriore.com\/casaeditrice\/wp-json\/wp\/v2\/product_tag?post=7519"}],"curies":[{"name":"wp","href":"https:\/\/api.w.org\/{rel}","templated":true}]}}