{"id":7541,"date":"2025-11-16T17:14:03","date_gmt":"2025-11-16T17:14:03","guid":{"rendered":"https:\/\/www.spaziointeriore.com\/casaeditrice\/catalogo\/come-together\/"},"modified":"2026-03-24T10:50:30","modified_gmt":"2026-03-24T10:50:30","slug":"come-together","status":"publish","type":"product","link":"https:\/\/www.spaziointeriore.com\/casaeditrice\/catalogo\/come-together\/","title":{"rendered":"COME TOGETHER"},"content":{"rendered":"<p>Cosa succede al desiderio quando l\u2019infatuazione iniziale svanisce? Come si coltiva l\u2019intimit\u00e0 sessuale in una relazione che dura nel tempo? In <em>Come Together<\/em>, Emily Nagoski ci guida con empatia e ironia attraverso la scienza (e l\u2019arte!) della connessione sessuale duratura: con un approccio rivoluzionario, che fonde neuroscienze, psicologia e comprensione umana, smonta i miti sulla sessualit\u00e0 nelle relazioni a lungo termine \u2013 come l\u2019idea che il desiderio spontaneo sia l\u2019unico \u201cvero\u201d desiderio \u2013 e ci mostra che il vero fulcro del benessere sessuale sia il piacere, e non la frequenza o il desiderio. Tra le altre cose, l\u2019Autrice esplora in che modo il contesto emotivo e relazionale influenzi profondamente l\u2019esperienza sessuale, spiega la differenza tra desiderio spontaneo e reattivo, e perch\u00e9 entrambi siano pienamente validi, e propone delle strategie per creare un contesto condiviso favorevole al piacere, superando stress, insicurezze, blocchi emotivi e culturali legati alla sessualit\u00e0, fino a costruire una comunicazione autentica e libera da giudizi (e pre-giudizi). Con il suo stile diretto e coinvolgente, attraverso storie vere, esercizi pratici e intuizioni illuminanti, Emily Nagoski offre quindi strumenti concreti per comunicare meglio con il partner, comprendere la propria \u201cplanimetria emozionale\u201d e coltivare una sessualit\u00e0 che sia davvero autentica, gioiosa e sostenibile nel tempo. Dopo il successo internazionale di <em>Come as You Are<\/em>, <em>Come Together<\/em> \u00e8 un libro destinato a diventare un nuovo punto di riferimento per chi cerca relazioni sessuali pi\u00f9 autentiche e durature, un invito potente a riscoprire il piacere come atto di libert\u00e0 personale e cura reciproca.<\/p>\n<p><em>\u00abQual \u00e8 secondo te la chiave per un sesso fantastico a lungo termine? Il sesso fantastico in una relazione duratura non dipende da quanto desideri fare sesso o da quanto spesso lo fai. Non \u00e8 determinato neanche da cosa fai, in quale posizione, con chi o dove o con quali vestiti, e nemmeno da quanti orgasmi hai. Dipende dal fatto che ti piaccia o meno il sesso che stai facendo. Potresti essere in una relazione monogama o aperta, oppure potresti avere una relazione tripla, multipla o poliamorosa. Forse eri in una relazione a lungo termine in cui la connessione sessuale non \u00e8 durata, e vorresti capire perch\u00e9 \u00e8 successo e come impedirlo in futuro. Forse non sei ancora stata in una relazione duratura ma vorresti esserlo, un giorno, e vuoi sapere come costruire, sin da subito, una connessione sessuale che duri. Se sei un essere umano che vive in un corpo e vuoi saperne di pi\u00f9 sul fare del buon sesso, ottimo sesso, sesso spettacolare e sesso spaziale con un\u2019altra persona, e continuare a farlo a lungo termine, questo libro \u00e8 per te.<br \/>\nLa promessa di <em>Come Together<\/em> \u00e8 questa: imparerai come funziona il sesso a lungo termine nella vita reale, come crearlo nella tua vita e cosa fare quando insorgono difficolt\u00e0, che sicuramente sorgeranno.<br \/>\nInizia la prima pagina del capitolo 1 ricordandoti: \u201cNon sono sbagliata\u201d. Nessuna di noi \u00e8 sbagliata o difettosa. Stiamo tutte facendo del nostro meglio con le risorse imperfette a nostra disposizione in questo mondo imperfetto\u00bb<\/em>.<\/p>\n","protected":false},"excerpt":{"rendered":"<p>Una guida brillante e accessibile che, attraverso storie vere, esercizi pratici e intuizioni illuminanti, offre strumenti concreti per migliorare la comunicazione di coppia e coltivare una sessualit\u00e0 che duri nel tempo e che sia realmente autentica, gioiosa e sostenibile.<\/p>\n","protected":false},"featured_media":7567,"template":"","meta":{"_acf_changed":false},"product_brand":[],"product_cat":[193,95,141,93],"product_tag":[],"class_list":{"0":"post-7541","1":"product","2":"type-product","3":"status-publish","4":"has-post-thumbnail","6":"product_cat-emily-nagoski-cat","7":"product_cat-guarigione-olistica-cat","8":"product_cat-luxor","9":"product_cat-sessualita-cat","11":"first","12":"instock","13":"shipping-taxable","14":"purchasable","15":"product-type-simple"},"acf":[],"_links":{"self":[{"href":"https:\/\/www.spaziointeriore.com\/casaeditrice\/wp-json\/wp\/v2\/product\/7541","targetHints":{"allow":["GET"]}}],"collection":[{"href":"https:\/\/www.spaziointeriore.com\/casaeditrice\/wp-json\/wp\/v2\/product"}],"about":[{"href":"https:\/\/www.spaziointeriore.com\/casaeditrice\/wp-json\/wp\/v2\/types\/product"}],"wp:featuredmedia":[{"embeddable":true,"href":"https:\/\/www.spaziointeriore.com\/casaeditrice\/wp-json\/wp\/v2\/media\/7567"}],"wp:attachment":[{"href":"https:\/\/www.spaziointeriore.com\/casaeditrice\/wp-json\/wp\/v2\/media?parent=7541"}],"wp:term":[{"taxonomy":"product_brand","embeddable":true,"href":"https:\/\/www.spaziointeriore.com\/casaeditrice\/wp-json\/wp\/v2\/product_brand?post=7541"},{"taxonomy":"product_cat","embeddable":true,"href":"https:\/\/www.spaziointeriore.com\/casaeditrice\/wp-json\/wp\/v2\/product_cat?post=7541"},{"taxonomy":"product_tag","embeddable":true,"href":"https:\/\/www.spaziointeriore.com\/casaeditrice\/wp-json\/wp\/v2\/product_tag?post=7541"}],"curies":[{"name":"wp","href":"https:\/\/api.w.org\/{rel}","templated":true}]}}