{"id":7617,"date":"2025-12-03T09:28:29","date_gmt":"2025-12-03T09:28:29","guid":{"rendered":"https:\/\/www.spaziointeriore.com\/casaeditrice\/catalogo\/il-libro-della-giustizia\/"},"modified":"2026-03-24T10:57:17","modified_gmt":"2026-03-24T10:57:17","slug":"il-libro-della-giustizia","status":"publish","type":"product","link":"https:\/\/www.spaziointeriore.com\/casaeditrice\/catalogo\/il-libro-della-giustizia\/","title":{"rendered":"IL LIBRO DELLA GIUSTIZIA"},"content":{"rendered":"<p>Cosa significa davvero \u201cgiustizia\u201d? \u00c8 solo una questione di regole e punizioni, o pu\u00f2 diventare un\u2019esperienza interiore, una via di trasformazione? Ne <em>Il libro della giustizia<\/em>, Andrea Panatta torna a dialogare con i suoi maestri invisibili, in un viaggio profondo e vibrante che attraversa dolore, senso di colpa, perdono e risveglio.<br \/>\nDopo <em>Il libro della grandezza<\/em>, Panatta ci conduce in un nuovo percorso di esplorazione spirituale, nato in un tempo di isolamento e crisi globale: il lockdown, la perdita della madre, le tensioni familiari e il senso di ingiustizia diventano il terreno fertile per interrogarsi sul significato pi\u00f9 autentico della giustizia. Attraverso visioni, conversazioni con i maestri invisibili e riflessioni intense, ci invita a guardare oltre le apparenze, a riconoscere il potere del \u201cDio interiore\u201d e a lasciarci guidare da quella voce silenziosa che abita in ciascuno di noi. Questo libro non offre risposte facili, n\u00e9 soluzioni dogmatiche, ma \u00e8 un invito a lasciar andare le narrazioni del passato, a smettere di cercare maestri esterni e a riconoscere la propria regalit\u00e0 interiore. Pagine intime, evocative e profondamente umane, in cui il singolo ha l\u2019opportunit\u00e0 di rispecchiarsi e ritrovarsi nel collettivo, superando il senso di solitudine e nel rispetto della sua unicit\u00e0. \u00c8 un testo che vibra, che interroga, che risveglia, e che a ogni lettura \u2013 e rilettura \u2013 svela nuovi significati, porta nuovi messaggi, regala nuove intuizioni accompagnandoci sempre pi\u00f9 vicino al nucleo pi\u00f9 profondo di noi stessi.<\/p>\n<p><em>\u00abDevi arrenderti al passato, a ci\u00f2 che \u00e8 stato, smettere di cercare di rimediare, cos\u00ec come smettere di incolpare. E devi guardare al futuro, come ti abbiamo spiegato, mettere un\u2019immagine numinosa nel tuo futuro. Farla crescere e nutrirla. Per ci\u00f2 che riguarda la giustizia \u00e8 lo stesso: quando subite un\u2019ingiustizia perdete larga parte della vostra energia a guardare quello che vi \u00e8 successo e a stare nel passato, ma gli occhi sottili dovrebbero essere rivolti in avanti a progettare nell\u2019invisibile il modo di far trionfare il proprio Dio interiore e le sue visioni. Quelli che non lo fanno ti diranno che devi tenerti il tuo bagaglio di colpe passate come fanno loro, non reggono il fatto che qualcuno riesca ove loro non osano nemmeno provare ad avventurarsi. Quindi cercheranno di dissuaderti, ti diranno che \u00e8 giusto che tu soffra per le tue colpe, che \u00e8 sano avere rimorsi e sensi di colpa. Ti diranno che \u00e8 umano avere nostalgie, mancanze, attaccamenti ai fantasmi di ci\u00f2 che c\u2019era un tempo. Ma mentono. Non \u00e8 umano e non \u00e8 normale, perch\u00e9 la vostra natura, la vostra grandezza \u00e8 qualcosa di totalmente diverso. Potete vivere senza tutto questo fardello, anche se sbagliate, anche se vi perdete\u00bb<\/em>.<\/p>\n","protected":false},"excerpt":{"rendered":"<p>Un nuovo dialogo con i maestri invisibili, in cui Andrea Panatta, trasformando la crisi in ricerca di equilibrio, esplora la giustizia come cammino interiore di consapevolezza, perdono e rinascita spirituale.<\/p>\n","protected":false},"featured_media":7618,"template":"","meta":{"_acf_changed":false},"product_brand":[],"product_cat":[153,140,54,90],"product_tag":[],"class_list":{"0":"post-7617","1":"product","2":"type-product","3":"status-publish","4":"has-post-thumbnail","6":"product_cat-andrea-panatta-cat","7":"product_cat-lanterne","8":"product_cat-novita","9":"product_cat-ricerca-interiore-cat","11":"first","12":"instock","13":"shipping-taxable","14":"purchasable","15":"product-type-simple"},"acf":[],"_links":{"self":[{"href":"https:\/\/www.spaziointeriore.com\/casaeditrice\/wp-json\/wp\/v2\/product\/7617","targetHints":{"allow":["GET"]}}],"collection":[{"href":"https:\/\/www.spaziointeriore.com\/casaeditrice\/wp-json\/wp\/v2\/product"}],"about":[{"href":"https:\/\/www.spaziointeriore.com\/casaeditrice\/wp-json\/wp\/v2\/types\/product"}],"wp:featuredmedia":[{"embeddable":true,"href":"https:\/\/www.spaziointeriore.com\/casaeditrice\/wp-json\/wp\/v2\/media\/7618"}],"wp:attachment":[{"href":"https:\/\/www.spaziointeriore.com\/casaeditrice\/wp-json\/wp\/v2\/media?parent=7617"}],"wp:term":[{"taxonomy":"product_brand","embeddable":true,"href":"https:\/\/www.spaziointeriore.com\/casaeditrice\/wp-json\/wp\/v2\/product_brand?post=7617"},{"taxonomy":"product_cat","embeddable":true,"href":"https:\/\/www.spaziointeriore.com\/casaeditrice\/wp-json\/wp\/v2\/product_cat?post=7617"},{"taxonomy":"product_tag","embeddable":true,"href":"https:\/\/www.spaziointeriore.com\/casaeditrice\/wp-json\/wp\/v2\/product_tag?post=7617"}],"curies":[{"name":"wp","href":"https:\/\/api.w.org\/{rel}","templated":true}]}}