{"id":7687,"date":"2026-02-04T15:50:27","date_gmt":"2026-02-04T15:50:27","guid":{"rendered":"https:\/\/www.spaziointeriore.com\/casaeditrice\/catalogo\/la-radice-ignorata-dei-mali-dellanima-e-del-mondo\/"},"modified":"2026-05-04T09:55:26","modified_gmt":"2026-05-04T09:55:26","slug":"la-radice-ignorata-dei-mali-dellanima-e-del-mondo","status":"publish","type":"product","link":"https:\/\/www.spaziointeriore.com\/casaeditrice\/catalogo\/la-radice-ignorata-dei-mali-dellanima-e-del-mondo\/","title":{"rendered":"LA RADICE IGNORATA DEI MALI DELL&#8217;ANIMA E DEL MONDO"},"content":{"rendered":"<p>In un mondo sempre pi\u00f9 frammentato e in crisi, questo libro ci invita a guardare oltre le apparenze e a riconoscere le cause profonde del nostro malessere individuale e collettivo. Naranjo propone qui una riflessione radicale: la radice ultima \u2013 e ignorata \u2013 dei mali del nostro mondo \u00e8 la societ\u00e0 patriarcale e, sottesa a tale struttura in tutte le civilt\u00e0, quella che lui definisce la mente patriarcale, ossia una condizione al tempo stesso intrapsichica e culturale; un complesso processo di degrado della coscienza, che implica un\u2019autorit\u00e0 violenta e comporta mancanza di amore, addomesticazione della nostra natura spontanea e disconnessione dal nostro \u201cnavigatore\u201d intuitivo, con conseguente perdita della comprensione profonda di chi siamo. Naranjo dimostra come la mente patriarcale sia alla base delle patologie individuali, che si costituiscono come diverse forme alternative di adattamento individuale alla mente patriarcale sistemica: venendo educati in una mentalit\u00e0 siffatta, questa si riproduce in ognuno di noi in modo tale che proprio noi stessi, in quanto suoi agenti, finiamo con l\u2019essere il vero problema del mondo. \u00c8 dunque evidente che per sanare la societ\u00e0 non sar\u00e0 mai sufficiente intraprendere azioni politico-economiche, ma si dovr\u00e0 innanzitutto procedere a una trasformazione curativa della mente individuale, comprendendo non solo il modo in cui il patriarcato ha influenzato la nostra vita, ma anche \u2013 e soprattutto \u2013 in che modo, in quanto portatori dello spirito patriarcale, contribuiamo al male nel mondo. Naranjo traccia dunque la strada per consentirci di trascendere la mente patriarcale, fornendoci validi strumenti \u2013 come l\u2019Enneagramma e l\u2019analisi degli enneatipi \u2013 per osservarci con lucido coraggio e profonda autenticit\u00e0. E nel restituire a ciascuno di noi la sua parte di responsabilit\u00e0 dei mali del mondo, ci fa il dono pi\u00f9 prezioso: il potere di guarire la nostra anima, e con essa il mondo in cui viviamo.<\/p>\n<p><em>\u00abIn questo libro sostengo che la civilt\u00e0, lungi dall\u2019essere il massimo trionfo dell\u2019evoluzione dell\u2019umanit\u00e0, sia stata piuttosto la causa di quell\u2019insieme di problemi collettivi su cui hanno riflettuto, uno dopo l\u2019altro, Rousseau, Nietzsche, la Scuola di Francoforte, il Club di Roma e i numerosi commentatori della crisi sempre pi\u00f9 profonda ed evidente dell\u2019umanit\u00e0 contemporanea, che oggi distrugge il nostro ambiente, le nostre culture, le persone e i valori. E affermo che questa crisi non \u00e8 il risultato di qualcosa che si sia aggiunto alla civilt\u00e0, come una sua complicazione, bens\u00ec il risultato dell\u2019obsolescenza della sua struttura fondamentale. Ma qual \u00e8 questa struttura centrale che accomuna tutte le civilt\u00e0? Potremmo semplicemente dire \u201cil patriarcato\u201d, se non fosse che n\u00e9 gli antropologi n\u00e9 la comunit\u00e0 hanno denunciato lo spirito patriarcale come il male fondamentale della civilt\u00e0. Dobbiamo quindi essere pi\u00f9 specifici o espliciti nella spiegazione di ci\u00f2 che intendiamo per patriarcato\u00bb<\/em>.<\/p>\n","protected":false},"excerpt":{"rendered":"<p>Una critica lucida e profonda alla civilt\u00e0 moderna: Naranjo svela le radici culturali e psicologiche della sofferenza umana e invita a una trasformazione interiore e collettiva.<\/p>\n","protected":false},"featured_media":7688,"template":"","meta":{"_acf_changed":false},"product_brand":[],"product_cat":[194,95,68,54,89],"product_tag":[],"class_list":{"0":"post-7687","1":"product","2":"type-product","3":"status-publish","4":"has-post-thumbnail","6":"product_cat-claudio-naranjo-cat","7":"product_cat-guarigione-olistica-cat","8":"product_cat-nonordinari","9":"product_cat-novita","10":"product_cat-psicologia-transpersonale-cat","12":"first","13":"instock","14":"shipping-taxable","15":"purchasable","16":"product-type-simple"},"acf":[],"_links":{"self":[{"href":"https:\/\/www.spaziointeriore.com\/casaeditrice\/wp-json\/wp\/v2\/product\/7687","targetHints":{"allow":["GET"]}}],"collection":[{"href":"https:\/\/www.spaziointeriore.com\/casaeditrice\/wp-json\/wp\/v2\/product"}],"about":[{"href":"https:\/\/www.spaziointeriore.com\/casaeditrice\/wp-json\/wp\/v2\/types\/product"}],"wp:featuredmedia":[{"embeddable":true,"href":"https:\/\/www.spaziointeriore.com\/casaeditrice\/wp-json\/wp\/v2\/media\/7688"}],"wp:attachment":[{"href":"https:\/\/www.spaziointeriore.com\/casaeditrice\/wp-json\/wp\/v2\/media?parent=7687"}],"wp:term":[{"taxonomy":"product_brand","embeddable":true,"href":"https:\/\/www.spaziointeriore.com\/casaeditrice\/wp-json\/wp\/v2\/product_brand?post=7687"},{"taxonomy":"product_cat","embeddable":true,"href":"https:\/\/www.spaziointeriore.com\/casaeditrice\/wp-json\/wp\/v2\/product_cat?post=7687"},{"taxonomy":"product_tag","embeddable":true,"href":"https:\/\/www.spaziointeriore.com\/casaeditrice\/wp-json\/wp\/v2\/product_tag?post=7687"}],"curies":[{"name":"wp","href":"https:\/\/api.w.org\/{rel}","templated":true}]}}