{"id":7737,"date":"2026-03-12T09:28:34","date_gmt":"2026-03-12T09:28:34","guid":{"rendered":"https:\/\/www.spaziointeriore.com\/casaeditrice\/catalogo\/psichiatria-transpersonale\/"},"modified":"2026-04-04T15:33:29","modified_gmt":"2026-04-04T15:33:29","slug":"psichiatria-transpersonale","status":"publish","type":"product","link":"https:\/\/www.spaziointeriore.com\/casaeditrice\/catalogo\/psichiatria-transpersonale\/","title":{"rendered":"PSICHIATRIA TRANSPERSONALE"},"content":{"rendered":"<p><em>Psichiatria Transpersonale<\/em> \u00e8 un\u2019opera audace e profonda che propone una visione rivoluzionaria della sofferenza mentale. Maddaloni, psichiatra e terapeuta, ci guida in un viaggio che integra scienza, spiritualit\u00e0 e stati non ordinari di coscienza, offrendo una lettura trasformativa dei disturbi psichici. Ispirato alla <em>Divina Commedia<\/em>, il libro invita a considerare la crisi psichiatrica come un percorso iniziatico, dove il terapeuta \u00e8 guida e il paziente viandante, ed esplora le crisi psichiatriche come opportunit\u00e0 evolutive, distinguendo tra patologia e risveglio spirituale e introducendo un modello clinico basato su identit\u00e0, energia e risposta dell\u2019Io. Attraverso casi clinici, riferimenti teorici e strumenti diagnostici, l\u2019Autore affronta disturbi come depressione, doc, psicosi e sindrome Kundalini, offrendo una classificazione alternativa e una terapia centrata sulla coscienza del terapeuta e sull\u2019ascolto energetico. Un testo ricco, accessibile e visionario, che parla al cuore e alla mente offrendo nuove prospettive su cura, coscienza e senso della sofferenza.<\/p>\n<p><em>\u00abLa psichiatria transpersonale vuole recuperare una visione pi\u00f9 ampia e integrata della sofferenza e della cura, che tenga conto della complessit\u00e0 dell\u2019esperienza umana e del potenziale trasformativo insito nelle crisi. Essa apre la strada a una nuova psichiatria, una psichiatria del futuro, una psichiatria cosciente. Non si tratta di un\u2019utopia, ma di una chiamata a ripensare la clinica psichiatrica come luogo di confluenza tra scienza e spiritualit\u00e0, che collaborano per trasformare le crisi in svolte evolutive, a ripensarle come un\u2019arte, un\u2019arte sacra\u00bb<\/em>.<\/p>\n","protected":false},"excerpt":{"rendered":"<p>Una nuova visione della sofferenza mentale: Maddaloni esplora la crisi psichiatrica come risveglio spirituale e propone una terapia fondata su coscienza, energia e trasformazione.<\/p>\n","protected":false},"featured_media":7738,"template":"","meta":{"_acf_changed":false},"product_brand":[],"product_cat":[281,95,68,54,89],"product_tag":[],"class_list":{"0":"post-7737","1":"product","2":"type-product","3":"status-publish","4":"has-post-thumbnail","6":"product_cat-claudio-maddaloni-cat","7":"product_cat-guarigione-olistica-cat","8":"product_cat-nonordinari","9":"product_cat-novita","10":"product_cat-psicologia-transpersonale-cat","12":"first","13":"instock","14":"shipping-taxable","15":"purchasable","16":"product-type-simple"},"acf":[],"_links":{"self":[{"href":"https:\/\/www.spaziointeriore.com\/casaeditrice\/wp-json\/wp\/v2\/product\/7737","targetHints":{"allow":["GET"]}}],"collection":[{"href":"https:\/\/www.spaziointeriore.com\/casaeditrice\/wp-json\/wp\/v2\/product"}],"about":[{"href":"https:\/\/www.spaziointeriore.com\/casaeditrice\/wp-json\/wp\/v2\/types\/product"}],"wp:featuredmedia":[{"embeddable":true,"href":"https:\/\/www.spaziointeriore.com\/casaeditrice\/wp-json\/wp\/v2\/media\/7738"}],"wp:attachment":[{"href":"https:\/\/www.spaziointeriore.com\/casaeditrice\/wp-json\/wp\/v2\/media?parent=7737"}],"wp:term":[{"taxonomy":"product_brand","embeddable":true,"href":"https:\/\/www.spaziointeriore.com\/casaeditrice\/wp-json\/wp\/v2\/product_brand?post=7737"},{"taxonomy":"product_cat","embeddable":true,"href":"https:\/\/www.spaziointeriore.com\/casaeditrice\/wp-json\/wp\/v2\/product_cat?post=7737"},{"taxonomy":"product_tag","embeddable":true,"href":"https:\/\/www.spaziointeriore.com\/casaeditrice\/wp-json\/wp\/v2\/product_tag?post=7737"}],"curies":[{"name":"wp","href":"https:\/\/api.w.org\/{rel}","templated":true}]}}