{"id":7784,"date":"2026-04-17T07:25:26","date_gmt":"2026-04-17T07:25:26","guid":{"rendered":"https:\/\/www.spaziointeriore.com\/casaeditrice\/?post_type=product&#038;p=7784"},"modified":"2026-04-17T07:27:44","modified_gmt":"2026-04-17T07:27:44","slug":"lego-e-loro","status":"publish","type":"product","link":"https:\/\/www.spaziointeriore.com\/casaeditrice\/catalogo\/lego-e-loro\/","title":{"rendered":"L\u2019EGO E L\u2019ORO"},"content":{"rendered":"<p class=\"p1\">Quando Crist\u00f3bal viene rinchiuso in un carcere cileno per saldare un vecchio debito con la giustizia, questa esperienza diventa la porta di accesso a un viaggio nella memoria che lo riporta a quando era ancora il piccolo Axel, bambino la cui formazione artistica non gli imped\u00ec di trasformarsi in un abile ladro, metafora del rapporto con l\u2019ego e il denaro. Crist\u00f3bal e Axel vivono dunque il loro personale viaggio dell\u2019eroe, poich\u00e9 in realt\u00e0 sono la stessa persona: il protagonista di una confessione travolgente, piena di umorismo e tenerezza. Armato di un insolito arsenale fatto di Tarocchi, psicomagia, teatro e sciamanesimo, l\u2019autore affronta i propri demoni e impara a danzare persino con il pi\u00f9 terrificante di tutti: suo padre.<\/p>\n<p class=\"p1\">Crist\u00f3bal Jodorowsky ha avuto un\u2019infanzia segnata da profondi traumi, che ha deciso di esplorare a fondo, e la sua vita straordinaria lo ha portato a incarnare come nessun altro l\u2019archetipo di Chirone, il guaritore ferito che, cercando la propria guarigione, finisce per offrirla al mondo. <i>L\u2019ego e l\u2019oro<\/i> intreccia episodi concreti con riflessioni psicologiche e spirituali, mostrando come le ferite del passato possano trasformarsi in strumenti di consapevolezza: non \u00e8 quindi un semplice memoir, ma un viaggio di trasformazione che ci offre innumerevoli indizi sulla relazione tra anima, ego e coscienza, un invito a interrogarci sui nostri meccanismi interiori, sul valore attribuito al successo e al possesso, e sul significato autentico della libert\u00e0 personale. La scrittura di Crist\u00f3bal \u00e8 oceanica e tempestosa, piena di tesori che ha deciso di condividere in queste pagine prima che si perdessero con l\u2019ultimo respiro della sua vita poetica. Un libro sul processo di trasformazione dall\u2019ego alla coscienza. Un trattato psicomagico sul denaro, la crescita personale e i rituali per la prosperit\u00e0.<\/p>\n<p class=\"p1\"><i>\u00abAd oggi, cosa posso dire di questo mio ego? Che ne sono ancora stufo! Posso dire di essere diventato illuminato? Per niente! Mi percepisco in costante trasformazione, sempre due passi avanti e uno indietro. A volte cammino sull\u2019orlo del precipizio, ma senza la paura di cadere. Perch\u00e9, anche se la vita dovesse lasciarmi, il mio impegno \u00e8 quello di far evolvere l\u2019ego, di cavalcare la tigre, di metterla definitivamente al mio servizio. Ogni giorno, dal primo all\u2019ultimo respiro, lavoro per trasformarmi in un essere umano migliore, che si accetta cos\u00ec com\u2019\u00e8 e che, allo stesso tempo, si impegna in un processo continuo. E tutto questo non ha altro merito che quello di diventare un esempio di lavoro su se stessi e di amorevole autosostentamento, servendo cos\u00ec da specchio ad altri che vogliono seguirmi in questa guerra santa, l\u2019unica che vale la pena di combattere\u00bb. <\/i>Crist\u00f3bal Jodorowsky<\/p>\n","protected":false},"excerpt":{"rendered":"<p class=\"p1\">In questo memoir coinvolgente e commovente, Crist\u00f3bal Jodorowsky, tra ironia, spiritualit\u00e0 e psicomagia, trasforma ricordi e ferite in strumenti di crescita e guarigione.<\/p>\n","protected":false},"featured_media":7785,"template":"","meta":{"_acf_changed":false},"product_brand":[],"product_cat":[284,53,142],"product_tag":[],"class_list":{"0":"post-7784","1":"product","2":"type-product","3":"status-publish","4":"has-post-thumbnail","6":"product_cat-cristobal-jodorowsky-cat","7":"product_cat-in-arrivo","8":"product_cat-portali","10":"first","11":"instock","12":"shipping-taxable","13":"purchasable","14":"product-type-simple"},"acf":[],"_links":{"self":[{"href":"https:\/\/www.spaziointeriore.com\/casaeditrice\/wp-json\/wp\/v2\/product\/7784","targetHints":{"allow":["GET"]}}],"collection":[{"href":"https:\/\/www.spaziointeriore.com\/casaeditrice\/wp-json\/wp\/v2\/product"}],"about":[{"href":"https:\/\/www.spaziointeriore.com\/casaeditrice\/wp-json\/wp\/v2\/types\/product"}],"wp:featuredmedia":[{"embeddable":true,"href":"https:\/\/www.spaziointeriore.com\/casaeditrice\/wp-json\/wp\/v2\/media\/7785"}],"wp:attachment":[{"href":"https:\/\/www.spaziointeriore.com\/casaeditrice\/wp-json\/wp\/v2\/media?parent=7784"}],"wp:term":[{"taxonomy":"product_brand","embeddable":true,"href":"https:\/\/www.spaziointeriore.com\/casaeditrice\/wp-json\/wp\/v2\/product_brand?post=7784"},{"taxonomy":"product_cat","embeddable":true,"href":"https:\/\/www.spaziointeriore.com\/casaeditrice\/wp-json\/wp\/v2\/product_cat?post=7784"},{"taxonomy":"product_tag","embeddable":true,"href":"https:\/\/www.spaziointeriore.com\/casaeditrice\/wp-json\/wp\/v2\/product_tag?post=7784"}],"curies":[{"name":"wp","href":"https:\/\/api.w.org\/{rel}","templated":true}]}}